{"id":7250,"date":"0205-08-15T13:21:38","date_gmt":"0205-08-15T13:21:38","guid":{"rendered":"https:\/\/obradeteatro.com\/politica-de-privacitat\/"},"modified":"2025-08-21T16:09:17","modified_gmt":"2025-08-21T16:09:17","slug":"politica-de-privacitat","status":"publish","type":"page","link":"https:\/\/obradeteatro.com\/ca\/politica-de-privacitat\/","title":{"rendered":"Pol\u00edtica de Privadesa"},"content":{"rendered":"\r\n<h1 class=\"wp-block-heading\">Privadesa &#8211; Pol\u00edtica de cookies<\/h1>\r\n<p>Aquest lloc utilitza cookies, petits arxius de text que es col\u00b7loquen a la m\u00e0quina per ajudar el lloc a brindar una millor experi\u00e8ncia dusuari. En general, les galetes s&#8217;utilitzen per retenir les prefer\u00e8ncies de l&#8217;usuari, emmagatzemar informaci\u00f3 per a coses com carrets de compres i proporcionar dades de seguiment an\u00f2nims a aplicacions de tercers com Google Analytics. Com a regla general, les galetes milloraran la vostra experi\u00e8ncia de navegaci\u00f3. No obstant aix\u00f2, \u00e9s possible que preferiu deshabilitar les galetes en aquest lloc i en altres. La manera m\u00e9s efectiva de fer aix\u00f2 \u00e9s deshabilitar les galetes al vostre navegador. Suggerim consultar la secci\u00f3 d&#8217;Ajuda del vostre navegador o fer una ullada al lloc web Sobre les galetes, que ofereix orientaci\u00f3 per a tots els navegadors moderns.<\/p>\r\n<p><strong>El nostre \u00fas espec\u00edfic de cookies:<\/strong><\/p>\r\n<p><strong>Funcionalitat<\/strong>: Utilitzem cookies per emmagatzemar les prefer\u00e8ncies del vostre lloc. Aix\u00f2 pot incloure on ho va deixar en una galeria o v\u00eddeo, o el fet que va acceptar les galetes. Ens permet oferir una millor experi\u00e8ncia de navegaci\u00f3.<\/p>\r\n<p><strong>An\u00e0lisi<\/strong>: Utilitzem el sistema dan\u00e0lisi de Automatic (a trav\u00e9s de WordPress.com i el seu servei Jetpack). No emmagatzema informaci\u00f3 personal i \u00e9s estrictament per brindar-nos informaci\u00f3 b\u00e0sica i an\u00f2nima sobre els nostres usuaris per dissenyar i mantenir millor el nostre lloc web. Informaci\u00f3 rastrejada per les nostres an\u00e0lisis:<\/p>\r\n<ul>\r\n<li>Vistes de publicacions i p\u00e0gines<\/li>\r\n<li>Reproduccions de v\u00eddeo (quan estan allotjades al nostre lloc; les incrustacions de YouTube o Vimeo s\u00f3n manejades pel sistema d&#8217;an\u00e0lisi)<\/li>\r\n<li>Clics en enlla\u00e7os sortints<\/li>\r\n<li>URL de refer\u00e8ncia i termes del motor de cerca<\/li>\r\n<li>Pa\u00eds<\/li>\r\n<\/ul>\r\n<p><br \/>El sistema d&#8217;an\u00e0lisi de Automatic utilitza dades com l&#8217;adre\u00e7a IP, ID d&#8217;usuari de WordPress.com (si heu iniciat sessi\u00f3), nom d&#8217;usuari de WordPress.com (si heu iniciat sessi\u00f3), agent d&#8217;usuari, URL de visita, URL de refer\u00e8ncia, marca de temps de l&#8217;esdeveniment, idioma del navegador i codi de pa\u00eds per proporcionar les seves an\u00e0lisis. Tot i aix\u00f2, cap d&#8217;aquesta informaci\u00f3 est\u00e0 disponible per als propietaris del lloc (\u00e9s a dir, Obra de Teatre i Ivan Mart\u00edn). Per exemple, el propietari d&#8217;un lloc pot veure que una publicaci\u00f3 espec\u00edfica t\u00e9 285 vistes, per\u00f2 no podeu veure quins usuaris o comptes espec\u00edfics van veure aquesta publicaci\u00f3. A m\u00e9s, els registres on emmagatzemen aquesta informaci\u00f3 nom\u00e9s es conserven durant 28 dies. Podeu veure la vostra pol\u00edtica de cookies completa, inclosos els elements que no s&#8217;apliquen a aquest lloc web aqu\u00ed: <a href=\"https:\/\/automattic.com\/cookies\/\">Pol\u00edtica de cookies<\/a>.<\/p>\r\n<p><strong>De la Pol\u00edtica de Privadesa d&#8217;Automatic<\/strong><\/p>\r\n<h3>Activitat<\/h3>\r\n<p>Aquesta funci\u00f3 nom\u00e9s registra les activitats dels usuaris registrats d&#8217;un lloc i la durada de la retenci\u00f3 de les dades d&#8217;activitat dependr\u00e0 del pla i tipus d&#8217;activitat del lloc.<\/p>\r\n<p><strong>Dades utilitzades<\/strong>:\u00a0per brindar aquesta funcionalitat i registrar activitats relacionades amb l&#8217;administraci\u00f3 del lloc, es captura la informaci\u00f3 seg\u00fcent: adre\u00e7a de correu electr\u00f2nic de l&#8217;usuari, funci\u00f3 de l&#8217;usuari, inici de sessi\u00f3 de l&#8217;usuari, nom per mostrar de l&#8217;usuari, WordPress.com i ID d&#8217;usuari local, l&#8217;activitat que es registrar\u00e0, el WordPress.com ID de lloc connectat a .com del lloc on es troba la . temps de lactivitat. Algunes activitats tamb\u00e9 poden incloure l&#8217;adre\u00e7a IP de l&#8217;actor (intents d&#8217;inici de sessi\u00f3, per exemple) i l&#8217;agent d&#8217;usuari.<\/p>\r\n<p><strong>Activitat rastrejada<\/strong>: intents\/accions d&#8217;inici de sessi\u00f3, accions de publicaci\u00f3 i actualitzaci\u00f3 de publicacions i p\u00e0gines, accions d&#8217;administraci\u00f3 i enviament de comentaris\/pingback, accions d&#8217;administraci\u00f3 de complements i temes, actualitzacions de ginys, accions d&#8217;administraci\u00f3 d&#8217;usuaris i la modificaci\u00f3 d&#8217;altres configuracions i opcions del lloc. La durada de la retenci\u00f3 de dades d&#8217;activitat dep\u00e8n del pla del lloc i del tipus d&#8217;activitat.<\/p>\r\n<p><a href=\"https:\/\/jetpackme.wordpress.com\/support\/activity-log\/#data-retention\">Consulteu la llista completa d&#8217;activitats registrades actualment (juntament amb la informaci\u00f3 de retenci\u00f3)<\/a>.<\/p>\r\n<p><strong>Dades sincronitzades (<a href=\"https:\/\/jetpack.com\/support\/what-data-does-jetpack-sync\/\">?<\/a>)<\/strong>: intents d&#8217;inici de sessi\u00f3 amb \u00e8xit i fallits, que inclouran l&#8217;adre\u00e7a IP de l&#8217;actor i l&#8217;agent d&#8217;usuari.<\/p>\r\n<h3>Compartir<\/h3>\r\n<p><strong>Dades utilitzades<\/strong>: al compartir contingut per correu electr\u00f2nic (aquesta opci\u00f3 nom\u00e9s est\u00e0 disponible si\u00a0<a href=\"https:\/\/akismet.com\/\">Akismet<\/a> est\u00e0 actiu al lloc), s&#8217;utilitza la seg\u00fcent informaci\u00f3: nom i adre\u00e7a de correu electr\u00f2nic de la part que comparteix (si l&#8217;usuari ha iniciat sessi\u00f3, aquesta informaci\u00f3 s&#8217;extraur\u00e0 directament del vostre compte), adre\u00e7a IP (per a verificaci\u00f3 de correu no desitjat), agent d&#8217;usuari (per a verificaci\u00f3 de correu no desitjat). Aquest contingut s&#8217;enviar\u00e0 a <a href=\"https:\/\/akismet.com\/\">Akismet<\/a> (tamb\u00e9 propietat de <a href=\"https:\/\/automattic.com\/\">Automattic<\/a>) perqu\u00e8 es pugui realitzar una verificaci\u00f3 d&#8217;spam. A m\u00e9s, si <a href=\"http:\/\/www.google.com\/recaptcha\">reCAPTCHA<\/a> (de Google) est\u00e0 habilitat pel propietari del lloc, l&#8217;adre\u00e7a IP de la part que comparteix es compartir\u00e0 amb aquest servei. Podeu trobar la pol\u00edtica de privadesa de Google <a href=\"https:\/\/www.google.com\/policies\/privacy\/\">aqu\u00ed<\/a>.<\/p>\r\n<p><strong>Anuncis i xarxes socials<\/strong>: els nostres enlla\u00e7os per compartir a xarxes socials s\u00f3n enlla\u00e7os directes i no provenen de servidors de tercers. Si no feu clic als enlla\u00e7os, els serveis no tindran acc\u00e9s a vost\u00e8 ni la capacitat de rastrejar-lo de cap manera ni seran informats de la seva exist\u00e8ncia. Notar\u00e0 que s\u00f3n enlla\u00e7os simples en qu\u00e8 es pot fer clic i, per tant, no envien la informaci\u00f3 simplement a trav\u00e9s de la seva navegaci\u00f3 al nostre lloc.<\/p>\r\n<ul>\r\n<li><strong>Xarxes socials vinculades a<\/strong>: Facebook, Instagram, Twitter<\/li>\r\n<\/ul>\r\n<p><strong>Tercers i contingut de plataformes externes<\/strong>: les incrustacions o widgets inclosos al nostre lloc us permeten veure contingut allotjat en plataformes externes dins de les p\u00e0gines del nostre lloc web i interactuar amb ells. Ja que poden recopilar dades de tr\u00e0nsit de les p\u00e0gines on sinclouen, fins i tot quan els Visitants no les utilitzen. Si els incloem en el futur, inclourem la informaci\u00f3 aqu\u00ed.<\/p>\r\n<p><strong>Sistema de reserves i altres registres<\/strong>: el nostre sistema de reserves i registres, encara que desenvolupat per un tercer, s&#8217;instal\u00b7la i s&#8217;executa localment al nostre servidor, de manera que la seva informaci\u00f3 personal de reserves i\/o registres no es lliura ni es ven a ning\u00fa, mai. Si registreu una reserva o registreu la vostra informaci\u00f3, el vostre compte i les vostres dades personals s&#8217;emmagatzemen al nostre servidor i estan subjectes a les lleis de privadesa d&#8217;Espanya. No tenim acc\u00e9s a les teves dades, excepte les que ens hagis facilitat per a l&#8217;\u00fas espec\u00edfic de reservar una sessi\u00f3 o contactar amb nosaltres, i aquestes dades seran tractades de conformitat amb la llei.<\/p>\r\n<h3>Informaci\u00f3 del propietari del lloc<\/h3>\r\n<p>Obra de Teatro.com &#8211; Ivan Mart\u00edn<br \/>07590 Cala Rajada, Baleares, Espa\u00f1a<\/p>\r\n<p>Contacta amb ObradeTeatro.com i Ivan Mart\u00edn a trav\u00e9s del nostre formulari de contacte <a href=\"https:\/\/obradeteatro.com\/ca\/contacte-i-encarrecs\/\">aqu\u00ed<\/a>.<\/p>\r\n","protected":false},"excerpt":{"rendered":"<p>Privadesa &#8211; Pol\u00edtica de cookies Aquest lloc utilitza cookies, petits arxius de text que es col\u00b7loquen a la m\u00e0quina per ajudar el lloc a brindar una millor experi\u00e8ncia dusuari. En general, les galetes s&#8217;utilitzen per retenir les prefer\u00e8ncies de l&#8217;usuari, emmagatzemar informaci\u00f3 per a coses com carrets de compres i proporcionar dades de seguiment an\u00f2nims [&hellip;]<\/p>\n","protected":false},"author":1,"featured_media":0,"parent":0,"menu_order":0,"comment_status":"closed","ping_status":"closed","template":"","meta":{"_themeisle_gutenberg_block_has_review":false,"footnotes":""},"class_list":["post-7250","page","type-page","status-publish","hentry"],"yoast_head":"<!-- This site is optimized with the Yoast SEO plugin v26.0 - https:\/\/yoast.com\/wordpress\/plugins\/seo\/ -->\n<title>Pol\u00edtica de Privadesa - Obra de Teatro.com<\/title>\n<meta name=\"description\" content=\"La nostra pol\u00edtica de privadesa exposa les condicions i normes que seguim en l&#039;\u00fas de galetes i d&#039;informaci\u00f3 del web...\" \/>\n<meta name=\"robots\" content=\"index, follow, max-snippet:-1, max-image-preview:large, max-video-preview:-1\" \/>\n<link rel=\"canonical\" href=\"https:\/\/obradeteatro.com\/ca\/politica-de-privacitat\/\" \/>\n<meta property=\"og:locale\" content=\"ca_ES\" \/>\n<meta property=\"og:type\" content=\"article\" \/>\n<meta property=\"og:title\" content=\"Pol\u00edtica de Privadesa - Obra de Teatro.com\" \/>\n<meta property=\"og:description\" content=\"La nostra pol\u00edtica de privadesa exposa les condicions i normes que seguim en l&#039;\u00fas de galetes i d&#039;informaci\u00f3 del web...\" \/>\n<meta property=\"og:url\" content=\"https:\/\/obradeteatro.com\/ca\/politica-de-privacitat\/\" \/>\n<meta property=\"og:site_name\" content=\"Obra de Teatro.com\" \/>\n<meta property=\"article:publisher\" content=\"https:\/\/www.facebook.com\/profile.php?id=61574978804537\" \/>\n<meta property=\"article:modified_time\" content=\"2025-08-21T16:09:17+00:00\" \/>\n<meta name=\"twitter:card\" content=\"summary_large_image\" \/>\n<meta name=\"twitter:label1\" content=\"Temps estimat de lectura\" \/>\n\t<meta name=\"twitter:data1\" content=\"5 minuts\" \/>\n<script type=\"application\/ld+json\" class=\"yoast-schema-graph\">{\"@context\":\"https:\/\/schema.org\",\"@graph\":[{\"@type\":\"WebPage\",\"@id\":\"https:\/\/obradeteatro.com\/ca\/politica-de-privacitat\/\",\"url\":\"https:\/\/obradeteatro.com\/ca\/politica-de-privacitat\/\",\"name\":\"Pol\u00edtica de Privadesa - Obra de Teatro.com\",\"isPartOf\":{\"@id\":\"https:\/\/obradeteatro.com\/ca\/#website\"},\"datePublished\":\"0205-08-15T13:21:38+00:00\",\"dateModified\":\"2025-08-21T16:09:17+00:00\",\"description\":\"La nostra pol\u00edtica de privadesa exposa les condicions i normes que seguim en l'\u00fas de galetes i d'informaci\u00f3 del web...\",\"breadcrumb\":{\"@id\":\"https:\/\/obradeteatro.com\/ca\/politica-de-privacitat\/#breadcrumb\"},\"inLanguage\":\"ca\",\"potentialAction\":[{\"@type\":\"ReadAction\",\"target\":[\"https:\/\/obradeteatro.com\/ca\/politica-de-privacitat\/\"]}]},{\"@type\":\"BreadcrumbList\",\"@id\":\"https:\/\/obradeteatro.com\/ca\/politica-de-privacitat\/#breadcrumb\",\"itemListElement\":[{\"@type\":\"ListItem\",\"position\":1,\"name\":\"Home\",\"item\":\"https:\/\/obradeteatro.com\/ca\/inici\/\"},{\"@type\":\"ListItem\",\"position\":2,\"name\":\"Pol\u00edtica de Privadesa\"}]},{\"@type\":\"WebSite\",\"@id\":\"https:\/\/obradeteatro.com\/ca\/#website\",\"url\":\"https:\/\/obradeteatro.com\/ca\/\",\"name\":\"Obra de Teatro.com\",\"description\":\"\",\"publisher\":{\"@id\":\"https:\/\/obradeteatro.com\/ca\/#organization\"},\"potentialAction\":[{\"@type\":\"SearchAction\",\"target\":{\"@type\":\"EntryPoint\",\"urlTemplate\":\"https:\/\/obradeteatro.com\/ca\/?s={search_term_string}\"},\"query-input\":{\"@type\":\"PropertyValueSpecification\",\"valueRequired\":true,\"valueName\":\"search_term_string\"}}],\"inLanguage\":\"ca\"},{\"@type\":\"Organization\",\"@id\":\"https:\/\/obradeteatro.com\/ca\/#organization\",\"name\":\"Obra de Teatro.com\",\"url\":\"https:\/\/obradeteatro.com\/ca\/\",\"logo\":{\"@type\":\"ImageObject\",\"inLanguage\":\"ca\",\"@id\":\"https:\/\/obradeteatro.com\/ca\/#\/schema\/logo\/image\/\",\"url\":\"https:\/\/obradeteatro.com\/wp-content\/uploads\/2025\/05\/logo_obradeteatro_1.png\",\"contentUrl\":\"https:\/\/obradeteatro.com\/wp-content\/uploads\/2025\/05\/logo_obradeteatro_1.png\",\"width\":1200,\"height\":668,\"caption\":\"Obra de Teatro.com\"},\"image\":{\"@id\":\"https:\/\/obradeteatro.com\/ca\/#\/schema\/logo\/image\/\"},\"sameAs\":[\"https:\/\/www.facebook.com\/profile.php?id=61574978804537\",\"https:\/\/www.instagram.com\/obradeteatroivanmartin\"]}]}<\/script>\n<!-- \/ Yoast SEO plugin. -->","yoast_head_json":{"title":"Pol\u00edtica de Privadesa - Obra de Teatro.com","description":"La nostra pol\u00edtica de privadesa exposa les condicions i normes que seguim en l'\u00fas de galetes i d'informaci\u00f3 del web...","robots":{"index":"index","follow":"follow","max-snippet":"max-snippet:-1","max-image-preview":"max-image-preview:large","max-video-preview":"max-video-preview:-1"},"canonical":"https:\/\/obradeteatro.com\/ca\/politica-de-privacitat\/","og_locale":"ca_ES","og_type":"article","og_title":"Pol\u00edtica de Privadesa - Obra de Teatro.com","og_description":"La nostra pol\u00edtica de privadesa exposa les condicions i normes que seguim en l'\u00fas de galetes i d'informaci\u00f3 del web...","og_url":"https:\/\/obradeteatro.com\/ca\/politica-de-privacitat\/","og_site_name":"Obra de Teatro.com","article_publisher":"https:\/\/www.facebook.com\/profile.php?id=61574978804537","article_modified_time":"2025-08-21T16:09:17+00:00","twitter_card":"summary_large_image","twitter_misc":{"Temps estimat de lectura":"5 minuts"},"schema":{"@context":"https:\/\/schema.org","@graph":[{"@type":"WebPage","@id":"https:\/\/obradeteatro.com\/ca\/politica-de-privacitat\/","url":"https:\/\/obradeteatro.com\/ca\/politica-de-privacitat\/","name":"Pol\u00edtica de Privadesa - Obra de Teatro.com","isPartOf":{"@id":"https:\/\/obradeteatro.com\/ca\/#website"},"datePublished":"0205-08-15T13:21:38+00:00","dateModified":"2025-08-21T16:09:17+00:00","description":"La nostra pol\u00edtica de privadesa exposa les condicions i normes que seguim en l'\u00fas de galetes i d'informaci\u00f3 del web...","breadcrumb":{"@id":"https:\/\/obradeteatro.com\/ca\/politica-de-privacitat\/#breadcrumb"},"inLanguage":"ca","potentialAction":[{"@type":"ReadAction","target":["https:\/\/obradeteatro.com\/ca\/politica-de-privacitat\/"]}]},{"@type":"BreadcrumbList","@id":"https:\/\/obradeteatro.com\/ca\/politica-de-privacitat\/#breadcrumb","itemListElement":[{"@type":"ListItem","position":1,"name":"Home","item":"https:\/\/obradeteatro.com\/ca\/inici\/"},{"@type":"ListItem","position":2,"name":"Pol\u00edtica de Privadesa"}]},{"@type":"WebSite","@id":"https:\/\/obradeteatro.com\/ca\/#website","url":"https:\/\/obradeteatro.com\/ca\/","name":"Obra de Teatro.com","description":"","publisher":{"@id":"https:\/\/obradeteatro.com\/ca\/#organization"},"potentialAction":[{"@type":"SearchAction","target":{"@type":"EntryPoint","urlTemplate":"https:\/\/obradeteatro.com\/ca\/?s={search_term_string}"},"query-input":{"@type":"PropertyValueSpecification","valueRequired":true,"valueName":"search_term_string"}}],"inLanguage":"ca"},{"@type":"Organization","@id":"https:\/\/obradeteatro.com\/ca\/#organization","name":"Obra de Teatro.com","url":"https:\/\/obradeteatro.com\/ca\/","logo":{"@type":"ImageObject","inLanguage":"ca","@id":"https:\/\/obradeteatro.com\/ca\/#\/schema\/logo\/image\/","url":"https:\/\/obradeteatro.com\/wp-content\/uploads\/2025\/05\/logo_obradeteatro_1.png","contentUrl":"https:\/\/obradeteatro.com\/wp-content\/uploads\/2025\/05\/logo_obradeteatro_1.png","width":1200,"height":668,"caption":"Obra de Teatro.com"},"image":{"@id":"https:\/\/obradeteatro.com\/ca\/#\/schema\/logo\/image\/"},"sameAs":["https:\/\/www.facebook.com\/profile.php?id=61574978804537","https:\/\/www.instagram.com\/obradeteatroivanmartin"]}]}},"jetpack_sharing_enabled":true,"_links":{"self":[{"href":"https:\/\/obradeteatro.com\/ca\/wp-json\/wp\/v2\/pages\/7250","targetHints":{"allow":["GET"]}}],"collection":[{"href":"https:\/\/obradeteatro.com\/ca\/wp-json\/wp\/v2\/pages"}],"about":[{"href":"https:\/\/obradeteatro.com\/ca\/wp-json\/wp\/v2\/types\/page"}],"author":[{"embeddable":true,"href":"https:\/\/obradeteatro.com\/ca\/wp-json\/wp\/v2\/users\/1"}],"replies":[{"embeddable":true,"href":"https:\/\/obradeteatro.com\/ca\/wp-json\/wp\/v2\/comments?post=7250"}],"version-history":[{"count":11,"href":"https:\/\/obradeteatro.com\/ca\/wp-json\/wp\/v2\/pages\/7250\/revisions"}],"predecessor-version":[{"id":7539,"href":"https:\/\/obradeteatro.com\/ca\/wp-json\/wp\/v2\/pages\/7250\/revisions\/7539"}],"wp:attachment":[{"href":"https:\/\/obradeteatro.com\/ca\/wp-json\/wp\/v2\/media?parent=7250"}],"curies":[{"name":"wp","href":"https:\/\/api.w.org\/{rel}","templated":true}]}}