{"id":7251,"date":"2025-08-15T13:38:44","date_gmt":"2025-08-15T13:38:44","guid":{"rendered":"https:\/\/obradeteatro.com\/contacte-i-encarrecs\/"},"modified":"2025-08-20T09:30:46","modified_gmt":"2025-08-20T09:30:46","slug":"contacte-i-encarrecs","status":"publish","type":"page","link":"https:\/\/obradeteatro.com\/ca\/contacte-i-encarrecs\/","title":{"rendered":"Contacte i Enc\u00e0rrecs"},"content":{"rendered":"\t\t<div data-elementor-type=\"wp-page\" data-elementor-id=\"7251\" class=\"elementor elementor-7251 elementor-2336\">\n\t\t\t\t<div class=\"elementor-element elementor-element-6f2e158 e-grid e-con-boxed e-con e-parent\" data-id=\"6f2e158\" data-element_type=\"container\">\n\t\t\t\t\t<div class=\"e-con-inner\">\n\t\t\t\t\t<\/div>\n\t\t\t\t<\/div>\n\t\t<div class=\"elementor-element elementor-element-a598c66 e-grid e-con-boxed e-con e-parent\" data-id=\"a598c66\" data-element_type=\"container\">\n\t\t\t\t\t<div class=\"e-con-inner\">\n\t\t\t\t\t<\/div>\n\t\t\t\t<\/div>\n\t\t\t\t<section class=\"elementor-section elementor-top-section elementor-element elementor-element-525e22d qodef-elementor-content-grid elementor-section-boxed elementor-section-height-default elementor-section-height-default\" data-id=\"525e22d\" data-element_type=\"section\">\n\t\t\t\t\t\t<div class=\"elementor-container elementor-column-gap-default\">\n\t\t\t\t\t<div class=\"elementor-column elementor-col-100 elementor-top-column elementor-element elementor-element-14f8bcf\" data-id=\"14f8bcf\" data-element_type=\"column\">\n\t\t\t<div class=\"elementor-widget-wrap elementor-element-populated\">\n\t\t\t\t\t\t<div class=\"elementor-element elementor-element-2ecaa7d elementor-widget elementor-widget-belletrist_core_section_title\" data-id=\"2ecaa7d\" data-element_type=\"widget\" data-widget_type=\"belletrist_core_section_title.default\">\n\t\t\t\t<div class=\"elementor-widget-container\">\n\t\t\t\t\t<div class=\"qodef-shortcode qodef-m  qodef-section-title qodef-alignment--left \">\n\t\t<p class=\"qodef-m-tagline\" style=\"color: #6A5921\">Contacto y Encargos<\/p>\n\t\t<h1 class=\"qodef-m-title\" style=\"color: #000000\">\n\t\t\t\t\t\u00bfB\u00fascas una obra particular?\t\t\t<\/h1>\n\t\t<span class=\"qodef-m-separator\" style=\"margin-top: 19px\"><\/span>\n\t<\/div>\t\t\t\t<\/div>\n\t\t\t\t<\/div>\n\t\t\t\t<div class=\"elementor-element elementor-element-8c45fa2 elementor-widget elementor-widget-text-editor\" data-id=\"8c45fa2\" data-element_type=\"widget\" data-widget_type=\"text-editor.default\">\n\t\t\t\t<div class=\"elementor-widget-container\">\n\t\t\t\t\t\t\t\t\t<p class=\"p1\">Busques una obra especial per a la teva escola, hotel o projecte?<\/p><p>Contactar amb nosaltres \u00e9s molt f\u00e0cil. Simplement omple el formulari amb la teva informaci\u00f3 i ens posarem en contacte amb tu tan aviat com sigui possible. Si necessites una obra o alguna edici\u00f3 que no estigui disponible al nostre web, contacta&#8217;ns.   <\/p><p>Gr\u00e0cies pel teu inter\u00e8s en les obres de teatre d&#8217;Ivan Mart\u00edn. <\/p>\t\t\t\t\t\t\t\t<\/div>\n\t\t\t\t<\/div>\n\t\t\t\t\t<\/div>\n\t\t<\/div>\n\t\t\t\t\t<\/div>\n\t\t<\/section>\n\t\t\t\t<section class=\"elementor-section elementor-top-section elementor-element elementor-element-af9a03e qodef-elementor-content-grid elementor-section-boxed elementor-section-height-default elementor-section-height-default\" data-id=\"af9a03e\" data-element_type=\"section\">\n\t\t\t\t\t\t<div class=\"elementor-container elementor-column-gap-default\">\n\t\t\t\t\t<div class=\"elementor-column elementor-col-100 elementor-top-column elementor-element elementor-element-817b373\" data-id=\"817b373\" data-element_type=\"column\">\n\t\t\t<div class=\"elementor-widget-wrap\">\n\t\t\t\t\t\t\t<\/div>\n\t\t<\/div>\n\t\t\t\t\t<\/div>\n\t\t<\/section>\n\t\t\t\t<section class=\"elementor-section elementor-top-section elementor-element elementor-element-055ff80 qodef-elementor-content-grid elementor-reverse-tablet elementor-reverse-mobile elementor-section-boxed elementor-section-height-default elementor-section-height-default\" data-id=\"055ff80\" data-element_type=\"section\">\n\t\t\t\t\t\t<div class=\"elementor-container elementor-column-gap-default\">\n\t\t\t\t\t<div class=\"elementor-column elementor-col-50 elementor-top-column elementor-element elementor-element-a06f2f6\" data-id=\"a06f2f6\" data-element_type=\"column\">\n\t\t\t<div class=\"elementor-widget-wrap elementor-element-populated\">\n\t\t\t\t\t\t<div class=\"elementor-element elementor-element-592961f elementor-widget elementor-widget-belletrist_core_section_title\" data-id=\"592961f\" data-element_type=\"widget\" data-widget_type=\"belletrist_core_section_title.default\">\n\t\t\t\t<div class=\"elementor-widget-container\">\n\t\t\t\t\t<div class=\"qodef-shortcode qodef-m  qodef-section-title qodef-alignment--left \">\n\t\t\t<h2 class=\"qodef-m-title\" style=\"color: #000000\">\n\t\t\t\t\tEnv\u00eda un mensaje\t\t\t<\/h2>\n\t\t<\/div>\t\t\t\t<\/div>\n\t\t\t\t<\/div>\n\t\t\t\t<div class=\"elementor-element elementor-element-544086e elementor-widget elementor-widget-wp-widget-belletrist_core_contact_form_7\" data-id=\"544086e\" data-element_type=\"widget\" data-widget_type=\"wp-widget-belletrist_core_contact_form_7.default\">\n\t\t\t\t<div class=\"elementor-widget-container\">\n\t\t\t\t\t\t\t\t<div class=\"qodef-contact-form-7\">\n\t\t\t\t\n<div class=\"wpcf7 no-js\" id=\"wpcf7-f7293-o1\" lang=\"ca\" dir=\"ltr\" data-wpcf7-id=\"7293\">\n<div class=\"screen-reader-response\"><p role=\"status\" aria-live=\"polite\" aria-atomic=\"true\"><\/p> <ul><\/ul><\/div>\n<form action=\"\/ca\/wp-json\/wp\/v2\/pages\/7251#wpcf7-f7293-o1\" method=\"post\" class=\"wpcf7-form init\" aria-label=\"Formulari de contacte\" novalidate=\"novalidate\" data-status=\"init\">\n<fieldset class=\"hidden-fields-container\"><input type=\"hidden\" name=\"_wpcf7\" value=\"7293\" \/><input type=\"hidden\" name=\"_wpcf7_version\" value=\"6.1.1\" \/><input type=\"hidden\" name=\"_wpcf7_locale\" value=\"ca\" \/><input type=\"hidden\" name=\"_wpcf7_unit_tag\" value=\"wpcf7-f7293-o1\" \/><input type=\"hidden\" name=\"_wpcf7_container_post\" value=\"0\" \/><input type=\"hidden\" name=\"_wpcf7_posted_data_hash\" value=\"\" \/>\n<\/fieldset>\n<div class=\"wpcf7-turnstile cf-turnstile\" data-sitekey=\"0x4AAAAAABq90YSp-2A-HYF4\" data-response-field-name=\"_wpcf7_turnstile_response\"><\/div>\n\n<label> El teu nom (obligatori)\n    <span class=\"wpcf7-form-control-wrap\" data-name=\"your-name\"><input size=\"40\" maxlength=\"400\" class=\"wpcf7-form-control wpcf7-text wpcf7-validates-as-required\" aria-required=\"true\" aria-invalid=\"false\" value=\"\" type=\"text\" name=\"your-name\" \/><\/span> <\/label>\n\n<label> El teu correu electr\u00f2nic (obligatori)\n    <span class=\"wpcf7-form-control-wrap\" data-name=\"your-email\"><input size=\"40\" maxlength=\"400\" class=\"wpcf7-form-control wpcf7-email wpcf7-validates-as-required wpcf7-text wpcf7-validates-as-email\" aria-required=\"true\" aria-invalid=\"false\" value=\"\" type=\"email\" name=\"your-email\" \/><\/span> <\/label>\n\n<label> Assumpte (obligatori)\n    <span class=\"wpcf7-form-control-wrap\" data-name=\"your-subject\"><input size=\"40\" maxlength=\"400\" class=\"wpcf7-form-control wpcf7-text wpcf7-validates-as-required\" aria-required=\"true\" aria-invalid=\"false\" value=\"\" type=\"text\" name=\"your-subject\" \/><\/span> <\/label>\n\n<label> El teu missatge (obligatori)\n    <span class=\"wpcf7-form-control-wrap\" data-name=\"your-message\"><textarea cols=\"40\" rows=\"10\" maxlength=\"2000\" class=\"wpcf7-form-control wpcf7-textarea wpcf7-validates-as-required\" aria-required=\"true\" aria-invalid=\"false\" name=\"your-message\"><\/textarea><\/span> <\/label>\n\n<button class=\"wpcf7-form-control wpcf7-submit qodef-button qodef-size--normal qodef-layout--outlined qodef-m\" type=\"submit\"><span class=\"qodef-m-text\">Enviar<\/span><\/button><p style=\"display: none !important;\" class=\"akismet-fields-container\" data-prefix=\"_wpcf7_ak_\"><label>&#916;<textarea name=\"_wpcf7_ak_hp_textarea\" cols=\"45\" rows=\"8\" maxlength=\"100\"><\/textarea><\/label><input type=\"hidden\" id=\"ak_js_1\" name=\"_wpcf7_ak_js\" value=\"108\"\/><script>document.getElementById( \"ak_js_1\" ).setAttribute( \"value\", ( new Date() ).getTime() );<\/script><\/p><div class=\"wpcf7-response-output\" aria-hidden=\"true\"><\/div>\n<\/form>\n<\/div>\n\t\t\t<\/div>\n\t\t\t\t\t\t\t<\/div>\n\t\t\t\t<\/div>\n\t\t\t\t\t<\/div>\n\t\t<\/div>\n\t\t\t\t<div class=\"elementor-column elementor-col-50 elementor-top-column elementor-element elementor-element-f5c0121\" data-id=\"f5c0121\" data-element_type=\"column\">\n\t\t\t<div class=\"elementor-widget-wrap elementor-element-populated\">\n\t\t\t\t\t\t<div class=\"elementor-element elementor-element-4ca989c elementor-widget elementor-widget-image\" data-id=\"4ca989c\" data-element_type=\"widget\" data-widget_type=\"image.default\">\n\t\t\t\t<div class=\"elementor-widget-container\">\n\t\t\t\t\t\t\t\t\t\t\t\t\t\t\t<img fetchpriority=\"high\" decoding=\"async\" width=\"1024\" height=\"1024\" src=\"https:\/\/obradeteatro.com\/wp-content\/uploads\/2025\/05\/Quill-pen-people-earth-image.jpg\" class=\"attachment-large size-large wp-image-7235\" alt=\"Quill pen growth and people image\" srcset=\"https:\/\/obradeteatro.com\/wp-content\/uploads\/2025\/05\/Quill-pen-people-earth-image.jpg 1024w, https:\/\/obradeteatro.com\/wp-content\/uploads\/2025\/05\/Quill-pen-people-earth-image-300x300.jpg 300w, https:\/\/obradeteatro.com\/wp-content\/uploads\/2025\/05\/Quill-pen-people-earth-image-150x150.jpg 150w, https:\/\/obradeteatro.com\/wp-content\/uploads\/2025\/05\/Quill-pen-people-earth-image-768x768.jpg 768w, https:\/\/obradeteatro.com\/wp-content\/uploads\/2025\/05\/Quill-pen-people-earth-image-650x650.jpg 650w, https:\/\/obradeteatro.com\/wp-content\/uploads\/2025\/05\/Quill-pen-people-earth-image-600x600.jpg 600w, https:\/\/obradeteatro.com\/wp-content\/uploads\/2025\/05\/Quill-pen-people-earth-image-100x100.jpg 100w\" sizes=\"(max-width: 1024px) 100vw, 1024px\" \/>\t\t\t\t\t\t\t\t\t\t\t\t\t\t\t<\/div>\n\t\t\t\t<\/div>\n\t\t\t\t\t<\/div>\n\t\t<\/div>\n\t\t\t\t\t<\/div>\n\t\t<\/section>\n\t\t\t\t<\/div>\n\t\t","protected":false},"excerpt":{"rendered":"<p>Contacto y Encargos \u00bfB\u00fascas una obra particular? Busques una obra especial per a la teva escola, hotel o projecte? Contactar amb nosaltres \u00e9s molt f\u00e0cil. Simplement omple el formulari amb la teva informaci\u00f3 i ens posarem en contacte amb tu tan aviat com sigui possible. Si necessites una obra o alguna edici\u00f3 que no estigui [&hellip;]<\/p>\n","protected":false},"author":1,"featured_media":7244,"parent":0,"menu_order":0,"comment_status":"closed","ping_status":"closed","template":"","meta":{"_themeisle_gutenberg_block_has_review":false,"footnotes":""},"class_list":["post-7251","page","type-page","status-publish","has-post-thumbnail","hentry"],"yoast_head":"<!-- This site is optimized with the Yoast SEO plugin v26.0 - https:\/\/yoast.com\/wordpress\/plugins\/seo\/ -->\n<title>Contacte i Enc\u00e0rrecs - Obra de Teatro.com<\/title>\n<meta name=\"description\" content=\"Contactar amb nosaltres \u00e9s molt f\u00e0cil. Tens preguntes que no s\u00f3n a les nostres FAQ? Posa&#039;t en contacte utilitzant el formulari...\" \/>\n<meta name=\"robots\" content=\"index, follow, max-snippet:-1, max-image-preview:large, max-video-preview:-1\" \/>\n<link rel=\"canonical\" href=\"https:\/\/obradeteatro.com\/ca\/contacte-i-encarrecs\/\" \/>\n<meta property=\"og:locale\" content=\"ca_ES\" \/>\n<meta property=\"og:type\" content=\"article\" \/>\n<meta property=\"og:title\" content=\"Contacte i Enc\u00e0rrecs - Obra de Teatro.com\" \/>\n<meta property=\"og:description\" content=\"Contactar amb nosaltres \u00e9s molt f\u00e0cil. Tens preguntes que no s\u00f3n a les nostres FAQ? Posa&#039;t en contacte utilitzant el formulari...\" \/>\n<meta property=\"og:url\" content=\"https:\/\/obradeteatro.com\/ca\/contacte-i-encarrecs\/\" \/>\n<meta property=\"og:site_name\" content=\"Obra de Teatro.com\" \/>\n<meta property=\"article:publisher\" content=\"https:\/\/www.facebook.com\/profile.php?id=61574978804537\" \/>\n<meta property=\"article:modified_time\" content=\"2025-08-20T09:30:46+00:00\" \/>\n<meta property=\"og:image\" content=\"https:\/\/obradeteatro.com\/wp-content\/uploads\/2025\/07\/Contact-AI-Image-Wide.jpg\" \/>\n\t<meta property=\"og:image:width\" content=\"1024\" \/>\n\t<meta property=\"og:image:height\" content=\"529\" \/>\n\t<meta property=\"og:image:type\" content=\"image\/jpeg\" \/>\n<meta name=\"twitter:card\" content=\"summary_large_image\" \/>\n<meta name=\"twitter:label1\" content=\"Temps estimat de lectura\" \/>\n\t<meta name=\"twitter:data1\" content=\"1 minut\" \/>\n<script type=\"application\/ld+json\" class=\"yoast-schema-graph\">{\"@context\":\"https:\/\/schema.org\",\"@graph\":[{\"@type\":\"WebPage\",\"@id\":\"https:\/\/obradeteatro.com\/ca\/contacte-i-encarrecs\/\",\"url\":\"https:\/\/obradeteatro.com\/ca\/contacte-i-encarrecs\/\",\"name\":\"Contacte i Enc\u00e0rrecs - Obra de Teatro.com\",\"isPartOf\":{\"@id\":\"https:\/\/obradeteatro.com\/ca\/#website\"},\"primaryImageOfPage\":{\"@id\":\"https:\/\/obradeteatro.com\/ca\/contacte-i-encarrecs\/#primaryimage\"},\"image\":{\"@id\":\"https:\/\/obradeteatro.com\/ca\/contacte-i-encarrecs\/#primaryimage\"},\"thumbnailUrl\":\"https:\/\/obradeteatro.com\/wp-content\/uploads\/2025\/07\/Contact-AI-Image-Wide.jpg\",\"datePublished\":\"2025-08-15T13:38:44+00:00\",\"dateModified\":\"2025-08-20T09:30:46+00:00\",\"description\":\"Contactar amb nosaltres \u00e9s molt f\u00e0cil. Tens preguntes que no s\u00f3n a les nostres FAQ? Posa't en contacte utilitzant el formulari...\",\"breadcrumb\":{\"@id\":\"https:\/\/obradeteatro.com\/ca\/contacte-i-encarrecs\/#breadcrumb\"},\"inLanguage\":\"ca\",\"potentialAction\":[{\"@type\":\"ReadAction\",\"target\":[\"https:\/\/obradeteatro.com\/ca\/contacte-i-encarrecs\/\"]}]},{\"@type\":\"ImageObject\",\"inLanguage\":\"ca\",\"@id\":\"https:\/\/obradeteatro.com\/ca\/contacte-i-encarrecs\/#primaryimage\",\"url\":\"https:\/\/obradeteatro.com\/wp-content\/uploads\/2025\/07\/Contact-AI-Image-Wide.jpg\",\"contentUrl\":\"https:\/\/obradeteatro.com\/wp-content\/uploads\/2025\/07\/Contact-AI-Image-Wide.jpg\",\"width\":1024,\"height\":529,\"caption\":\"Image of two kids on a stage talking through cans connected by a cable\"},{\"@type\":\"BreadcrumbList\",\"@id\":\"https:\/\/obradeteatro.com\/ca\/contacte-i-encarrecs\/#breadcrumb\",\"itemListElement\":[{\"@type\":\"ListItem\",\"position\":1,\"name\":\"Home\",\"item\":\"https:\/\/obradeteatro.com\/ca\/inici\/\"},{\"@type\":\"ListItem\",\"position\":2,\"name\":\"Contacte i Enc\u00e0rrecs\"}]},{\"@type\":\"WebSite\",\"@id\":\"https:\/\/obradeteatro.com\/ca\/#website\",\"url\":\"https:\/\/obradeteatro.com\/ca\/\",\"name\":\"Obra de Teatro.com\",\"description\":\"\",\"publisher\":{\"@id\":\"https:\/\/obradeteatro.com\/ca\/#organization\"},\"potentialAction\":[{\"@type\":\"SearchAction\",\"target\":{\"@type\":\"EntryPoint\",\"urlTemplate\":\"https:\/\/obradeteatro.com\/ca\/?s={search_term_string}\"},\"query-input\":{\"@type\":\"PropertyValueSpecification\",\"valueRequired\":true,\"valueName\":\"search_term_string\"}}],\"inLanguage\":\"ca\"},{\"@type\":\"Organization\",\"@id\":\"https:\/\/obradeteatro.com\/ca\/#organization\",\"name\":\"Obra de Teatro.com\",\"url\":\"https:\/\/obradeteatro.com\/ca\/\",\"logo\":{\"@type\":\"ImageObject\",\"inLanguage\":\"ca\",\"@id\":\"https:\/\/obradeteatro.com\/ca\/#\/schema\/logo\/image\/\",\"url\":\"https:\/\/obradeteatro.com\/wp-content\/uploads\/2025\/05\/logo_obradeteatro_1.png\",\"contentUrl\":\"https:\/\/obradeteatro.com\/wp-content\/uploads\/2025\/05\/logo_obradeteatro_1.png\",\"width\":1200,\"height\":668,\"caption\":\"Obra de Teatro.com\"},\"image\":{\"@id\":\"https:\/\/obradeteatro.com\/ca\/#\/schema\/logo\/image\/\"},\"sameAs\":[\"https:\/\/www.facebook.com\/profile.php?id=61574978804537\",\"https:\/\/www.instagram.com\/obradeteatroivanmartin\"]}]}<\/script>\n<!-- \/ Yoast SEO plugin. -->","yoast_head_json":{"title":"Contacte i Enc\u00e0rrecs - Obra de Teatro.com","description":"Contactar amb nosaltres \u00e9s molt f\u00e0cil. Tens preguntes que no s\u00f3n a les nostres FAQ? Posa't en contacte utilitzant el formulari...","robots":{"index":"index","follow":"follow","max-snippet":"max-snippet:-1","max-image-preview":"max-image-preview:large","max-video-preview":"max-video-preview:-1"},"canonical":"https:\/\/obradeteatro.com\/ca\/contacte-i-encarrecs\/","og_locale":"ca_ES","og_type":"article","og_title":"Contacte i Enc\u00e0rrecs - Obra de Teatro.com","og_description":"Contactar amb nosaltres \u00e9s molt f\u00e0cil. Tens preguntes que no s\u00f3n a les nostres FAQ? Posa't en contacte utilitzant el formulari...","og_url":"https:\/\/obradeteatro.com\/ca\/contacte-i-encarrecs\/","og_site_name":"Obra de Teatro.com","article_publisher":"https:\/\/www.facebook.com\/profile.php?id=61574978804537","article_modified_time":"2025-08-20T09:30:46+00:00","og_image":[{"width":1024,"height":529,"url":"https:\/\/obradeteatro.com\/wp-content\/uploads\/2025\/07\/Contact-AI-Image-Wide.jpg","type":"image\/jpeg"}],"twitter_card":"summary_large_image","twitter_misc":{"Temps estimat de lectura":"1 minut"},"schema":{"@context":"https:\/\/schema.org","@graph":[{"@type":"WebPage","@id":"https:\/\/obradeteatro.com\/ca\/contacte-i-encarrecs\/","url":"https:\/\/obradeteatro.com\/ca\/contacte-i-encarrecs\/","name":"Contacte i Enc\u00e0rrecs - Obra de Teatro.com","isPartOf":{"@id":"https:\/\/obradeteatro.com\/ca\/#website"},"primaryImageOfPage":{"@id":"https:\/\/obradeteatro.com\/ca\/contacte-i-encarrecs\/#primaryimage"},"image":{"@id":"https:\/\/obradeteatro.com\/ca\/contacte-i-encarrecs\/#primaryimage"},"thumbnailUrl":"https:\/\/obradeteatro.com\/wp-content\/uploads\/2025\/07\/Contact-AI-Image-Wide.jpg","datePublished":"2025-08-15T13:38:44+00:00","dateModified":"2025-08-20T09:30:46+00:00","description":"Contactar amb nosaltres \u00e9s molt f\u00e0cil. Tens preguntes que no s\u00f3n a les nostres FAQ? Posa't en contacte utilitzant el formulari...","breadcrumb":{"@id":"https:\/\/obradeteatro.com\/ca\/contacte-i-encarrecs\/#breadcrumb"},"inLanguage":"ca","potentialAction":[{"@type":"ReadAction","target":["https:\/\/obradeteatro.com\/ca\/contacte-i-encarrecs\/"]}]},{"@type":"ImageObject","inLanguage":"ca","@id":"https:\/\/obradeteatro.com\/ca\/contacte-i-encarrecs\/#primaryimage","url":"https:\/\/obradeteatro.com\/wp-content\/uploads\/2025\/07\/Contact-AI-Image-Wide.jpg","contentUrl":"https:\/\/obradeteatro.com\/wp-content\/uploads\/2025\/07\/Contact-AI-Image-Wide.jpg","width":1024,"height":529,"caption":"Image of two kids on a stage talking through cans connected by a cable"},{"@type":"BreadcrumbList","@id":"https:\/\/obradeteatro.com\/ca\/contacte-i-encarrecs\/#breadcrumb","itemListElement":[{"@type":"ListItem","position":1,"name":"Home","item":"https:\/\/obradeteatro.com\/ca\/inici\/"},{"@type":"ListItem","position":2,"name":"Contacte i Enc\u00e0rrecs"}]},{"@type":"WebSite","@id":"https:\/\/obradeteatro.com\/ca\/#website","url":"https:\/\/obradeteatro.com\/ca\/","name":"Obra de Teatro.com","description":"","publisher":{"@id":"https:\/\/obradeteatro.com\/ca\/#organization"},"potentialAction":[{"@type":"SearchAction","target":{"@type":"EntryPoint","urlTemplate":"https:\/\/obradeteatro.com\/ca\/?s={search_term_string}"},"query-input":{"@type":"PropertyValueSpecification","valueRequired":true,"valueName":"search_term_string"}}],"inLanguage":"ca"},{"@type":"Organization","@id":"https:\/\/obradeteatro.com\/ca\/#organization","name":"Obra de Teatro.com","url":"https:\/\/obradeteatro.com\/ca\/","logo":{"@type":"ImageObject","inLanguage":"ca","@id":"https:\/\/obradeteatro.com\/ca\/#\/schema\/logo\/image\/","url":"https:\/\/obradeteatro.com\/wp-content\/uploads\/2025\/05\/logo_obradeteatro_1.png","contentUrl":"https:\/\/obradeteatro.com\/wp-content\/uploads\/2025\/05\/logo_obradeteatro_1.png","width":1200,"height":668,"caption":"Obra de Teatro.com"},"image":{"@id":"https:\/\/obradeteatro.com\/ca\/#\/schema\/logo\/image\/"},"sameAs":["https:\/\/www.facebook.com\/profile.php?id=61574978804537","https:\/\/www.instagram.com\/obradeteatroivanmartin"]}]}},"jetpack_sharing_enabled":true,"_links":{"self":[{"href":"https:\/\/obradeteatro.com\/ca\/wp-json\/wp\/v2\/pages\/7251","targetHints":{"allow":["GET"]}}],"collection":[{"href":"https:\/\/obradeteatro.com\/ca\/wp-json\/wp\/v2\/pages"}],"about":[{"href":"https:\/\/obradeteatro.com\/ca\/wp-json\/wp\/v2\/types\/page"}],"author":[{"embeddable":true,"href":"https:\/\/obradeteatro.com\/ca\/wp-json\/wp\/v2\/users\/1"}],"replies":[{"embeddable":true,"href":"https:\/\/obradeteatro.com\/ca\/wp-json\/wp\/v2\/comments?post=7251"}],"version-history":[{"count":2,"href":"https:\/\/obradeteatro.com\/ca\/wp-json\/wp\/v2\/pages\/7251\/revisions"}],"predecessor-version":[{"id":7473,"href":"https:\/\/obradeteatro.com\/ca\/wp-json\/wp\/v2\/pages\/7251\/revisions\/7473"}],"wp:featuredmedia":[{"embeddable":true,"href":"https:\/\/obradeteatro.com\/ca\/wp-json\/wp\/v2\/media\/7244"}],"wp:attachment":[{"href":"https:\/\/obradeteatro.com\/ca\/wp-json\/wp\/v2\/media?parent=7251"}],"curies":[{"name":"wp","href":"https:\/\/api.w.org\/{rel}","templated":true}]}}