{"id":7254,"date":"2025-08-15T12:32:32","date_gmt":"2025-08-15T12:32:32","guid":{"rendered":"https:\/\/obradeteatro.com\/obres-de-teatre-per-a-juvenil-12\/"},"modified":"2025-08-19T14:34:08","modified_gmt":"2025-08-19T14:34:08","slug":"obres-de-teatre-per-a-juvenil-12","status":"publish","type":"page","link":"https:\/\/obradeteatro.com\/ca\/obres-de-teatre-per-a-juvenil-12\/","title":{"rendered":"Obres de Teatre per a Juvenil (+12)"},"content":{"rendered":"\t\t<div data-elementor-type=\"wp-page\" data-elementor-id=\"7254\" class=\"elementor elementor-7254 elementor-5873\">\n\t\t\t\t<div class=\"elementor-element elementor-element-1652d5a8 e-flex e-con-boxed e-con e-parent\" data-id=\"1652d5a8\" data-element_type=\"container\">\n\t\t\t\t\t<div class=\"e-con-inner\">\n\t\t\t\t<div class=\"elementor-element elementor-element-42bb308 elementor-widget elementor-widget-belletrist_core_section_title\" data-id=\"42bb308\" data-element_type=\"widget\" data-widget_type=\"belletrist_core_section_title.default\">\n\t\t\t\t<div class=\"elementor-widget-container\">\n\t\t\t\t\t<div class=\"qodef-shortcode qodef-m  qodef-section-title qodef-alignment--left \">\n\t\t<p class=\"qodef-m-tagline\" >Disponibles en un futur proper<\/p>\n\t\t<h2 class=\"qodef-m-title\" >\n\t\t\t\t\tObres de Teatre Per a Juvenil (+12)\t\t\t<\/h2>\n\t\t<span class=\"qodef-m-separator\" ><\/span>\n\t<\/div>\t\t\t\t<\/div>\n\t\t\t\t<\/div>\n\t\t\t\t<div class=\"elementor-element elementor-element-7d57c7dd elementor-widget elementor-widget-text-editor\" data-id=\"7d57c7dd\" data-element_type=\"widget\" data-widget_type=\"text-editor.default\">\n\t\t\t\t<div class=\"elementor-widget-container\">\n\t\t\t\t\t\t\t\t\t<p><strong>Aviat<\/strong>. <a href=\"https:\/\/obradeteatro.com\/sobre-nosotros\/\"><strong><em>Ivan Mart\u00edn<\/em><\/strong><\/a> est\u00e0 treballant per afegir m\u00e9s obres de teatre, incloent-hi algunes aptes per al sector juvenil a partir de 12 anys, per\u00f2 de moment no n&#8217;hi ha cap de disponible al nostre web. <a href=\"javascript:Boxzilla.show(6793)\" class=\"\">Subscriu-te<\/a> al nostre butllet\u00ed per estar al cas de quan hi hagi llibrets disponibles per a aquestes edats. Busques una obra espec\u00edfica o per a un grup d&#8217;edat particular? Pots contactar amb <a href=\"https:\/\/obradeteatro.com\/sobre-nosotros\/\"><strong><em>Ivan Mart\u00edn<\/em><\/strong><\/a> i obradeteatro.com <a href=\"https:\/\/obradeteatro.com\/ca\/contacte-i-encarrecs\/\">aqu\u00ed<\/a>.  <\/p><p>Gr\u00e0cies pel teu inter\u00e8s en les obres de teatre d&#8217;<a href=\"https:\/\/obradeteatro.com\/sobre-nosotros\/\"><strong><em>Ivan Mart\u00edn<\/em><\/strong><\/a> a <a href=\"https:\/\/obradeteatro.com\/ca\/\"><em><strong>obradeteatro.com<\/strong><\/em><\/a>.<\/p>\t\t\t\t\t\t\t\t<\/div>\n\t\t\t\t<\/div>\n\t\t\t\t<div class=\"elementor-element elementor-element-f887d99 elementor-widget elementor-widget-belletrist_core_separator\" data-id=\"f887d99\" data-element_type=\"widget\" data-widget_type=\"belletrist_core_separator.default\">\n\t\t\t\t<div class=\"elementor-widget-container\">\n\t\t\t\t\t<div class=\"qodef-shortcode qodef-m  qodef-separator clear \">\n\t<div class=\"qodef-m-line\" ><\/div>\n<\/div>\t\t\t\t<\/div>\n\t\t\t\t<\/div>\n\t\t\t\t<div class=\"elementor-element elementor-element-fde8853 elementor-widget elementor-widget-spacer\" data-id=\"fde8853\" data-element_type=\"widget\" data-widget_type=\"spacer.default\">\n\t\t\t\t<div class=\"elementor-widget-container\">\n\t\t\t\t\t\t\t<div class=\"elementor-spacer\">\n\t\t\t<div class=\"elementor-spacer-inner\"><\/div>\n\t\t<\/div>\n\t\t\t\t\t\t<\/div>\n\t\t\t\t<\/div>\n\t\t\t\t\t<\/div>\n\t\t\t\t<\/div>\n\t\t\t\t<\/div>\n\t\t","protected":false},"excerpt":{"rendered":"<p>Disponibles en un futur proper Obres de Teatre Per a Juvenil (+12) Aviat. Ivan Mart\u00edn est\u00e0 treballant per afegir m\u00e9s obres de teatre, incloent-hi algunes aptes per al sector juvenil a partir de 12 anys, per\u00f2 de moment no n&#8217;hi ha cap de disponible al nostre web. al nostre butllet\u00ed per estar al cas de [&hellip;]<\/p>\n","protected":false},"author":1,"featured_media":7236,"parent":0,"menu_order":0,"comment_status":"closed","ping_status":"closed","template":"","meta":{"_themeisle_gutenberg_block_has_review":false,"footnotes":""},"class_list":["post-7254","page","type-page","status-publish","has-post-thumbnail","hentry"],"yoast_head":"<!-- This site is optimized with the Yoast SEO plugin v26.0 - https:\/\/yoast.com\/wordpress\/plugins\/seo\/ -->\n<title>Obres de Teatre per a Juvenil (+12) - Obra de Teatro.com<\/title>\n<meta name=\"description\" content=\"Obres de Teatre Juvenil disponibles per realitzar amb grups educatius majors de 12 anys d&#039;edat que inclouen...\" \/>\n<meta name=\"robots\" content=\"index, follow, max-snippet:-1, max-image-preview:large, max-video-preview:-1\" \/>\n<link rel=\"canonical\" href=\"https:\/\/obradeteatro.com\/ca\/obres-de-teatre-per-a-juvenil-12\/\" \/>\n<meta property=\"og:locale\" content=\"ca_ES\" \/>\n<meta property=\"og:type\" content=\"article\" \/>\n<meta property=\"og:title\" content=\"Obres de Teatre per a Juvenil (+12) - Obra de Teatro.com\" \/>\n<meta property=\"og:description\" content=\"Obres de Teatre Juvenil disponibles per realitzar amb grups educatius majors de 12 anys d&#039;edat que inclouen...\" \/>\n<meta property=\"og:url\" content=\"https:\/\/obradeteatro.com\/ca\/obres-de-teatre-per-a-juvenil-12\/\" \/>\n<meta property=\"og:site_name\" content=\"Obra de Teatro.com\" \/>\n<meta property=\"article:publisher\" content=\"https:\/\/www.facebook.com\/profile.php?id=61574978804537\" \/>\n<meta property=\"article:modified_time\" content=\"2025-08-19T14:34:08+00:00\" \/>\n<meta property=\"og:image\" content=\"https:\/\/obradeteatro.com\/wp-content\/uploads\/2025\/06\/PRINCEP_LLADRADOR_imatge.jpg\" \/>\n\t<meta property=\"og:image:width\" content=\"1024\" \/>\n\t<meta property=\"og:image:height\" content=\"1024\" \/>\n\t<meta property=\"og:image:type\" content=\"image\/jpeg\" \/>\n<meta name=\"twitter:card\" content=\"summary_large_image\" \/>\n<meta name=\"twitter:label1\" content=\"Temps estimat de lectura\" \/>\n\t<meta name=\"twitter:data1\" content=\"1 minut\" \/>\n<script type=\"application\/ld+json\" class=\"yoast-schema-graph\">{\"@context\":\"https:\/\/schema.org\",\"@graph\":[{\"@type\":\"WebPage\",\"@id\":\"https:\/\/obradeteatro.com\/ca\/obres-de-teatre-per-a-juvenil-12\/\",\"url\":\"https:\/\/obradeteatro.com\/ca\/obres-de-teatre-per-a-juvenil-12\/\",\"name\":\"Obres de Teatre per a Juvenil (+12) - Obra de Teatro.com\",\"isPartOf\":{\"@id\":\"https:\/\/obradeteatro.com\/ca\/#website\"},\"primaryImageOfPage\":{\"@id\":\"https:\/\/obradeteatro.com\/ca\/obres-de-teatre-per-a-juvenil-12\/#primaryimage\"},\"image\":{\"@id\":\"https:\/\/obradeteatro.com\/ca\/obres-de-teatre-per-a-juvenil-12\/#primaryimage\"},\"thumbnailUrl\":\"https:\/\/obradeteatro.com\/wp-content\/uploads\/2025\/06\/PRINCEP_LLADRADOR_imatge.jpg\",\"datePublished\":\"2025-08-15T12:32:32+00:00\",\"dateModified\":\"2025-08-19T14:34:08+00:00\",\"description\":\"Obres de Teatre Juvenil disponibles per realitzar amb grups educatius majors de 12 anys d'edat que inclouen...\",\"breadcrumb\":{\"@id\":\"https:\/\/obradeteatro.com\/ca\/obres-de-teatre-per-a-juvenil-12\/#breadcrumb\"},\"inLanguage\":\"ca\",\"potentialAction\":[{\"@type\":\"ReadAction\",\"target\":[\"https:\/\/obradeteatro.com\/ca\/obres-de-teatre-per-a-juvenil-12\/\"]}]},{\"@type\":\"ImageObject\",\"inLanguage\":\"ca\",\"@id\":\"https:\/\/obradeteatro.com\/ca\/obres-de-teatre-per-a-juvenil-12\/#primaryimage\",\"url\":\"https:\/\/obradeteatro.com\/wp-content\/uploads\/2025\/06\/PRINCEP_LLADRADOR_imatge.jpg\",\"contentUrl\":\"https:\/\/obradeteatro.com\/wp-content\/uploads\/2025\/06\/PRINCEP_LLADRADOR_imatge.jpg\",\"width\":1024,\"height\":1024,\"caption\":\"Imagen de la obra principe labrador\"},{\"@type\":\"BreadcrumbList\",\"@id\":\"https:\/\/obradeteatro.com\/ca\/obres-de-teatre-per-a-juvenil-12\/#breadcrumb\",\"itemListElement\":[{\"@type\":\"ListItem\",\"position\":1,\"name\":\"Home\",\"item\":\"https:\/\/obradeteatro.com\/ca\/inici\/\"},{\"@type\":\"ListItem\",\"position\":2,\"name\":\"Obres de Teatre per a Juvenil (+12)\"}]},{\"@type\":\"WebSite\",\"@id\":\"https:\/\/obradeteatro.com\/ca\/#website\",\"url\":\"https:\/\/obradeteatro.com\/ca\/\",\"name\":\"Obra de Teatro.com\",\"description\":\"\",\"publisher\":{\"@id\":\"https:\/\/obradeteatro.com\/ca\/#organization\"},\"potentialAction\":[{\"@type\":\"SearchAction\",\"target\":{\"@type\":\"EntryPoint\",\"urlTemplate\":\"https:\/\/obradeteatro.com\/ca\/?s={search_term_string}\"},\"query-input\":{\"@type\":\"PropertyValueSpecification\",\"valueRequired\":true,\"valueName\":\"search_term_string\"}}],\"inLanguage\":\"ca\"},{\"@type\":\"Organization\",\"@id\":\"https:\/\/obradeteatro.com\/ca\/#organization\",\"name\":\"Obra de Teatro.com\",\"url\":\"https:\/\/obradeteatro.com\/ca\/\",\"logo\":{\"@type\":\"ImageObject\",\"inLanguage\":\"ca\",\"@id\":\"https:\/\/obradeteatro.com\/ca\/#\/schema\/logo\/image\/\",\"url\":\"https:\/\/obradeteatro.com\/wp-content\/uploads\/2025\/05\/logo_obradeteatro_1.png\",\"contentUrl\":\"https:\/\/obradeteatro.com\/wp-content\/uploads\/2025\/05\/logo_obradeteatro_1.png\",\"width\":1200,\"height\":668,\"caption\":\"Obra de Teatro.com\"},\"image\":{\"@id\":\"https:\/\/obradeteatro.com\/ca\/#\/schema\/logo\/image\/\"},\"sameAs\":[\"https:\/\/www.facebook.com\/profile.php?id=61574978804537\",\"https:\/\/www.instagram.com\/obradeteatroivanmartin\"]}]}<\/script>\n<!-- \/ Yoast SEO plugin. -->","yoast_head_json":{"title":"Obres de Teatre per a Juvenil (+12) - Obra de Teatro.com","description":"Obres de Teatre Juvenil disponibles per realitzar amb grups educatius majors de 12 anys d'edat que inclouen...","robots":{"index":"index","follow":"follow","max-snippet":"max-snippet:-1","max-image-preview":"max-image-preview:large","max-video-preview":"max-video-preview:-1"},"canonical":"https:\/\/obradeteatro.com\/ca\/obres-de-teatre-per-a-juvenil-12\/","og_locale":"ca_ES","og_type":"article","og_title":"Obres de Teatre per a Juvenil (+12) - Obra de Teatro.com","og_description":"Obres de Teatre Juvenil disponibles per realitzar amb grups educatius majors de 12 anys d'edat que inclouen...","og_url":"https:\/\/obradeteatro.com\/ca\/obres-de-teatre-per-a-juvenil-12\/","og_site_name":"Obra de Teatro.com","article_publisher":"https:\/\/www.facebook.com\/profile.php?id=61574978804537","article_modified_time":"2025-08-19T14:34:08+00:00","og_image":[{"width":1024,"height":1024,"url":"https:\/\/obradeteatro.com\/wp-content\/uploads\/2025\/06\/PRINCEP_LLADRADOR_imatge.jpg","type":"image\/jpeg"}],"twitter_card":"summary_large_image","twitter_misc":{"Temps estimat de lectura":"1 minut"},"schema":{"@context":"https:\/\/schema.org","@graph":[{"@type":"WebPage","@id":"https:\/\/obradeteatro.com\/ca\/obres-de-teatre-per-a-juvenil-12\/","url":"https:\/\/obradeteatro.com\/ca\/obres-de-teatre-per-a-juvenil-12\/","name":"Obres de Teatre per a Juvenil (+12) - Obra de Teatro.com","isPartOf":{"@id":"https:\/\/obradeteatro.com\/ca\/#website"},"primaryImageOfPage":{"@id":"https:\/\/obradeteatro.com\/ca\/obres-de-teatre-per-a-juvenil-12\/#primaryimage"},"image":{"@id":"https:\/\/obradeteatro.com\/ca\/obres-de-teatre-per-a-juvenil-12\/#primaryimage"},"thumbnailUrl":"https:\/\/obradeteatro.com\/wp-content\/uploads\/2025\/06\/PRINCEP_LLADRADOR_imatge.jpg","datePublished":"2025-08-15T12:32:32+00:00","dateModified":"2025-08-19T14:34:08+00:00","description":"Obres de Teatre Juvenil disponibles per realitzar amb grups educatius majors de 12 anys d'edat que inclouen...","breadcrumb":{"@id":"https:\/\/obradeteatro.com\/ca\/obres-de-teatre-per-a-juvenil-12\/#breadcrumb"},"inLanguage":"ca","potentialAction":[{"@type":"ReadAction","target":["https:\/\/obradeteatro.com\/ca\/obres-de-teatre-per-a-juvenil-12\/"]}]},{"@type":"ImageObject","inLanguage":"ca","@id":"https:\/\/obradeteatro.com\/ca\/obres-de-teatre-per-a-juvenil-12\/#primaryimage","url":"https:\/\/obradeteatro.com\/wp-content\/uploads\/2025\/06\/PRINCEP_LLADRADOR_imatge.jpg","contentUrl":"https:\/\/obradeteatro.com\/wp-content\/uploads\/2025\/06\/PRINCEP_LLADRADOR_imatge.jpg","width":1024,"height":1024,"caption":"Imagen de la obra principe labrador"},{"@type":"BreadcrumbList","@id":"https:\/\/obradeteatro.com\/ca\/obres-de-teatre-per-a-juvenil-12\/#breadcrumb","itemListElement":[{"@type":"ListItem","position":1,"name":"Home","item":"https:\/\/obradeteatro.com\/ca\/inici\/"},{"@type":"ListItem","position":2,"name":"Obres de Teatre per a Juvenil (+12)"}]},{"@type":"WebSite","@id":"https:\/\/obradeteatro.com\/ca\/#website","url":"https:\/\/obradeteatro.com\/ca\/","name":"Obra de Teatro.com","description":"","publisher":{"@id":"https:\/\/obradeteatro.com\/ca\/#organization"},"potentialAction":[{"@type":"SearchAction","target":{"@type":"EntryPoint","urlTemplate":"https:\/\/obradeteatro.com\/ca\/?s={search_term_string}"},"query-input":{"@type":"PropertyValueSpecification","valueRequired":true,"valueName":"search_term_string"}}],"inLanguage":"ca"},{"@type":"Organization","@id":"https:\/\/obradeteatro.com\/ca\/#organization","name":"Obra de Teatro.com","url":"https:\/\/obradeteatro.com\/ca\/","logo":{"@type":"ImageObject","inLanguage":"ca","@id":"https:\/\/obradeteatro.com\/ca\/#\/schema\/logo\/image\/","url":"https:\/\/obradeteatro.com\/wp-content\/uploads\/2025\/05\/logo_obradeteatro_1.png","contentUrl":"https:\/\/obradeteatro.com\/wp-content\/uploads\/2025\/05\/logo_obradeteatro_1.png","width":1200,"height":668,"caption":"Obra de Teatro.com"},"image":{"@id":"https:\/\/obradeteatro.com\/ca\/#\/schema\/logo\/image\/"},"sameAs":["https:\/\/www.facebook.com\/profile.php?id=61574978804537","https:\/\/www.instagram.com\/obradeteatroivanmartin"]}]}},"jetpack_sharing_enabled":true,"_links":{"self":[{"href":"https:\/\/obradeteatro.com\/ca\/wp-json\/wp\/v2\/pages\/7254","targetHints":{"allow":["GET"]}}],"collection":[{"href":"https:\/\/obradeteatro.com\/ca\/wp-json\/wp\/v2\/pages"}],"about":[{"href":"https:\/\/obradeteatro.com\/ca\/wp-json\/wp\/v2\/types\/page"}],"author":[{"embeddable":true,"href":"https:\/\/obradeteatro.com\/ca\/wp-json\/wp\/v2\/users\/1"}],"replies":[{"embeddable":true,"href":"https:\/\/obradeteatro.com\/ca\/wp-json\/wp\/v2\/comments?post=7254"}],"version-history":[{"count":6,"href":"https:\/\/obradeteatro.com\/ca\/wp-json\/wp\/v2\/pages\/7254\/revisions"}],"predecessor-version":[{"id":7345,"href":"https:\/\/obradeteatro.com\/ca\/wp-json\/wp\/v2\/pages\/7254\/revisions\/7345"}],"wp:featuredmedia":[{"embeddable":true,"href":"https:\/\/obradeteatro.com\/ca\/wp-json\/wp\/v2\/media\/7236"}],"wp:attachment":[{"href":"https:\/\/obradeteatro.com\/ca\/wp-json\/wp\/v2\/media?parent=7254"}],"curies":[{"name":"wp","href":"https:\/\/api.w.org\/{rel}","templated":true}]}}