{"id":7258,"date":"2025-08-15T12:53:39","date_gmt":"2025-08-15T12:53:39","guid":{"rendered":"https:\/\/obradeteatro.com\/sobre-nosaltres\/"},"modified":"2025-08-20T09:29:13","modified_gmt":"2025-08-20T09:29:13","slug":"sobre-nosaltres","status":"publish","type":"page","link":"https:\/\/obradeteatro.com\/ca\/sobre-nosaltres\/","title":{"rendered":"Sobre nosaltres"},"content":{"rendered":"\t\t<div data-elementor-type=\"wp-page\" data-elementor-id=\"7258\" class=\"elementor elementor-7258 elementor-2054\">\n\t\t\t\t<div class=\"elementor-element elementor-element-8cdf2af e-grid e-con-boxed e-con e-parent\" data-id=\"8cdf2af\" data-element_type=\"container\">\n\t\t\t\t\t<div class=\"e-con-inner\">\n\t\t\t\t<div class=\"elementor-element elementor-element-f599086 elementor-widget elementor-widget-belletrist_core_section_title\" data-id=\"f599086\" data-element_type=\"widget\" data-widget_type=\"belletrist_core_section_title.default\">\n\t\t\t\t<div class=\"elementor-widget-container\">\n\t\t\t\t\t<div class=\"qodef-shortcode qodef-m  qodef-section-title qodef-alignment--left \">\n\t\t\t<h2 class=\"qodef-m-title\" >\n\t\t\t\t\tSobre Nosaltres\t\t\t<\/h2>\n\t\t<span class=\"qodef-m-separator\" ><\/span>\n\t<\/div>\t\t\t\t<\/div>\n\t\t\t\t<\/div>\n\t\t\t\t\t<\/div>\n\t\t\t\t<\/div>\n\t\t\t\t<section class=\"elementor-section elementor-top-section elementor-element elementor-element-302adc9 elementor-reverse-tablet elementor-reverse-mobile elementor-section-full_width elementor-section-height-default elementor-section-height-default qodef-elementor-content-no\" data-id=\"302adc9\" data-element_type=\"section\">\n\t\t\t\t\t\t<div class=\"elementor-container elementor-column-gap-default\">\n\t\t\t\t\t<div class=\"elementor-column elementor-col-50 elementor-top-column elementor-element elementor-element-a2f9614\" data-id=\"a2f9614\" data-element_type=\"column\">\n\t\t\t<div class=\"elementor-widget-wrap elementor-element-populated\">\n\t\t\t\t\t\t<div class=\"elementor-element elementor-element-a4e5b23 elementor-widget elementor-widget-qi_addons_for_elementor_section_title\" data-id=\"a4e5b23\" data-element_type=\"widget\" data-widget_type=\"qi_addons_for_elementor_section_title.default\">\n\t\t\t\t<div class=\"elementor-widget-container\">\n\t\t\t\t\t<div class=\"qodef-shortcode qodef-m qodef-qi-section-title qodef-decoration--italic qodef-link--underline-draw qodef-subtitle-icon--left\">\n\t\t\t\t<h5 class=\"qodef-m-subtitle\">\n\t\tIvan Mart\u00edn\t\t\t<\/h5>\n\t\t\t<h2 class=\"qodef-m-title\">\n\t\tObradeTeatro.com\t<\/h2>\n\t\t\t<div class=\"qodef-m-text\"><p style=\"font-weight: 400\">Si est\u00e0s buscant una <a href=\"https:\/\/obradeteatro.com\/ca\/todas-las-obras-de-teatro-disponibles\/\">obra<\/a> de teatre per representar amb el teu grup, en aquest espai potser trobar\u00e0s l'<a href=\"https:\/\/obradeteatro.com\/ca\/todas-las-obras-de-teatro-disponibles\/\">adequada<\/a>.<\/p><\/div>\n\t<\/div>\n\t\t\t\t<\/div>\n\t\t\t\t<\/div>\n\t\t\t\t<div class=\"elementor-element elementor-element-da49fdf elementor-widget elementor-widget-text-editor\" data-id=\"da49fdf\" data-element_type=\"widget\" data-widget_type=\"text-editor.default\">\n\t\t\t\t<div class=\"elementor-widget-container\">\n\t\t\t\t\t\t\t\t\t<p style=\"font-weight: 400;\"><a href=\"http:\/\/www.obradeteatro.com\/\">obradeteatro.com<\/a> \u00e9s un Marketplace on pots trobar llibrets teatrals en format digital.<\/p><p style=\"font-weight: 400;\">Si veus alguna obra que creguis que es pugui adaptar al teu grup, podr\u00e0s llegir una petita mostra i, si t&#8217;interessa, <a href=\"https:\/\/obradeteatro.com\/ca\/todas-las-obras-de-teatro-disponibles\/\">comprar<\/a> l&#8217;obra sencera (c\u00f2pia en format <strong><em>WORD<\/em><\/strong> i c\u00f2pia en format <strong><em>PDF<\/em><\/strong>).<\/p><p style=\"font-weight: 400;\">Per aix\u00f2, a l&#8217;explicaci\u00f3 de cada obra s&#8217;inclou:<\/p><ul><li>Nombre d&#8217;int\u00e8rprets m\u00ednim i m\u00e0xim per dur-la a terme.<\/li><li>G\u00e8nere per interpretar els personatges que componen l&#8217;obra<\/li><li>Estil de l&#8217;obra.<\/li><li>Edat recomanada.<\/li><li>Dificultat de l&#8217;obra:<\/li><li>Dificultat del muntatge.<\/li><\/ul><p style=\"font-weight: 400;\">Tant se val si tens un sol grup o en tens molts; de vegades, trobar l&#8217;obra adequada comporta molt de temps; i obtenir una c\u00f2pia llesta per imprimir i repartir al teu elenc et pot facilitar les coses, i estalviar-te molt de temps.<\/p><p style=\"font-weight: 400;\"><strong>Ho dic per experi\u00e8ncia&#8230;<\/strong><\/p>\t\t\t\t\t\t\t\t<\/div>\n\t\t\t\t<\/div>\n\t\t\t\t<div class=\"elementor-element elementor-element-e25d4c4 elementor-widget elementor-widget-spacer\" data-id=\"e25d4c4\" data-element_type=\"widget\" data-widget_type=\"spacer.default\">\n\t\t\t\t<div class=\"elementor-widget-container\">\n\t\t\t\t\t\t\t<div class=\"elementor-spacer\">\n\t\t\t<div class=\"elementor-spacer-inner\"><\/div>\n\t\t<\/div>\n\t\t\t\t\t\t<\/div>\n\t\t\t\t<\/div>\n\t\t\t\t<div class=\"elementor-element elementor-element-be825df elementor-widget elementor-widget-belletrist_core_section_title\" data-id=\"be825df\" data-element_type=\"widget\" data-widget_type=\"belletrist_core_section_title.default\">\n\t\t\t\t<div class=\"elementor-widget-container\">\n\t\t\t\t\t<div class=\"qodef-shortcode qodef-m  qodef-section-title qodef-alignment--left \">\n\t\t\t<h2 class=\"qodef-m-title\" >\n\t\t\t\t\tProfessor en actiu\t\t\t<\/h2>\n\t\t<span class=\"qodef-m-separator\" ><\/span>\n\t<\/div>\t\t\t\t<\/div>\n\t\t\t\t<\/div>\n\t\t\t\t<div class=\"elementor-element elementor-element-48b2088 elementor-widget elementor-widget-text-editor\" data-id=\"48b2088\" data-element_type=\"widget\" data-widget_type=\"text-editor.default\">\n\t\t\t\t<div class=\"elementor-widget-container\">\n\t\t\t\t\t\t\t\t\t<p style=\"font-weight: 400;\">Quan una treballa donant classes de teatre i ha de realitzar muntatges al final de curs, t\u00e9 diverses opcions: agafar obres d&#8217;altres, adaptar-les, o escriure-les.<\/p><p style=\"font-weight: 400;\">El que es presenta <a href=\"https:\/\/obradeteatro.com\/ca\/todas-las-obras-de-teatro-disponibles\/\">aqu\u00ed<\/a> s\u00f3n obres escrites per mi, la gran majoria d&#8217;elles amb la finalitat de ser representades.<\/p>\t\t\t\t\t\t\t\t<\/div>\n\t\t\t\t<\/div>\n\t\t\t\t<div class=\"elementor-element elementor-element-b1ce694 elementor-widget elementor-widget-spacer\" data-id=\"b1ce694\" data-element_type=\"widget\" data-widget_type=\"spacer.default\">\n\t\t\t\t<div class=\"elementor-widget-container\">\n\t\t\t\t\t\t\t<div class=\"elementor-spacer\">\n\t\t\t<div class=\"elementor-spacer-inner\"><\/div>\n\t\t<\/div>\n\t\t\t\t\t\t<\/div>\n\t\t\t\t<\/div>\n\t\t\t\t<div class=\"elementor-element elementor-element-9c13bec elementor-widget elementor-widget-belletrist_core_section_title\" data-id=\"9c13bec\" data-element_type=\"widget\" data-widget_type=\"belletrist_core_section_title.default\">\n\t\t\t\t<div class=\"elementor-widget-container\">\n\t\t\t\t\t<div class=\"qodef-shortcode qodef-m  qodef-section-title qodef-alignment--left \">\n\t\t\t<h2 class=\"qodef-m-title\" >\n\t\t\t\t\tAh! I qui s\u00f3c jo?\t\t\t<\/h2>\n\t\t<span class=\"qodef-m-separator\" ><\/span>\n\t\t<p class=\"qodef-m-text\" >S\u00f3c l&#039;autor de les obres. Em dic Iv\u00e1n Mart\u00edn Guerrero.<\/p>\n<\/div>\t\t\t\t<\/div>\n\t\t\t\t<\/div>\n\t\t\t\t<div class=\"elementor-element elementor-element-925d591 elementor-widget elementor-widget-text-editor\" data-id=\"925d591\" data-element_type=\"widget\" data-widget_type=\"text-editor.default\">\n\t\t\t\t<div class=\"elementor-widget-container\">\n\t\t\t\t\t\t\t\t\t<p style=\"font-weight: 400;\">S\u00f3c professor de teatre i educador. Tamb\u00e9 actuo i dirigeixo. I, com comprovareu en aquest espai, una altra cosa que faig \u00e9s <a href=\"https:\/\/obradeteatro.com\/ca\/todas-las-obras-de-teatro-disponibles\/\"><strong>escriure teatre<\/strong><\/a>.<\/p><p style=\"font-weight: 400;\">El fet que la meva relaci\u00f3 laboral amb el teatre sigui gaireb\u00e9 global, fa que la gran majoria de les obres aqu\u00ed presents hagin estat escrites per ser <strong>representades<\/strong> pels grups que he tingut al llarg dels anys.<\/p><p style=\"font-weight: 400;\">S\u00f3n obres que jo mateix he <strong>muntat<\/strong>, i s\u00e9 com poden arribar a funcionar, cosa que em permet incloure <strong>consells<\/strong> i valoracions sobre aquestes de cara a un muntatge en el <strong>llibret<\/strong>.<\/p><p style=\"font-weight: 400;\">A nivell formatiu, s\u00f3c Llicenciat en Art Dram\u00e0tic per l&#8217;<em>Escola d&#8217;Actors de Can\u00e0ries (EAC)<\/em>, en l&#8217;especialitat d&#8217;interpretaci\u00f3 (1998-2002); vaig cursar un M\u00e0ster en Gui\u00f3 de cinema a la <em>Universitat Internacional Men\u00e9ndez Pelayo de Val\u00e8ncia<\/em>, any 2002-2003; i vaig decidir focalitzar-me cap a l&#8217;ensenyament com a Graduat com a Mestre en Educaci\u00f3 Prim\u00e0ria a la <em>Universitat Complutense de Madrid (2010-2014)<\/em>.<\/p><p style=\"font-weight: 400;\">A m\u00e9s d&#8217;aquesta formaci\u00f3 oficial, he realitzat infinitat de cursos i tallers amb professionals de reputaci\u00f3 en l&#8217;art de Talia. (Consultar curr\u00edculum.)<\/p><p style=\"font-weight: 400;\">Sempre he cregut que el teatre ha de fer-te reflexionar, emocionar-te, i divertir-te. I aquesta \u00e9s una caracter\u00edstica que tenen les meves creacions.<\/p><p style=\"font-weight: 400;\">Aix\u00ed que a <a href=\"https:\/\/obradeteatro.com\/ca\/\">obradeteatro.com<\/a>, a veure si <a href=\"https:\/\/obradeteatro.com\/ca\/todas-las-obras-de-teatro-disponibles\/\"><strong>trobes<\/strong><\/a> el que busques, i aconsegueixes que el teu grup de teatre, i el vostre p\u00fablic, es diverteixin, s&#8217;emocionin, i reflexionin amb aquestes hist\u00f2ries.<\/p>\t\t\t\t\t\t\t\t<\/div>\n\t\t\t\t<\/div>\n\t\t\t\t<div class=\"elementor-element elementor-element-21412ec elementor-widget elementor-widget-spacer\" data-id=\"21412ec\" data-element_type=\"widget\" data-widget_type=\"spacer.default\">\n\t\t\t\t<div class=\"elementor-widget-container\">\n\t\t\t\t\t\t\t<div class=\"elementor-spacer\">\n\t\t\t<div class=\"elementor-spacer-inner\"><\/div>\n\t\t<\/div>\n\t\t\t\t\t\t<\/div>\n\t\t\t\t<\/div>\n\t\t\t\t<div class=\"elementor-element elementor-element-30cbd90 elementor-widget elementor-widget-belletrist_core_button\" data-id=\"30cbd90\" data-element_type=\"widget\" data-widget_type=\"belletrist_core_button.default\">\n\t\t\t\t<div class=\"elementor-widget-container\">\n\t\t\t\t\t<a class=\"qodef-shortcode qodef-m  qodef-button qodef-layout--outlined qodef-size--full qodef-html--link\" href=\"https:\/\/obradeteatro.com\/ca\/todas-las-obras-de-teatro-disponibles\/\" target=\"_self\"  >\n\t<span class=\"qodef-m-text\">Veure totes les obres disponibles<\/span>\n<\/a>\t\t\t\t<\/div>\n\t\t\t\t<\/div>\n\t\t\t\t<div class=\"elementor-element elementor-element-bd5199e elementor-widget elementor-widget-spacer\" data-id=\"bd5199e\" data-element_type=\"widget\" data-widget_type=\"spacer.default\">\n\t\t\t\t<div class=\"elementor-widget-container\">\n\t\t\t\t\t\t\t<div class=\"elementor-spacer\">\n\t\t\t<div class=\"elementor-spacer-inner\"><\/div>\n\t\t<\/div>\n\t\t\t\t\t\t<\/div>\n\t\t\t\t<\/div>\n\t\t\t\t\t<\/div>\n\t\t<\/div>\n\t\t\t\t<div class=\"elementor-column elementor-col-50 elementor-top-column elementor-element elementor-element-d6799e8\" data-id=\"d6799e8\" data-element_type=\"column\">\n\t\t\t<div class=\"elementor-widget-wrap elementor-element-populated\">\n\t\t\t\t\t\t<div class=\"elementor-element elementor-element-c012d6a elementor-widget elementor-widget-image\" data-id=\"c012d6a\" data-element_type=\"widget\" data-widget_type=\"image.default\">\n\t\t\t\t<div class=\"elementor-widget-container\">\n\t\t\t\t\t\t\t\t\t\t\t\t\t\t\t<img fetchpriority=\"high\" decoding=\"async\" width=\"1024\" height=\"1024\" src=\"https:\/\/obradeteatro.com\/wp-content\/uploads\/2025\/05\/theatrical-masks-image.jpg\" class=\"attachment-large size-large wp-image-7229\" alt=\"Theatrical Masks Image\" srcset=\"https:\/\/obradeteatro.com\/wp-content\/uploads\/2025\/05\/theatrical-masks-image.jpg 1024w, https:\/\/obradeteatro.com\/wp-content\/uploads\/2025\/05\/theatrical-masks-image-300x300.jpg 300w, https:\/\/obradeteatro.com\/wp-content\/uploads\/2025\/05\/theatrical-masks-image-150x150.jpg 150w, https:\/\/obradeteatro.com\/wp-content\/uploads\/2025\/05\/theatrical-masks-image-768x768.jpg 768w, https:\/\/obradeteatro.com\/wp-content\/uploads\/2025\/05\/theatrical-masks-image-650x650.jpg 650w, https:\/\/obradeteatro.com\/wp-content\/uploads\/2025\/05\/theatrical-masks-image-600x600.jpg 600w, https:\/\/obradeteatro.com\/wp-content\/uploads\/2025\/05\/theatrical-masks-image-100x100.jpg 100w\" sizes=\"(max-width: 1024px) 100vw, 1024px\" \/>\t\t\t\t\t\t\t\t\t\t\t\t\t\t\t<\/div>\n\t\t\t\t<\/div>\n\t\t\t\t\t<\/div>\n\t\t<\/div>\n\t\t\t\t\t<\/div>\n\t\t<\/section>\n\t\t\t\t<\/div>\n\t\t","protected":false},"excerpt":{"rendered":"<p>Sobre Nosaltres Ivan Mart\u00edn ObradeTeatro.com Si est\u00e0s buscant una obra de teatre per representar amb el teu grup, en aquest espai potser trobar\u00e0s l&#8217;adequada. obradeteatro.com \u00e9s un Marketplace on pots trobar llibrets teatrals en format digital. Si veus alguna obra que creguis que es pugui adaptar al teu grup, podr\u00e0s llegir una petita mostra i, [&hellip;]<\/p>\n","protected":false},"author":1,"featured_media":7229,"parent":0,"menu_order":0,"comment_status":"closed","ping_status":"closed","template":"","meta":{"_themeisle_gutenberg_block_has_review":false,"footnotes":""},"class_list":["post-7258","page","type-page","status-publish","has-post-thumbnail","hentry"],"yoast_head":"<!-- This site is optimized with the Yoast SEO plugin v26.0 - https:\/\/yoast.com\/wordpress\/plugins\/seo\/ -->\n<title>Sobre nosaltres - Obra de Teatro.com<\/title>\n<meta name=\"description\" content=\"Si est\u00e0s buscant una obra de teatre per representar amb el teu grup, en aquest espai potser trobar\u00e0s l&#039;adequada. S\u00f3c Ivan Mart\u00edn, professor\" \/>\n<meta name=\"robots\" content=\"index, follow, max-snippet:-1, max-image-preview:large, max-video-preview:-1\" \/>\n<link rel=\"canonical\" href=\"https:\/\/obradeteatro.com\/ca\/sobre-nosaltres\/\" \/>\n<meta property=\"og:locale\" content=\"ca_ES\" \/>\n<meta property=\"og:type\" content=\"article\" \/>\n<meta property=\"og:title\" content=\"Sobre nosaltres - Obra de Teatro.com\" \/>\n<meta property=\"og:description\" content=\"Si est\u00e0s buscant una obra de teatre per representar amb el teu grup, en aquest espai potser trobar\u00e0s l&#039;adequada. S\u00f3c Ivan Mart\u00edn, professor\" \/>\n<meta property=\"og:url\" content=\"https:\/\/obradeteatro.com\/ca\/sobre-nosaltres\/\" \/>\n<meta property=\"og:site_name\" content=\"Obra de Teatro.com\" \/>\n<meta property=\"article:publisher\" content=\"https:\/\/www.facebook.com\/profile.php?id=61574978804537\" \/>\n<meta property=\"article:modified_time\" content=\"2025-08-20T09:29:13+00:00\" \/>\n<meta property=\"og:image\" content=\"https:\/\/obradeteatro.com\/wp-content\/uploads\/2025\/05\/theatrical-masks-image.jpg\" \/>\n\t<meta property=\"og:image:width\" content=\"1024\" \/>\n\t<meta property=\"og:image:height\" content=\"1024\" \/>\n\t<meta property=\"og:image:type\" content=\"image\/jpeg\" \/>\n<meta name=\"twitter:card\" content=\"summary_large_image\" \/>\n<meta name=\"twitter:label1\" content=\"Temps estimat de lectura\" \/>\n\t<meta name=\"twitter:data1\" content=\"3 minuts\" \/>\n<script type=\"application\/ld+json\" class=\"yoast-schema-graph\">{\"@context\":\"https:\/\/schema.org\",\"@graph\":[{\"@type\":\"WebPage\",\"@id\":\"https:\/\/obradeteatro.com\/ca\/sobre-nosaltres\/\",\"url\":\"https:\/\/obradeteatro.com\/ca\/sobre-nosaltres\/\",\"name\":\"Sobre nosaltres - Obra de Teatro.com\",\"isPartOf\":{\"@id\":\"https:\/\/obradeteatro.com\/ca\/#website\"},\"primaryImageOfPage\":{\"@id\":\"https:\/\/obradeteatro.com\/ca\/sobre-nosaltres\/#primaryimage\"},\"image\":{\"@id\":\"https:\/\/obradeteatro.com\/ca\/sobre-nosaltres\/#primaryimage\"},\"thumbnailUrl\":\"https:\/\/obradeteatro.com\/wp-content\/uploads\/2025\/05\/theatrical-masks-image.jpg\",\"datePublished\":\"2025-08-15T12:53:39+00:00\",\"dateModified\":\"2025-08-20T09:29:13+00:00\",\"description\":\"Si est\u00e0s buscant una obra de teatre per representar amb el teu grup, en aquest espai potser trobar\u00e0s l'adequada. S\u00f3c Ivan Mart\u00edn, professor\",\"breadcrumb\":{\"@id\":\"https:\/\/obradeteatro.com\/ca\/sobre-nosaltres\/#breadcrumb\"},\"inLanguage\":\"ca\",\"potentialAction\":[{\"@type\":\"ReadAction\",\"target\":[\"https:\/\/obradeteatro.com\/ca\/sobre-nosaltres\/\"]}]},{\"@type\":\"ImageObject\",\"inLanguage\":\"ca\",\"@id\":\"https:\/\/obradeteatro.com\/ca\/sobre-nosaltres\/#primaryimage\",\"url\":\"https:\/\/obradeteatro.com\/wp-content\/uploads\/2025\/05\/theatrical-masks-image.jpg\",\"contentUrl\":\"https:\/\/obradeteatro.com\/wp-content\/uploads\/2025\/05\/theatrical-masks-image.jpg\",\"width\":1024,\"height\":1024,\"caption\":\"Theatrical Masks Image\"},{\"@type\":\"BreadcrumbList\",\"@id\":\"https:\/\/obradeteatro.com\/ca\/sobre-nosaltres\/#breadcrumb\",\"itemListElement\":[{\"@type\":\"ListItem\",\"position\":1,\"name\":\"Home\",\"item\":\"https:\/\/obradeteatro.com\/ca\/inici\/\"},{\"@type\":\"ListItem\",\"position\":2,\"name\":\"Sobre nosaltres\"}]},{\"@type\":\"WebSite\",\"@id\":\"https:\/\/obradeteatro.com\/ca\/#website\",\"url\":\"https:\/\/obradeteatro.com\/ca\/\",\"name\":\"Obra de Teatro.com\",\"description\":\"\",\"publisher\":{\"@id\":\"https:\/\/obradeteatro.com\/ca\/#organization\"},\"potentialAction\":[{\"@type\":\"SearchAction\",\"target\":{\"@type\":\"EntryPoint\",\"urlTemplate\":\"https:\/\/obradeteatro.com\/ca\/?s={search_term_string}\"},\"query-input\":{\"@type\":\"PropertyValueSpecification\",\"valueRequired\":true,\"valueName\":\"search_term_string\"}}],\"inLanguage\":\"ca\"},{\"@type\":\"Organization\",\"@id\":\"https:\/\/obradeteatro.com\/ca\/#organization\",\"name\":\"Obra de Teatro.com\",\"url\":\"https:\/\/obradeteatro.com\/ca\/\",\"logo\":{\"@type\":\"ImageObject\",\"inLanguage\":\"ca\",\"@id\":\"https:\/\/obradeteatro.com\/ca\/#\/schema\/logo\/image\/\",\"url\":\"https:\/\/obradeteatro.com\/wp-content\/uploads\/2025\/05\/logo_obradeteatro_1.png\",\"contentUrl\":\"https:\/\/obradeteatro.com\/wp-content\/uploads\/2025\/05\/logo_obradeteatro_1.png\",\"width\":1200,\"height\":668,\"caption\":\"Obra de Teatro.com\"},\"image\":{\"@id\":\"https:\/\/obradeteatro.com\/ca\/#\/schema\/logo\/image\/\"},\"sameAs\":[\"https:\/\/www.facebook.com\/profile.php?id=61574978804537\",\"https:\/\/www.instagram.com\/obradeteatroivanmartin\"]}]}<\/script>\n<!-- \/ Yoast SEO plugin. -->","yoast_head_json":{"title":"Sobre nosaltres - Obra de Teatro.com","description":"Si est\u00e0s buscant una obra de teatre per representar amb el teu grup, en aquest espai potser trobar\u00e0s l'adequada. S\u00f3c Ivan Mart\u00edn, professor","robots":{"index":"index","follow":"follow","max-snippet":"max-snippet:-1","max-image-preview":"max-image-preview:large","max-video-preview":"max-video-preview:-1"},"canonical":"https:\/\/obradeteatro.com\/ca\/sobre-nosaltres\/","og_locale":"ca_ES","og_type":"article","og_title":"Sobre nosaltres - Obra de Teatro.com","og_description":"Si est\u00e0s buscant una obra de teatre per representar amb el teu grup, en aquest espai potser trobar\u00e0s l'adequada. S\u00f3c Ivan Mart\u00edn, professor","og_url":"https:\/\/obradeteatro.com\/ca\/sobre-nosaltres\/","og_site_name":"Obra de Teatro.com","article_publisher":"https:\/\/www.facebook.com\/profile.php?id=61574978804537","article_modified_time":"2025-08-20T09:29:13+00:00","og_image":[{"width":1024,"height":1024,"url":"https:\/\/obradeteatro.com\/wp-content\/uploads\/2025\/05\/theatrical-masks-image.jpg","type":"image\/jpeg"}],"twitter_card":"summary_large_image","twitter_misc":{"Temps estimat de lectura":"3 minuts"},"schema":{"@context":"https:\/\/schema.org","@graph":[{"@type":"WebPage","@id":"https:\/\/obradeteatro.com\/ca\/sobre-nosaltres\/","url":"https:\/\/obradeteatro.com\/ca\/sobre-nosaltres\/","name":"Sobre nosaltres - Obra de Teatro.com","isPartOf":{"@id":"https:\/\/obradeteatro.com\/ca\/#website"},"primaryImageOfPage":{"@id":"https:\/\/obradeteatro.com\/ca\/sobre-nosaltres\/#primaryimage"},"image":{"@id":"https:\/\/obradeteatro.com\/ca\/sobre-nosaltres\/#primaryimage"},"thumbnailUrl":"https:\/\/obradeteatro.com\/wp-content\/uploads\/2025\/05\/theatrical-masks-image.jpg","datePublished":"2025-08-15T12:53:39+00:00","dateModified":"2025-08-20T09:29:13+00:00","description":"Si est\u00e0s buscant una obra de teatre per representar amb el teu grup, en aquest espai potser trobar\u00e0s l'adequada. S\u00f3c Ivan Mart\u00edn, professor","breadcrumb":{"@id":"https:\/\/obradeteatro.com\/ca\/sobre-nosaltres\/#breadcrumb"},"inLanguage":"ca","potentialAction":[{"@type":"ReadAction","target":["https:\/\/obradeteatro.com\/ca\/sobre-nosaltres\/"]}]},{"@type":"ImageObject","inLanguage":"ca","@id":"https:\/\/obradeteatro.com\/ca\/sobre-nosaltres\/#primaryimage","url":"https:\/\/obradeteatro.com\/wp-content\/uploads\/2025\/05\/theatrical-masks-image.jpg","contentUrl":"https:\/\/obradeteatro.com\/wp-content\/uploads\/2025\/05\/theatrical-masks-image.jpg","width":1024,"height":1024,"caption":"Theatrical Masks Image"},{"@type":"BreadcrumbList","@id":"https:\/\/obradeteatro.com\/ca\/sobre-nosaltres\/#breadcrumb","itemListElement":[{"@type":"ListItem","position":1,"name":"Home","item":"https:\/\/obradeteatro.com\/ca\/inici\/"},{"@type":"ListItem","position":2,"name":"Sobre nosaltres"}]},{"@type":"WebSite","@id":"https:\/\/obradeteatro.com\/ca\/#website","url":"https:\/\/obradeteatro.com\/ca\/","name":"Obra de Teatro.com","description":"","publisher":{"@id":"https:\/\/obradeteatro.com\/ca\/#organization"},"potentialAction":[{"@type":"SearchAction","target":{"@type":"EntryPoint","urlTemplate":"https:\/\/obradeteatro.com\/ca\/?s={search_term_string}"},"query-input":{"@type":"PropertyValueSpecification","valueRequired":true,"valueName":"search_term_string"}}],"inLanguage":"ca"},{"@type":"Organization","@id":"https:\/\/obradeteatro.com\/ca\/#organization","name":"Obra de Teatro.com","url":"https:\/\/obradeteatro.com\/ca\/","logo":{"@type":"ImageObject","inLanguage":"ca","@id":"https:\/\/obradeteatro.com\/ca\/#\/schema\/logo\/image\/","url":"https:\/\/obradeteatro.com\/wp-content\/uploads\/2025\/05\/logo_obradeteatro_1.png","contentUrl":"https:\/\/obradeteatro.com\/wp-content\/uploads\/2025\/05\/logo_obradeteatro_1.png","width":1200,"height":668,"caption":"Obra de Teatro.com"},"image":{"@id":"https:\/\/obradeteatro.com\/ca\/#\/schema\/logo\/image\/"},"sameAs":["https:\/\/www.facebook.com\/profile.php?id=61574978804537","https:\/\/www.instagram.com\/obradeteatroivanmartin"]}]}},"jetpack_sharing_enabled":true,"_links":{"self":[{"href":"https:\/\/obradeteatro.com\/ca\/wp-json\/wp\/v2\/pages\/7258","targetHints":{"allow":["GET"]}}],"collection":[{"href":"https:\/\/obradeteatro.com\/ca\/wp-json\/wp\/v2\/pages"}],"about":[{"href":"https:\/\/obradeteatro.com\/ca\/wp-json\/wp\/v2\/types\/page"}],"author":[{"embeddable":true,"href":"https:\/\/obradeteatro.com\/ca\/wp-json\/wp\/v2\/users\/1"}],"replies":[{"embeddable":true,"href":"https:\/\/obradeteatro.com\/ca\/wp-json\/wp\/v2\/comments?post=7258"}],"version-history":[{"count":14,"href":"https:\/\/obradeteatro.com\/ca\/wp-json\/wp\/v2\/pages\/7258\/revisions"}],"predecessor-version":[{"id":7472,"href":"https:\/\/obradeteatro.com\/ca\/wp-json\/wp\/v2\/pages\/7258\/revisions\/7472"}],"wp:featuredmedia":[{"embeddable":true,"href":"https:\/\/obradeteatro.com\/ca\/wp-json\/wp\/v2\/media\/7229"}],"wp:attachment":[{"href":"https:\/\/obradeteatro.com\/ca\/wp-json\/wp\/v2\/media?parent=7258"}],"curies":[{"name":"wp","href":"https:\/\/api.w.org\/{rel}","templated":true}]}}