{"id":7259,"date":"2025-08-15T12:35:28","date_gmt":"2025-08-15T12:35:28","guid":{"rendered":"https:\/\/obradeteatro.com\/obra-de-teatre-el-princep-lladrador\/"},"modified":"2025-08-20T09:18:44","modified_gmt":"2025-08-20T09:18:44","slug":"obra-de-teatre-el-princep-lladrador","status":"publish","type":"page","link":"https:\/\/obradeteatro.com\/ca\/obra-de-teatre-el-princep-lladrador\/","title":{"rendered":"Obra de Teatre &#8211; El Pr\u00edncep Lladrador"},"content":{"rendered":"\t\t<div data-elementor-type=\"wp-page\" data-elementor-id=\"7259\" class=\"elementor elementor-7259 elementor-5851\">\n\t\t\t\t<div class=\"elementor-element elementor-element-25bfffe8 e-flex e-con-boxed e-con e-parent\" data-id=\"25bfffe8\" data-element_type=\"container\">\n\t\t\t\t\t<div class=\"e-con-inner\">\n\t\t\t\t<div class=\"elementor-element elementor-element-513adb2 elementor-widget elementor-widget-qi_addons_for_elementor_section_title\" data-id=\"513adb2\" data-element_type=\"widget\" data-widget_type=\"qi_addons_for_elementor_section_title.default\">\n\t\t\t\t<div class=\"elementor-widget-container\">\n\t\t\t\t\t<div class=\"qodef-shortcode qodef-m qodef-qi-section-title qodef-decoration--italic qodef-link--underline-draw qodef-subtitle-icon--left\">\n\t\t\t\t<h5 class=\"qodef-m-subtitle\">\n\t\tObra de Teatre\t\t\t<\/h5>\n\t\t\t<h2 class=\"qodef-m-title\">\n\t\tEl Pr\u00edncep Lladrador\t<\/h2>\n\t\t\t<\/div>\n\t\t\t\t<\/div>\n\t\t\t\t<\/div>\n\t\t\t\t<div class=\"elementor-element elementor-element-e7f7765 elementor-widget elementor-widget-html\" data-id=\"e7f7765\" data-element_type=\"widget\" data-widget_type=\"html.default\">\n\t\t\t\t<div class=\"elementor-widget-container\">\n\t\t\t\t\t<script src=\"https:\/\/gumroad.com\/js\/gumroad.js\"><\/script>\t\t\t\t<\/div>\n\t\t\t\t<\/div>\n\t\t\t\t<div class=\"elementor-element elementor-element-818cf35 elementor-widget elementor-widget-image\" data-id=\"818cf35\" data-element_type=\"widget\" data-widget_type=\"image.default\">\n\t\t\t\t<div class=\"elementor-widget-container\">\n\t\t\t\t\t\t\t\t\t\t\t\t\t\t\t<img fetchpriority=\"high\" decoding=\"async\" width=\"1024\" height=\"1024\" src=\"https:\/\/obradeteatro.com\/wp-content\/uploads\/2025\/08\/Principe-Ladrador-Gratis-Castella.jpg\" class=\"attachment-large size-large wp-image-7248\" alt=\"\" srcset=\"https:\/\/obradeteatro.com\/wp-content\/uploads\/2025\/08\/Principe-Ladrador-Gratis-Castella.jpg 1024w, https:\/\/obradeteatro.com\/wp-content\/uploads\/2025\/08\/Principe-Ladrador-Gratis-Castella-300x300.jpg 300w, https:\/\/obradeteatro.com\/wp-content\/uploads\/2025\/08\/Principe-Ladrador-Gratis-Castella-150x150.jpg 150w, https:\/\/obradeteatro.com\/wp-content\/uploads\/2025\/08\/Principe-Ladrador-Gratis-Castella-768x768.jpg 768w, https:\/\/obradeteatro.com\/wp-content\/uploads\/2025\/08\/Principe-Ladrador-Gratis-Castella-650x650.jpg 650w\" sizes=\"(max-width: 1024px) 100vw, 1024px\" \/>\t\t\t\t\t\t\t\t\t\t\t\t\t\t\t<\/div>\n\t\t\t\t<\/div>\n\t\t<div class=\"elementor-element elementor-element-1b935ee e-grid e-con-full e-con e-child\" data-id=\"1b935ee\" data-element_type=\"container\">\n\t\t\t\t<div class=\"elementor-element elementor-element-ae8c6f6 elementor-widget elementor-widget-belletrist_core_button\" data-id=\"ae8c6f6\" data-element_type=\"widget\" data-widget_type=\"belletrist_core_button.default\">\n\t\t\t\t<div class=\"elementor-widget-container\">\n\t\t\t\t\t<a class=\"qodef-shortcode qodef-m  qodef-button qodef-layout--outlined  qodef-html--link\" href=\"https:\/\/obradeteatro.gumroad.com\/l\/kfuodj\" target=\"_self\"  >\n\t<span class=\"qodef-m-text\">Comprar Gratis (Catal\u00e0)<\/span>\n<\/a>\t\t\t\t<\/div>\n\t\t\t\t<\/div>\n\t\t\t\t<div class=\"elementor-element elementor-element-d3a7436 elementor-widget elementor-widget-belletrist_core_button\" data-id=\"d3a7436\" data-element_type=\"widget\" data-widget_type=\"belletrist_core_button.default\">\n\t\t\t\t<div class=\"elementor-widget-container\">\n\t\t\t\t\t<a class=\"qodef-shortcode qodef-m  qodef-button qodef-layout--outlined  qodef-html--link\" href=\"https:\/\/obradeteatro.gumroad.com\/l\/edrorc\" target=\"_self\"  >\n\t<span class=\"qodef-m-text\">Comprar Gratis (Castell\u00e0)<\/span>\n<\/a>\t\t\t\t<\/div>\n\t\t\t\t<\/div>\n\t\t\t\t<\/div>\n\t\t\t\t<div class=\"elementor-element elementor-element-12af1f7 elementor-widget-divider--view-line elementor-widget elementor-widget-divider\" data-id=\"12af1f7\" data-element_type=\"widget\" data-widget_type=\"divider.default\">\n\t\t\t\t<div class=\"elementor-widget-container\">\n\t\t\t\t\t\t\t<div class=\"elementor-divider\">\n\t\t\t<span class=\"elementor-divider-separator\">\n\t\t\t\t\t\t<\/span>\n\t\t<\/div>\n\t\t\t\t\t\t<\/div>\n\t\t\t\t<\/div>\n\t\t\t\t<div class=\"elementor-element elementor-element-f682dd4 elementor-widget elementor-widget-belletrist_core_section_title\" data-id=\"f682dd4\" data-element_type=\"widget\" data-widget_type=\"belletrist_core_section_title.default\">\n\t\t\t\t<div class=\"elementor-widget-container\">\n\t\t\t\t\t<div class=\"qodef-shortcode qodef-m  qodef-section-title qodef-alignment--left \">\n\t\t\t<h2 class=\"qodef-m-title\" >\n\t\t\t\t\tVer una muestra de la obra:\t\t\t<\/h2>\n\t\t<span class=\"qodef-m-separator\" ><\/span>\n\t<\/div>\t\t\t\t<\/div>\n\t\t\t\t<\/div>\n\t\t\t\t<div class=\"elementor-element elementor-element-00b1a68 elementor-widget elementor-widget-text-editor\" data-id=\"00b1a68\" data-element_type=\"widget\" data-widget_type=\"text-editor.default\">\n\t\t\t\t<div class=\"elementor-widget-container\">\n\t\t\t\t\t\t\t\t\t<p>Per veure una mostra, pots comprar l&#8217;obra completa totalment gratu\u00efta en qualsevol dels dos idiomes disponibles.<\/p>\t\t\t\t\t\t\t\t<\/div>\n\t\t\t\t<\/div>\n\t\t\t\t<div class=\"elementor-element elementor-element-703b279 elementor-widget-divider--view-line elementor-widget elementor-widget-divider\" data-id=\"703b279\" data-element_type=\"widget\" data-widget_type=\"divider.default\">\n\t\t\t\t<div class=\"elementor-widget-container\">\n\t\t\t\t\t\t\t<div class=\"elementor-divider\">\n\t\t\t<span class=\"elementor-divider-separator\">\n\t\t\t\t\t\t<\/span>\n\t\t<\/div>\n\t\t\t\t\t\t<\/div>\n\t\t\t\t<\/div>\n\t\t\t\t<div class=\"elementor-element elementor-element-5990907 elementor-widget elementor-widget-spacer\" data-id=\"5990907\" data-element_type=\"widget\" data-widget_type=\"spacer.default\">\n\t\t\t\t<div class=\"elementor-widget-container\">\n\t\t\t\t\t\t\t<div class=\"elementor-spacer\">\n\t\t\t<div class=\"elementor-spacer-inner\"><\/div>\n\t\t<\/div>\n\t\t\t\t\t\t<\/div>\n\t\t\t\t<\/div>\n\t\t\t\t<div class=\"elementor-element elementor-element-3d14227 elementor-widget elementor-widget-belletrist_core_section_title\" data-id=\"3d14227\" data-element_type=\"widget\" data-widget_type=\"belletrist_core_section_title.default\">\n\t\t\t\t<div class=\"elementor-widget-container\">\n\t\t\t\t\t<div class=\"qodef-shortcode qodef-m  qodef-section-title qodef-alignment--left \">\n\t\t\t<h2 class=\"qodef-m-title\" >\n\t\t\t\t\tSobre la obra de teatro:\t\t\t<\/h2>\n\t\t<span class=\"qodef-m-separator\" ><\/span>\n\t<\/div>\t\t\t\t<\/div>\n\t\t\t\t<\/div>\n\t\t\t\t<div class=\"elementor-element elementor-element-771fd3eb elementor-widget elementor-widget-text-editor\" data-id=\"771fd3eb\" data-element_type=\"widget\" data-widget_type=\"text-editor.default\">\n\t\t\t\t<div class=\"elementor-widget-container\">\n\t\t\t\t\t\t\t\t\t<p><strong>T\u00cdTOL: <em>El Pr\u00edncep Lladrador<\/em><\/strong><\/p><p><strong>G\u00c8NERE<\/strong>: Aventures. Fantasia. <\/p><p><strong>SINOPSI<\/strong>:  <span lang=\"ES\">Un pr\u00edncep que no vol seguir les ordres que li dicta la seva mare la reina decideix sortir del castell sense perm\u00eds. En aquesta sortida es troba amb una bruixa que canviar\u00e0 la seva veu per lladrucs de gos. Com es podr\u00e0 solucionar aquest problema?  <\/span><\/p><p><strong>EDAT INT\u00c8RPRETS<\/strong>: <span lang=\"ES\">7 anys en endavant.<\/span><\/p><p><strong>DURADA<\/strong>: <span lang=\"ES\">15-20 minuts.<\/span><\/p><p><strong>LLENG\u00dcES DISPONIBLES<\/strong>: <a href=\"#\">Castell\u00e0<\/a> \/ <a href=\"#\">Catal\u00e0<\/a><\/p><p><strong>NOMBRE DE P\u00c0GINES<\/strong>: 16 p\u00e0gines<\/p><p><strong>PERSONATGES. NOMBRE I G\u00c8NERE <\/strong>:<\/p><ul><li>VERSI\u00d3 10 PERSONATGES: 5 FEM., 2 MASC., 3 INDEFINITS.<br>Es pot adaptar a 9 personatges si s&#8217;elimina el personatge GERMANA 2 i que el seu text el digui el personatge GERMANA 1.<\/li><\/ul><p><strong>G\u00c8NERE INT\u00c8RPRETS<\/strong>:<\/p><ul><li>tot i que els personatges escrits en el llibret tenen uns g\u00e8neres definits, fent canvis de text, aquesta obra es pot realitzar amb els seg\u00fcents int\u00e8rprets segons el seu g\u00e8nere:<ul><li>VERSI\u00d3 10 PERSONATGES: 10 QUALSEVOL<br>*Si es vol canviar el personatge REINA per un REI, pot suposar haver de dedicar temps a adaptar bona part del text m\u00e9s enll\u00e0 de la declinaci\u00f3 de g\u00e8nere.<\/li><\/ul><\/li><\/ul><p><strong>ESPAIS ESC\u00c8NICS<\/strong>:<\/p><ul><li>Sala del tron.<\/li><li>Pati del castell.<\/li><li>Cabana de la bruixa.<\/li><li>Bosc.<\/li><\/ul><p><strong>DECORAT<\/strong>: senzill. <span lang=\"ES\">L&#8217;obra pot funcionar sense escenografia, utilitzant nom\u00e9s projeccions. <\/span> <\/p><p><strong>DIFICULTAT<\/strong>: f\u00e0cil. Tot i que el personatge REINA t\u00e9 for\u00e7a text. <\/p><p><strong>MATERIAL GR\u00c0FIC<\/strong>: no disponible.<\/p><p data-pm-slice=\"1 1 []\"><strong>VERSI\u00d3 A LA VENDA INCLOU<\/strong>:<\/p><ul><li>Obra en format PDF i en format WORD editable.<\/li><li>Fulls i r\u00e8pliques numerades.<\/li><li>Croquis i explicaci\u00f3 d&#8217;escenografia.<\/li><li>Apunts m\u00ednims sobre vestuari.<\/li><li>Apunts m\u00ednims sobre espai sonor.<\/li><li>Apunts m\u00ednims sobre particularitats de l&#8217;obra.<\/li><li>Taula amb necessitats d&#8217;Atrezzo i Escenografia.<\/li><\/ul><p>Per con\u00e8ixer les condicions d&#8217;\u00fas de les nostres obres de teatre, fes clic <a href=\"https:\/\/obradeteatro.com\/ca\/condicions-dus-de-les-obres-de-teatre\/\">aqu\u00ed<\/a>. Si tens preguntes, visita la nostra p\u00e0gina de preguntes freq\u00fcents <a href=\"https:\/\/obradeteatro.com\/faq\/\">aqu\u00ed<\/a>. <\/p>\t\t\t\t\t\t\t\t<\/div>\n\t\t\t\t<\/div>\n\t\t<div class=\"elementor-element elementor-element-d3a3791 e-grid e-con-full e-con e-child\" data-id=\"d3a3791\" data-element_type=\"container\">\n\t\t\t\t<div class=\"elementor-element elementor-element-5c6e247 elementor-widget elementor-widget-belletrist_core_button\" data-id=\"5c6e247\" data-element_type=\"widget\" data-widget_type=\"belletrist_core_button.default\">\n\t\t\t\t<div class=\"elementor-widget-container\">\n\t\t\t\t\t<a class=\"qodef-shortcode qodef-m  qodef-button qodef-layout--outlined  qodef-html--link\" href=\"https:\/\/obradeteatro.gumroad.com\/l\/wanjm\" target=\"_self\"  >\n\t<span class=\"qodef-m-text\">Comprar Gratis (Catal\u00e0)<\/span>\n<\/a>\t\t\t\t<\/div>\n\t\t\t\t<\/div>\n\t\t\t\t<div class=\"elementor-element elementor-element-96295c7 elementor-widget elementor-widget-belletrist_core_button\" data-id=\"96295c7\" data-element_type=\"widget\" data-widget_type=\"belletrist_core_button.default\">\n\t\t\t\t<div class=\"elementor-widget-container\">\n\t\t\t\t\t<a class=\"qodef-shortcode qodef-m  qodef-button qodef-layout--outlined  qodef-html--link\" href=\"https:\/\/obradeteatro.gumroad.com\/l\/edrorc\" target=\"_self\"  >\n\t<span class=\"qodef-m-text\">Comprar Gratis (Castell\u00e0)<\/span>\n<\/a>\t\t\t\t<\/div>\n\t\t\t\t<\/div>\n\t\t\t\t<\/div>\n\t\t\t\t\t<\/div>\n\t\t\t\t<\/div>\n\t\t\t\t<\/div>\n\t\t","protected":false},"excerpt":{"rendered":"<p>Obra de Teatre El Pr\u00edncep Lladrador Comprar Gratis (Catal\u00e0) Comprar Gratis (Castell\u00e0) Ver una muestra de la obra: Per veure una mostra, pots comprar l&#8217;obra completa totalment gratu\u00efta en qualsevol dels dos idiomes disponibles. Sobre la obra de teatro: T\u00cdTOL: El Pr\u00edncep Lladrador G\u00c8NERE: Aventures. Fantasia. SINOPSI: Un pr\u00edncep que no vol seguir les ordres [&hellip;]<\/p>\n","protected":false},"author":1,"featured_media":7236,"parent":0,"menu_order":0,"comment_status":"closed","ping_status":"closed","template":"","meta":{"_themeisle_gutenberg_block_has_review":false,"footnotes":""},"class_list":["post-7259","page","type-page","status-publish","has-post-thumbnail","hentry"],"yoast_head":"<!-- This site is optimized with the Yoast SEO plugin v26.0 - https:\/\/yoast.com\/wordpress\/plugins\/seo\/ -->\n<title>Obra de Teatre - El Pr\u00edncep Lladrador - Obra de Teatro.com<\/title>\n<meta name=\"description\" content=\"El Pr\u00edncep Lladrador \u00e9s una obra de teatre disponible per a infants majors de 7 anys dirigida a grups educatius amb...\" \/>\n<meta name=\"robots\" content=\"index, follow, max-snippet:-1, max-image-preview:large, max-video-preview:-1\" \/>\n<link rel=\"canonical\" href=\"https:\/\/obradeteatro.com\/ca\/obra-de-teatre-el-princep-lladrador\/\" \/>\n<meta property=\"og:locale\" content=\"ca_ES\" \/>\n<meta property=\"og:type\" content=\"article\" \/>\n<meta property=\"og:title\" content=\"Obra de Teatre - El Pr\u00edncep Lladrador - Obra de Teatro.com\" \/>\n<meta property=\"og:description\" content=\"El Pr\u00edncep Lladrador \u00e9s una obra de teatre disponible per a infants majors de 7 anys dirigida a grups educatius amb...\" \/>\n<meta property=\"og:url\" content=\"https:\/\/obradeteatro.com\/ca\/obra-de-teatre-el-princep-lladrador\/\" \/>\n<meta property=\"og:site_name\" content=\"Obra de Teatro.com\" \/>\n<meta property=\"article:publisher\" content=\"https:\/\/www.facebook.com\/profile.php?id=61574978804537\" \/>\n<meta property=\"article:modified_time\" content=\"2025-08-20T09:18:44+00:00\" \/>\n<meta property=\"og:image\" content=\"https:\/\/obradeteatro.com\/wp-content\/uploads\/2025\/06\/PRINCEP_LLADRADOR_imatge.jpg\" \/>\n\t<meta property=\"og:image:width\" content=\"1024\" \/>\n\t<meta property=\"og:image:height\" content=\"1024\" \/>\n\t<meta property=\"og:image:type\" content=\"image\/jpeg\" \/>\n<meta name=\"twitter:card\" content=\"summary_large_image\" \/>\n<meta name=\"twitter:label1\" content=\"Temps estimat de lectura\" \/>\n\t<meta name=\"twitter:data1\" content=\"2 minuts\" \/>\n<script type=\"application\/ld+json\" class=\"yoast-schema-graph\">{\"@context\":\"https:\/\/schema.org\",\"@graph\":[{\"@type\":\"WebPage\",\"@id\":\"https:\/\/obradeteatro.com\/ca\/obra-de-teatre-el-princep-lladrador\/\",\"url\":\"https:\/\/obradeteatro.com\/ca\/obra-de-teatre-el-princep-lladrador\/\",\"name\":\"Obra de Teatre - El Pr\u00edncep Lladrador - Obra de Teatro.com\",\"isPartOf\":{\"@id\":\"https:\/\/obradeteatro.com\/ca\/#website\"},\"primaryImageOfPage\":{\"@id\":\"https:\/\/obradeteatro.com\/ca\/obra-de-teatre-el-princep-lladrador\/#primaryimage\"},\"image\":{\"@id\":\"https:\/\/obradeteatro.com\/ca\/obra-de-teatre-el-princep-lladrador\/#primaryimage\"},\"thumbnailUrl\":\"https:\/\/obradeteatro.com\/wp-content\/uploads\/2025\/06\/PRINCEP_LLADRADOR_imatge.jpg\",\"datePublished\":\"2025-08-15T12:35:28+00:00\",\"dateModified\":\"2025-08-20T09:18:44+00:00\",\"description\":\"El Pr\u00edncep Lladrador \u00e9s una obra de teatre disponible per a infants majors de 7 anys dirigida a grups educatius amb...\",\"breadcrumb\":{\"@id\":\"https:\/\/obradeteatro.com\/ca\/obra-de-teatre-el-princep-lladrador\/#breadcrumb\"},\"inLanguage\":\"ca\",\"potentialAction\":[{\"@type\":\"ReadAction\",\"target\":[\"https:\/\/obradeteatro.com\/ca\/obra-de-teatre-el-princep-lladrador\/\"]}]},{\"@type\":\"ImageObject\",\"inLanguage\":\"ca\",\"@id\":\"https:\/\/obradeteatro.com\/ca\/obra-de-teatre-el-princep-lladrador\/#primaryimage\",\"url\":\"https:\/\/obradeteatro.com\/wp-content\/uploads\/2025\/06\/PRINCEP_LLADRADOR_imatge.jpg\",\"contentUrl\":\"https:\/\/obradeteatro.com\/wp-content\/uploads\/2025\/06\/PRINCEP_LLADRADOR_imatge.jpg\",\"width\":1024,\"height\":1024,\"caption\":\"Imagen de la obra principe labrador\"},{\"@type\":\"BreadcrumbList\",\"@id\":\"https:\/\/obradeteatro.com\/ca\/obra-de-teatre-el-princep-lladrador\/#breadcrumb\",\"itemListElement\":[{\"@type\":\"ListItem\",\"position\":1,\"name\":\"Home\",\"item\":\"https:\/\/obradeteatro.com\/ca\/inici\/\"},{\"@type\":\"ListItem\",\"position\":2,\"name\":\"Obra de Teatre &#8211; El Pr\u00edncep Lladrador\"}]},{\"@type\":\"WebSite\",\"@id\":\"https:\/\/obradeteatro.com\/ca\/#website\",\"url\":\"https:\/\/obradeteatro.com\/ca\/\",\"name\":\"Obra de Teatro.com\",\"description\":\"\",\"publisher\":{\"@id\":\"https:\/\/obradeteatro.com\/ca\/#organization\"},\"potentialAction\":[{\"@type\":\"SearchAction\",\"target\":{\"@type\":\"EntryPoint\",\"urlTemplate\":\"https:\/\/obradeteatro.com\/ca\/?s={search_term_string}\"},\"query-input\":{\"@type\":\"PropertyValueSpecification\",\"valueRequired\":true,\"valueName\":\"search_term_string\"}}],\"inLanguage\":\"ca\"},{\"@type\":\"Organization\",\"@id\":\"https:\/\/obradeteatro.com\/ca\/#organization\",\"name\":\"Obra de Teatro.com\",\"url\":\"https:\/\/obradeteatro.com\/ca\/\",\"logo\":{\"@type\":\"ImageObject\",\"inLanguage\":\"ca\",\"@id\":\"https:\/\/obradeteatro.com\/ca\/#\/schema\/logo\/image\/\",\"url\":\"https:\/\/obradeteatro.com\/wp-content\/uploads\/2025\/05\/logo_obradeteatro_1.png\",\"contentUrl\":\"https:\/\/obradeteatro.com\/wp-content\/uploads\/2025\/05\/logo_obradeteatro_1.png\",\"width\":1200,\"height\":668,\"caption\":\"Obra de Teatro.com\"},\"image\":{\"@id\":\"https:\/\/obradeteatro.com\/ca\/#\/schema\/logo\/image\/\"},\"sameAs\":[\"https:\/\/www.facebook.com\/profile.php?id=61574978804537\",\"https:\/\/www.instagram.com\/obradeteatroivanmartin\"]}]}<\/script>\n<!-- \/ Yoast SEO plugin. -->","yoast_head_json":{"title":"Obra de Teatre - El Pr\u00edncep Lladrador - Obra de Teatro.com","description":"El Pr\u00edncep Lladrador \u00e9s una obra de teatre disponible per a infants majors de 7 anys dirigida a grups educatius amb...","robots":{"index":"index","follow":"follow","max-snippet":"max-snippet:-1","max-image-preview":"max-image-preview:large","max-video-preview":"max-video-preview:-1"},"canonical":"https:\/\/obradeteatro.com\/ca\/obra-de-teatre-el-princep-lladrador\/","og_locale":"ca_ES","og_type":"article","og_title":"Obra de Teatre - El Pr\u00edncep Lladrador - Obra de Teatro.com","og_description":"El Pr\u00edncep Lladrador \u00e9s una obra de teatre disponible per a infants majors de 7 anys dirigida a grups educatius amb...","og_url":"https:\/\/obradeteatro.com\/ca\/obra-de-teatre-el-princep-lladrador\/","og_site_name":"Obra de Teatro.com","article_publisher":"https:\/\/www.facebook.com\/profile.php?id=61574978804537","article_modified_time":"2025-08-20T09:18:44+00:00","og_image":[{"width":1024,"height":1024,"url":"https:\/\/obradeteatro.com\/wp-content\/uploads\/2025\/06\/PRINCEP_LLADRADOR_imatge.jpg","type":"image\/jpeg"}],"twitter_card":"summary_large_image","twitter_misc":{"Temps estimat de lectura":"2 minuts"},"schema":{"@context":"https:\/\/schema.org","@graph":[{"@type":"WebPage","@id":"https:\/\/obradeteatro.com\/ca\/obra-de-teatre-el-princep-lladrador\/","url":"https:\/\/obradeteatro.com\/ca\/obra-de-teatre-el-princep-lladrador\/","name":"Obra de Teatre - El Pr\u00edncep Lladrador - Obra de Teatro.com","isPartOf":{"@id":"https:\/\/obradeteatro.com\/ca\/#website"},"primaryImageOfPage":{"@id":"https:\/\/obradeteatro.com\/ca\/obra-de-teatre-el-princep-lladrador\/#primaryimage"},"image":{"@id":"https:\/\/obradeteatro.com\/ca\/obra-de-teatre-el-princep-lladrador\/#primaryimage"},"thumbnailUrl":"https:\/\/obradeteatro.com\/wp-content\/uploads\/2025\/06\/PRINCEP_LLADRADOR_imatge.jpg","datePublished":"2025-08-15T12:35:28+00:00","dateModified":"2025-08-20T09:18:44+00:00","description":"El Pr\u00edncep Lladrador \u00e9s una obra de teatre disponible per a infants majors de 7 anys dirigida a grups educatius amb...","breadcrumb":{"@id":"https:\/\/obradeteatro.com\/ca\/obra-de-teatre-el-princep-lladrador\/#breadcrumb"},"inLanguage":"ca","potentialAction":[{"@type":"ReadAction","target":["https:\/\/obradeteatro.com\/ca\/obra-de-teatre-el-princep-lladrador\/"]}]},{"@type":"ImageObject","inLanguage":"ca","@id":"https:\/\/obradeteatro.com\/ca\/obra-de-teatre-el-princep-lladrador\/#primaryimage","url":"https:\/\/obradeteatro.com\/wp-content\/uploads\/2025\/06\/PRINCEP_LLADRADOR_imatge.jpg","contentUrl":"https:\/\/obradeteatro.com\/wp-content\/uploads\/2025\/06\/PRINCEP_LLADRADOR_imatge.jpg","width":1024,"height":1024,"caption":"Imagen de la obra principe labrador"},{"@type":"BreadcrumbList","@id":"https:\/\/obradeteatro.com\/ca\/obra-de-teatre-el-princep-lladrador\/#breadcrumb","itemListElement":[{"@type":"ListItem","position":1,"name":"Home","item":"https:\/\/obradeteatro.com\/ca\/inici\/"},{"@type":"ListItem","position":2,"name":"Obra de Teatre &#8211; El Pr\u00edncep Lladrador"}]},{"@type":"WebSite","@id":"https:\/\/obradeteatro.com\/ca\/#website","url":"https:\/\/obradeteatro.com\/ca\/","name":"Obra de Teatro.com","description":"","publisher":{"@id":"https:\/\/obradeteatro.com\/ca\/#organization"},"potentialAction":[{"@type":"SearchAction","target":{"@type":"EntryPoint","urlTemplate":"https:\/\/obradeteatro.com\/ca\/?s={search_term_string}"},"query-input":{"@type":"PropertyValueSpecification","valueRequired":true,"valueName":"search_term_string"}}],"inLanguage":"ca"},{"@type":"Organization","@id":"https:\/\/obradeteatro.com\/ca\/#organization","name":"Obra de Teatro.com","url":"https:\/\/obradeteatro.com\/ca\/","logo":{"@type":"ImageObject","inLanguage":"ca","@id":"https:\/\/obradeteatro.com\/ca\/#\/schema\/logo\/image\/","url":"https:\/\/obradeteatro.com\/wp-content\/uploads\/2025\/05\/logo_obradeteatro_1.png","contentUrl":"https:\/\/obradeteatro.com\/wp-content\/uploads\/2025\/05\/logo_obradeteatro_1.png","width":1200,"height":668,"caption":"Obra de Teatro.com"},"image":{"@id":"https:\/\/obradeteatro.com\/ca\/#\/schema\/logo\/image\/"},"sameAs":["https:\/\/www.facebook.com\/profile.php?id=61574978804537","https:\/\/www.instagram.com\/obradeteatroivanmartin"]}]}},"jetpack_sharing_enabled":true,"_links":{"self":[{"href":"https:\/\/obradeteatro.com\/ca\/wp-json\/wp\/v2\/pages\/7259","targetHints":{"allow":["GET"]}}],"collection":[{"href":"https:\/\/obradeteatro.com\/ca\/wp-json\/wp\/v2\/pages"}],"about":[{"href":"https:\/\/obradeteatro.com\/ca\/wp-json\/wp\/v2\/types\/page"}],"author":[{"embeddable":true,"href":"https:\/\/obradeteatro.com\/ca\/wp-json\/wp\/v2\/users\/1"}],"replies":[{"embeddable":true,"href":"https:\/\/obradeteatro.com\/ca\/wp-json\/wp\/v2\/comments?post=7259"}],"version-history":[{"count":6,"href":"https:\/\/obradeteatro.com\/ca\/wp-json\/wp\/v2\/pages\/7259\/revisions"}],"predecessor-version":[{"id":7451,"href":"https:\/\/obradeteatro.com\/ca\/wp-json\/wp\/v2\/pages\/7259\/revisions\/7451"}],"wp:featuredmedia":[{"embeddable":true,"href":"https:\/\/obradeteatro.com\/ca\/wp-json\/wp\/v2\/media\/7236"}],"wp:attachment":[{"href":"https:\/\/obradeteatro.com\/ca\/wp-json\/wp\/v2\/media?parent=7259"}],"curies":[{"name":"wp","href":"https:\/\/api.w.org\/{rel}","templated":true}]}}