{"id":7262,"date":"2025-08-15T13:30:11","date_gmt":"2025-08-15T13:30:11","guid":{"rendered":"https:\/\/obradeteatro.com\/obra-de-teatre-coses-de-nens\/"},"modified":"2025-08-20T09:42:29","modified_gmt":"2025-08-20T09:42:29","slug":"obra-de-teatre-coses-de-nens","status":"publish","type":"page","link":"https:\/\/obradeteatro.com\/ca\/obra-de-teatre-coses-de-nens\/","title":{"rendered":"Obra de Teatre &#8211; Coses de Nens"},"content":{"rendered":"\t\t<div data-elementor-type=\"wp-page\" data-elementor-id=\"7262\" class=\"elementor elementor-7262 elementor-5789\">\n\t\t\t\t<div class=\"elementor-element elementor-element-57c5ef5f e-flex e-con-boxed e-con e-parent\" data-id=\"57c5ef5f\" data-element_type=\"container\">\n\t\t\t\t\t<div class=\"e-con-inner\">\n\t\t\t\t<div class=\"elementor-element elementor-element-666a67c elementor-widget elementor-widget-qi_addons_for_elementor_section_title\" data-id=\"666a67c\" data-element_type=\"widget\" data-widget_type=\"qi_addons_for_elementor_section_title.default\">\n\t\t\t\t<div class=\"elementor-widget-container\">\n\t\t\t\t\t<div class=\"qodef-shortcode qodef-m qodef-qi-section-title qodef-decoration--italic qodef-link--underline-draw qodef-subtitle-icon--left\">\n\t\t\t\t<h5 class=\"qodef-m-subtitle\">\n\t\tObra de Teatre\t\t\t<\/h5>\n\t\t\t<h2 class=\"qodef-m-title\">\n\t\tCoses de Nens\t<\/h2>\n\t\t\t<\/div>\n\t\t\t\t<\/div>\n\t\t\t\t<\/div>\n\t\t\t\t<div class=\"elementor-element elementor-element-09da10f elementor-widget elementor-widget-html\" data-id=\"09da10f\" data-element_type=\"widget\" data-widget_type=\"html.default\">\n\t\t\t\t<div class=\"elementor-widget-container\">\n\t\t\t\t\t<script src=\"https:\/\/gumroad.com\/js\/gumroad.js\"><\/script>\t\t\t\t<\/div>\n\t\t\t\t<\/div>\n\t\t\t\t<div class=\"elementor-element elementor-element-a1ee3dd elementor-widget elementor-widget-image\" data-id=\"a1ee3dd\" data-element_type=\"widget\" data-widget_type=\"image.default\">\n\t\t\t\t<div class=\"elementor-widget-container\">\n\t\t\t\t\t\t\t\t\t\t\t\t\t\t\t<img fetchpriority=\"high\" decoding=\"async\" width=\"1024\" height=\"1024\" src=\"https:\/\/obradeteatro.com\/wp-content\/uploads\/2025\/08\/cosas-de-nins-imatge.jpg\" class=\"attachment-large size-large wp-image-7247\" alt=\"Imagen representativa de la obra de teatro, Cosas de Ni\u00f1os\" srcset=\"https:\/\/obradeteatro.com\/wp-content\/uploads\/2025\/08\/cosas-de-nins-imatge.jpg 1024w, https:\/\/obradeteatro.com\/wp-content\/uploads\/2025\/08\/cosas-de-nins-imatge-300x300.jpg 300w, https:\/\/obradeteatro.com\/wp-content\/uploads\/2025\/08\/cosas-de-nins-imatge-150x150.jpg 150w, https:\/\/obradeteatro.com\/wp-content\/uploads\/2025\/08\/cosas-de-nins-imatge-768x768.jpg 768w, https:\/\/obradeteatro.com\/wp-content\/uploads\/2025\/08\/cosas-de-nins-imatge-650x650.jpg 650w\" sizes=\"(max-width: 1024px) 100vw, 1024px\" \/>\t\t\t\t\t\t\t\t\t\t\t\t\t\t\t<\/div>\n\t\t\t\t<\/div>\n\t\t<div class=\"elementor-element elementor-element-0bda360 e-grid e-con-full e-con e-child\" data-id=\"0bda360\" data-element_type=\"container\">\n\t\t\t\t<div class=\"elementor-element elementor-element-eb6f0de elementor-widget elementor-widget-belletrist_core_button\" data-id=\"eb6f0de\" data-element_type=\"widget\" data-widget_type=\"belletrist_core_button.default\">\n\t\t\t\t<div class=\"elementor-widget-container\">\n\t\t\t\t\t<a class=\"qodef-shortcode qodef-m  qodef-button qodef-layout--outlined  qodef-html--link\" href=\"https:\/\/obradeteatro.gumroad.com\/l\/gjzjyw\" target=\"_self\"  >\n\t<span class=\"qodef-m-text\">Comprar (Catal\u00e0)<\/span>\n<\/a>\t\t\t\t<\/div>\n\t\t\t\t<\/div>\n\t\t\t\t<div class=\"elementor-element elementor-element-9c7b378 elementor-widget elementor-widget-belletrist_core_button\" data-id=\"9c7b378\" data-element_type=\"widget\" data-widget_type=\"belletrist_core_button.default\">\n\t\t\t\t<div class=\"elementor-widget-container\">\n\t\t\t\t\t<a class=\"qodef-shortcode qodef-m  qodef-button qodef-layout--outlined  qodef-html--link\" href=\"https:\/\/obradeteatro.gumroad.com\/l\/bmnuzw\" target=\"_self\"  >\n\t<span class=\"qodef-m-text\">Comprar (Castell\u00e0)<\/span>\n<\/a>\t\t\t\t<\/div>\n\t\t\t\t<\/div>\n\t\t\t\t<div class=\"elementor-element elementor-element-5aca05e elementor-widget elementor-widget-belletrist_core_button\" data-id=\"5aca05e\" data-element_type=\"widget\" data-widget_type=\"belletrist_core_button.default\">\n\t\t\t\t<div class=\"elementor-widget-container\">\n\t\t\t\t\t<a class=\"qodef-shortcode qodef-m  qodef-button qodef-layout--outlined  qodef-html--link\" href=\"https:\/\/obradeteatro.gumroad.com\/l\/ldtkm\" target=\"_self\"  >\n\t<span class=\"qodef-m-text\">Comprar (Ambdues)<\/span>\n<\/a>\t\t\t\t<\/div>\n\t\t\t\t<\/div>\n\t\t\t\t<\/div>\n\t\t\t\t<div class=\"elementor-element elementor-element-8ae0f34 elementor-widget-divider--view-line elementor-widget elementor-widget-divider\" data-id=\"8ae0f34\" data-element_type=\"widget\" data-widget_type=\"divider.default\">\n\t\t\t\t<div class=\"elementor-widget-container\">\n\t\t\t\t\t\t\t<div class=\"elementor-divider\">\n\t\t\t<span class=\"elementor-divider-separator\">\n\t\t\t\t\t\t<\/span>\n\t\t<\/div>\n\t\t\t\t\t\t<\/div>\n\t\t\t\t<\/div>\n\t\t\t\t<div class=\"elementor-element elementor-element-e59e430 elementor-widget elementor-widget-belletrist_core_section_title\" data-id=\"e59e430\" data-element_type=\"widget\" data-widget_type=\"belletrist_core_section_title.default\">\n\t\t\t\t<div class=\"elementor-widget-container\">\n\t\t\t\t\t<div class=\"qodef-shortcode qodef-m  qodef-section-title qodef-alignment--left \">\n\t\t\t<h2 class=\"qodef-m-title\" >\n\t\t\t\t\tVer una muestra de la obra:\t\t\t<\/h2>\n\t\t<span class=\"qodef-m-separator\" ><\/span>\n\t<\/div>\t\t\t\t<\/div>\n\t\t\t\t<\/div>\n\t\t\t\t<div class=\"elementor-element elementor-element-edba21a elementor-widget elementor-widget-belletrist_core_accordion\" data-id=\"edba21a\" data-element_type=\"widget\" data-widget_type=\"belletrist_core_accordion.default\">\n\t\t\t\t<div class=\"elementor-widget-container\">\n\t\t\t\t\t<div class=\"qodef-shortcode qodef-m  qodef-accordion clear qodef-behavior--toggle qodef-layout--simple\">\n\t<p class=\"qodef-accordion-title\">\n\t<span class=\"qodef-tab-title\">\n\t\tMostra amb 10 personatges en Catal\u00e0\t<\/span>\n\t<span class=\"qodef-accordion-mark\">\n\t\t<span class=\"qodef-icon--plus\">+<\/span>\n\t\t<span class=\"qodef-icon--minus\">-<\/span>\n\t<\/span>\n<\/p>\n<div class=\"qodef-accordion-content\">\n\t<div class=\"qodef-accordion-content-inner\">\n\t\t<p>Descarregar o veure mostra en PDF aqu\u00ed: <button style=\"border: none; color: white; padding: 15px 32px; text-align: center; text-decoration: none; display: inline-block; font-size: 16px; margin: 4px 2px; cursor: pointer; background-color: #000000;\" type=\"button\"><a style=\"color: white;\" href=\"https:\/\/obradeteatro.com\/muestras\/cosas-de-ninos\/CAT-10p-Mostra-Coses-de-Nins-Ivan-Martin.pdf\" target=\"_blank\" rel=\"noopener\">Descarregar<\/a><\/button><\/p>\t<\/div>\n<\/div><p class=\"qodef-accordion-title\">\n\t<span class=\"qodef-tab-title\">\n\t\tMostra amb 11 personatges en Catal\u00e0\t<\/span>\n\t<span class=\"qodef-accordion-mark\">\n\t\t<span class=\"qodef-icon--plus\">+<\/span>\n\t\t<span class=\"qodef-icon--minus\">-<\/span>\n\t<\/span>\n<\/p>\n<div class=\"qodef-accordion-content\">\n\t<div class=\"qodef-accordion-content-inner\">\n\t\t<p>Descarregar o veure mostra en PDF aqu\u00ed: <button style=\"border: none; color: white; padding: 15px 32px; text-align: center; text-decoration: none; display: inline-block; font-size: 16px; margin: 4px 2px; cursor: pointer; background-color: #000000;\" type=\"button\"><a style=\"color: white;\" href=\"https:\/\/obradeteatro.com\/muestras\/cosas-de-ninos\/CAT-11p-Mostra-Coses-de-Nins-Ivan-Martin.pdf\" target=\"_blank\" rel=\"noopener\">Descarregar<\/a><\/button><\/p>\t<\/div>\n<\/div><p class=\"qodef-accordion-title\">\n\t<span class=\"qodef-tab-title\">\n\t\tMostra amb 10 personatges en Castell\u00e0\t<\/span>\n\t<span class=\"qodef-accordion-mark\">\n\t\t<span class=\"qodef-icon--plus\">+<\/span>\n\t\t<span class=\"qodef-icon--minus\">-<\/span>\n\t<\/span>\n<\/p>\n<div class=\"qodef-accordion-content\">\n\t<div class=\"qodef-accordion-content-inner\">\n\t\t<p>Descarregar o veure mostra en PDF aqu\u00ed: <button style=\"border: none; color: white; padding: 15px 32px; text-align: center; text-decoration: none; display: inline-block; font-size: 16px; margin: 4px 2px; cursor: pointer; background-color: #000000;\" type=\"button\"><a style=\"color: white;\" href=\"https:\/\/obradeteatro.com\/muestras\/cosas-de-ninos\/ES-10p-Muestra-Cosas-de-Ninos-Ivan-Martin.pdf\" target=\"_blank\" rel=\"noopener\">Descarregar<\/a><\/button><\/p>\t<\/div>\n<\/div><p class=\"qodef-accordion-title\">\n\t<span class=\"qodef-tab-title\">\n\t\tMostra amb 11 personatges en Castell\u00e0\t<\/span>\n\t<span class=\"qodef-accordion-mark\">\n\t\t<span class=\"qodef-icon--plus\">+<\/span>\n\t\t<span class=\"qodef-icon--minus\">-<\/span>\n\t<\/span>\n<\/p>\n<div class=\"qodef-accordion-content\">\n\t<div class=\"qodef-accordion-content-inner\">\n\t\t<p>Descarregar o veure mostra en PDF aqu\u00ed: <button style=\"border: none; color: white; padding: 15px 32px; text-align: center; text-decoration: none; display: inline-block; font-size: 16px; margin: 4px 2px; cursor: pointer; background-color: #000000;\" type=\"button\"><a style=\"color: white;\" href=\"https:\/\/obradeteatro.com\/muestras\/cosas-de-ninos\/ES-11p-Muestra-Cosas-de-Ninos-Ivan-Martin.pdf\" target=\"_blank\" rel=\"noopener\">Descarregar<\/a><\/button><\/p>\t<\/div>\n<\/div><\/div>\t\t\t\t<\/div>\n\t\t\t\t<\/div>\n\t\t\t\t<div class=\"elementor-element elementor-element-631db66 elementor-widget-divider--view-line elementor-widget elementor-widget-divider\" data-id=\"631db66\" data-element_type=\"widget\" data-widget_type=\"divider.default\">\n\t\t\t\t<div class=\"elementor-widget-container\">\n\t\t\t\t\t\t\t<div class=\"elementor-divider\">\n\t\t\t<span class=\"elementor-divider-separator\">\n\t\t\t\t\t\t<\/span>\n\t\t<\/div>\n\t\t\t\t\t\t<\/div>\n\t\t\t\t<\/div>\n\t\t\t\t<div class=\"elementor-element elementor-element-4a58aac elementor-widget elementor-widget-spacer\" data-id=\"4a58aac\" data-element_type=\"widget\" data-widget_type=\"spacer.default\">\n\t\t\t\t<div class=\"elementor-widget-container\">\n\t\t\t\t\t\t\t<div class=\"elementor-spacer\">\n\t\t\t<div class=\"elementor-spacer-inner\"><\/div>\n\t\t<\/div>\n\t\t\t\t\t\t<\/div>\n\t\t\t\t<\/div>\n\t\t\t\t<div class=\"elementor-element elementor-element-ca73aee elementor-widget elementor-widget-belletrist_core_section_title\" data-id=\"ca73aee\" data-element_type=\"widget\" data-widget_type=\"belletrist_core_section_title.default\">\n\t\t\t\t<div class=\"elementor-widget-container\">\n\t\t\t\t\t<div class=\"qodef-shortcode qodef-m  qodef-section-title qodef-alignment--left \">\n\t\t\t<h2 class=\"qodef-m-title\" >\n\t\t\t\t\tSobre la obra de teatro:\t\t\t<\/h2>\n\t\t<span class=\"qodef-m-separator\" ><\/span>\n\t<\/div>\t\t\t\t<\/div>\n\t\t\t\t<\/div>\n\t\t\t\t<div class=\"elementor-element elementor-element-3d34370e elementor-widget elementor-widget-text-editor\" data-id=\"3d34370e\" data-element_type=\"widget\" data-widget_type=\"text-editor.default\">\n\t\t\t\t<div class=\"elementor-widget-container\">\n\t\t\t\t\t\t\t\t\t<p><strong>T\u00cdTOL: <em>COSES DE NENS<\/em><\/strong><\/p><p><strong>G\u00c8NERE<\/strong>: Com\u00e8dia.<\/p><p><strong>SINOPSI<\/strong>: Un grup d&#8217;alumnes d&#8217;una escola s&#8217;ha tancat dins l&#8217;aula i no pensen sortir fins que els seus pares atenguin les seves demandes. Per aconseguir-ho han contactat amb un enigm\u00e0tic personatge que es dedica a intermediar en aquest tipus d&#8217;assumptes. Ho aconseguiran?  <\/p><p><strong>EDAT INT\u00c8RPRETS<\/strong>: 8 anys en endavant. Alguns personatges s\u00f3n d&#8217;adults (que poden ser interpretats per nens) i altres de nens en edat d&#8217;educaci\u00f3 prim\u00e0ria. Algun personatge apte per a int\u00e8rprets de 5\/6\/7 anys segons capacitat.  <\/p><p><strong>DURADA<\/strong>: 20-25 min<\/p><p><strong>LLENG\u00dcES DISPONIBLES<\/strong>: <a href=\"#\">Castell\u00e0<\/a> \/ <a href=\"#\">Catal\u00e0<\/a><\/p><p><strong>NOMBRE DE P\u00c0GINES<\/strong>: 16 p\u00e0gines<\/p><p><strong>PERSONATGES. NOMBRE I G\u00c8NERE <\/strong>:<\/p><p>\u00b7 <strong> VERSI\u00d3 11 PERSONATGES<\/strong>: 2 MASC., 9 FEM. (Es pot realitzar amb 10 int\u00e8rprets.)<\/p><p>\u00b7 <strong> VERSI\u00d3 10 PERSONATGES<\/strong>: 1 MASC., 9 FEM. (Es pot realitzar amb 9 int\u00e8rprets.)<\/p><p><strong>G\u00c8NERE INT\u00c8RPRETS<\/strong>:<\/p><p>\u00b7 tot i que els personatges escrits en el llibret s\u00f3n del g\u00e8nere esmentat anteriorment, fent canvis de text, aquesta obra es pot realitzar amb els seg\u00fcents int\u00e8rprets segons el seu g\u00e8nere:<\/p><p>\u00b7 <strong> VERSI\u00d3 11 PERSONATGES<\/strong>: 1 MASC., 3 FEM., 7 QUALSEVOL.<\/p><p>\u00b7 <strong>VERSI\u00d3 10 PERSONATGES<\/strong>: 1 MASC., 3 FEM., 6 QUALSEVOL.<\/p><p><strong>ESPAIS ESC\u00c8NICS<\/strong>:<\/p><p>1. Sala d&#8217;espera amb sof\u00e0.<\/p><p>2. Taula\/Despatx.<\/p><p>3. Taula de restaurant.<\/p><p>A l&#8217;obra hi ha un croquis sobre com realitzar-ho sense canvis d&#8217;escenografia.<\/p><p><strong>DECORAT<\/strong>: senzill. Convenient un sof\u00e0. <\/p><p><strong>DIFICULTAT<\/strong>: f\u00e0cil.<\/p><p><strong>MATERIAL GR\u00c0FIC<\/strong>: no disponible.<\/p><p data-pm-slice=\"1 1 []\"><strong>VERSI\u00d3 A LA VENDA INCLOU<\/strong>:<\/p><p>\u00b7 Obra en format PDF i en format WORD editable.<\/p><p>\u00b7 Fulls i r\u00e8pliques numerades.<\/p><p>\u00b7 Croquis i explicaci\u00f3 d&#8217;escenografia.<\/p><p>\u00b7 Apunts m\u00ednims sobre vestuari.<\/p><p>\u00b7 Apunts m\u00ednims sobre espai sonor.<\/p><p>\u00b7 Apunts m\u00ednims sobre particularitats de l&#8217;obra.<\/p><p>\u00b7 Taula amb necessitats b\u00e0siques d&#8217;Atrezzo i Escenografia.<\/p><p> <\/p><p>Per con\u00e8ixer les condicions d&#8217;\u00fas de les nostres obres de teatre, fes clic <a href=\"https:\/\/obradeteatro.com\/ca\/condicions-dus-de-les-obres-de-teatre\/\">aqu\u00ed<\/a>. Si tens preguntes, visita la nostra p\u00e0gina de preguntes freq\u00fcents <a href=\"https:\/\/obradeteatro.com\/faq\/\">aqu\u00ed<\/a>. <\/p>\t\t\t\t\t\t\t\t<\/div>\n\t\t\t\t<\/div>\n\t\t\t\t\t<\/div>\n\t\t\t\t<\/div>\n\t\t<div class=\"elementor-element elementor-element-5caaa2a e-grid e-con-boxed e-con e-parent\" data-id=\"5caaa2a\" data-element_type=\"container\">\n\t\t\t\t\t<div class=\"e-con-inner\">\n\t\t\t\t<div class=\"elementor-element elementor-element-4d84852 elementor-widget elementor-widget-belletrist_core_button\" data-id=\"4d84852\" data-element_type=\"widget\" data-widget_type=\"belletrist_core_button.default\">\n\t\t\t\t<div class=\"elementor-widget-container\">\n\t\t\t\t\t<a class=\"qodef-shortcode qodef-m  qodef-button qodef-layout--outlined  qodef-html--link\" href=\"https:\/\/obradeteatro.gumroad.com\/l\/gjzjyw\" target=\"_self\"  >\n\t<span class=\"qodef-m-text\">Comprar (Catal\u00e0)<\/span>\n<\/a>\t\t\t\t<\/div>\n\t\t\t\t<\/div>\n\t\t\t\t<div class=\"elementor-element elementor-element-c3406cd elementor-widget elementor-widget-belletrist_core_button\" data-id=\"c3406cd\" data-element_type=\"widget\" data-widget_type=\"belletrist_core_button.default\">\n\t\t\t\t<div class=\"elementor-widget-container\">\n\t\t\t\t\t<a class=\"qodef-shortcode qodef-m  qodef-button qodef-layout--outlined  qodef-html--link\" href=\"https:\/\/obradeteatro.gumroad.com\/l\/bmnuzw\" target=\"_self\"  >\n\t<span class=\"qodef-m-text\">Comprar (Castell\u00e0)<\/span>\n<\/a>\t\t\t\t<\/div>\n\t\t\t\t<\/div>\n\t\t\t\t<div class=\"elementor-element elementor-element-b2a2f63 elementor-widget elementor-widget-belletrist_core_button\" data-id=\"b2a2f63\" data-element_type=\"widget\" data-widget_type=\"belletrist_core_button.default\">\n\t\t\t\t<div class=\"elementor-widget-container\">\n\t\t\t\t\t<a class=\"qodef-shortcode qodef-m  qodef-button qodef-layout--outlined  qodef-html--link\" href=\"https:\/\/obradeteatro.gumroad.com\/l\/ldtkm\" target=\"_self\"  >\n\t<span class=\"qodef-m-text\">Comprar (Ambdues)<\/span>\n<\/a>\t\t\t\t<\/div>\n\t\t\t\t<\/div>\n\t\t\t\t\t<\/div>\n\t\t\t\t<\/div>\n\t\t\t\t<\/div>\n\t\t","protected":false},"excerpt":{"rendered":"<p>Obra de Teatre Coses de Nens Comprar (Catal\u00e0) Comprar (Castell\u00e0) Comprar (Ambdues) Ver una muestra de la obra: Mostra amb 10 personatges en Catal\u00e0 + &#8211; Descarregar o veure mostra en PDF aqu\u00ed: Descarregar Mostra amb 11 personatges en Catal\u00e0 + &#8211; Descarregar o veure mostra en PDF aqu\u00ed: Descarregar Mostra amb 10 personatges en [&hellip;]<\/p>\n","protected":false},"author":1,"featured_media":7247,"parent":0,"menu_order":0,"comment_status":"closed","ping_status":"closed","template":"","meta":{"_themeisle_gutenberg_block_has_review":false,"footnotes":""},"class_list":["post-7262","page","type-page","status-publish","has-post-thumbnail","hentry"],"yoast_head":"<!-- This site is optimized with the Yoast SEO plugin v26.0 - https:\/\/yoast.com\/wordpress\/plugins\/seo\/ -->\n<title>Obra de Teatre - Coses de Nens - Obra de Teatro.com<\/title>\n<meta name=\"description\" content=\"Coses de Nens \u00e9s una obra de teatre escrita per a nens majors de 8 anys i disponible per a grups educatius amb...\" \/>\n<meta name=\"robots\" content=\"index, follow, max-snippet:-1, max-image-preview:large, max-video-preview:-1\" \/>\n<link rel=\"canonical\" href=\"https:\/\/obradeteatro.com\/ca\/obra-de-teatre-coses-de-nens\/\" \/>\n<meta property=\"og:locale\" content=\"ca_ES\" \/>\n<meta property=\"og:type\" content=\"article\" \/>\n<meta property=\"og:title\" content=\"Obra de Teatre - Coses de Nens - Obra de Teatro.com\" \/>\n<meta property=\"og:description\" content=\"Coses de Nens \u00e9s una obra de teatre escrita per a nens majors de 8 anys i disponible per a grups educatius amb...\" \/>\n<meta property=\"og:url\" content=\"https:\/\/obradeteatro.com\/ca\/obra-de-teatre-coses-de-nens\/\" \/>\n<meta property=\"og:site_name\" content=\"Obra de Teatro.com\" \/>\n<meta property=\"article:publisher\" content=\"https:\/\/www.facebook.com\/profile.php?id=61574978804537\" \/>\n<meta property=\"article:modified_time\" content=\"2025-08-20T09:42:29+00:00\" \/>\n<meta property=\"og:image\" content=\"https:\/\/obradeteatro.com\/wp-content\/uploads\/2025\/08\/cosas-de-nins-imatge.jpg\" \/>\n\t<meta property=\"og:image:width\" content=\"1024\" \/>\n\t<meta property=\"og:image:height\" content=\"1024\" \/>\n\t<meta property=\"og:image:type\" content=\"image\/jpeg\" \/>\n<meta name=\"twitter:card\" content=\"summary_large_image\" \/>\n<meta name=\"twitter:label1\" content=\"Temps estimat de lectura\" \/>\n\t<meta name=\"twitter:data1\" content=\"3 minuts\" \/>\n<script type=\"application\/ld+json\" class=\"yoast-schema-graph\">{\"@context\":\"https:\/\/schema.org\",\"@graph\":[{\"@type\":\"WebPage\",\"@id\":\"https:\/\/obradeteatro.com\/ca\/obra-de-teatre-coses-de-nens\/\",\"url\":\"https:\/\/obradeteatro.com\/ca\/obra-de-teatre-coses-de-nens\/\",\"name\":\"Obra de Teatre - Coses de Nens - Obra de Teatro.com\",\"isPartOf\":{\"@id\":\"https:\/\/obradeteatro.com\/ca\/#website\"},\"primaryImageOfPage\":{\"@id\":\"https:\/\/obradeteatro.com\/ca\/obra-de-teatre-coses-de-nens\/#primaryimage\"},\"image\":{\"@id\":\"https:\/\/obradeteatro.com\/ca\/obra-de-teatre-coses-de-nens\/#primaryimage\"},\"thumbnailUrl\":\"https:\/\/obradeteatro.com\/wp-content\/uploads\/2025\/08\/cosas-de-nins-imatge.jpg\",\"datePublished\":\"2025-08-15T13:30:11+00:00\",\"dateModified\":\"2025-08-20T09:42:29+00:00\",\"description\":\"Coses de Nens \u00e9s una obra de teatre escrita per a nens majors de 8 anys i disponible per a grups educatius amb...\",\"breadcrumb\":{\"@id\":\"https:\/\/obradeteatro.com\/ca\/obra-de-teatre-coses-de-nens\/#breadcrumb\"},\"inLanguage\":\"ca\",\"potentialAction\":[{\"@type\":\"ReadAction\",\"target\":[\"https:\/\/obradeteatro.com\/ca\/obra-de-teatre-coses-de-nens\/\"]}]},{\"@type\":\"ImageObject\",\"inLanguage\":\"ca\",\"@id\":\"https:\/\/obradeteatro.com\/ca\/obra-de-teatre-coses-de-nens\/#primaryimage\",\"url\":\"https:\/\/obradeteatro.com\/wp-content\/uploads\/2025\/08\/cosas-de-nins-imatge.jpg\",\"contentUrl\":\"https:\/\/obradeteatro.com\/wp-content\/uploads\/2025\/08\/cosas-de-nins-imatge.jpg\",\"width\":1024,\"height\":1024,\"caption\":\"Imagen representativa de la obra de teatro, Cosas de Ni\u00f1os\"},{\"@type\":\"BreadcrumbList\",\"@id\":\"https:\/\/obradeteatro.com\/ca\/obra-de-teatre-coses-de-nens\/#breadcrumb\",\"itemListElement\":[{\"@type\":\"ListItem\",\"position\":1,\"name\":\"Home\",\"item\":\"https:\/\/obradeteatro.com\/ca\/inici\/\"},{\"@type\":\"ListItem\",\"position\":2,\"name\":\"Obra de Teatre &#8211; Coses de Nens\"}]},{\"@type\":\"WebSite\",\"@id\":\"https:\/\/obradeteatro.com\/ca\/#website\",\"url\":\"https:\/\/obradeteatro.com\/ca\/\",\"name\":\"Obra de Teatro.com\",\"description\":\"\",\"publisher\":{\"@id\":\"https:\/\/obradeteatro.com\/ca\/#organization\"},\"potentialAction\":[{\"@type\":\"SearchAction\",\"target\":{\"@type\":\"EntryPoint\",\"urlTemplate\":\"https:\/\/obradeteatro.com\/ca\/?s={search_term_string}\"},\"query-input\":{\"@type\":\"PropertyValueSpecification\",\"valueRequired\":true,\"valueName\":\"search_term_string\"}}],\"inLanguage\":\"ca\"},{\"@type\":\"Organization\",\"@id\":\"https:\/\/obradeteatro.com\/ca\/#organization\",\"name\":\"Obra de Teatro.com\",\"url\":\"https:\/\/obradeteatro.com\/ca\/\",\"logo\":{\"@type\":\"ImageObject\",\"inLanguage\":\"ca\",\"@id\":\"https:\/\/obradeteatro.com\/ca\/#\/schema\/logo\/image\/\",\"url\":\"https:\/\/obradeteatro.com\/wp-content\/uploads\/2025\/05\/logo_obradeteatro_1.png\",\"contentUrl\":\"https:\/\/obradeteatro.com\/wp-content\/uploads\/2025\/05\/logo_obradeteatro_1.png\",\"width\":1200,\"height\":668,\"caption\":\"Obra de Teatro.com\"},\"image\":{\"@id\":\"https:\/\/obradeteatro.com\/ca\/#\/schema\/logo\/image\/\"},\"sameAs\":[\"https:\/\/www.facebook.com\/profile.php?id=61574978804537\",\"https:\/\/www.instagram.com\/obradeteatroivanmartin\"]}]}<\/script>\n<!-- \/ Yoast SEO plugin. -->","yoast_head_json":{"title":"Obra de Teatre - Coses de Nens - Obra de Teatro.com","description":"Coses de Nens \u00e9s una obra de teatre escrita per a nens majors de 8 anys i disponible per a grups educatius amb...","robots":{"index":"index","follow":"follow","max-snippet":"max-snippet:-1","max-image-preview":"max-image-preview:large","max-video-preview":"max-video-preview:-1"},"canonical":"https:\/\/obradeteatro.com\/ca\/obra-de-teatre-coses-de-nens\/","og_locale":"ca_ES","og_type":"article","og_title":"Obra de Teatre - Coses de Nens - Obra de Teatro.com","og_description":"Coses de Nens \u00e9s una obra de teatre escrita per a nens majors de 8 anys i disponible per a grups educatius amb...","og_url":"https:\/\/obradeteatro.com\/ca\/obra-de-teatre-coses-de-nens\/","og_site_name":"Obra de Teatro.com","article_publisher":"https:\/\/www.facebook.com\/profile.php?id=61574978804537","article_modified_time":"2025-08-20T09:42:29+00:00","og_image":[{"width":1024,"height":1024,"url":"https:\/\/obradeteatro.com\/wp-content\/uploads\/2025\/08\/cosas-de-nins-imatge.jpg","type":"image\/jpeg"}],"twitter_card":"summary_large_image","twitter_misc":{"Temps estimat de lectura":"3 minuts"},"schema":{"@context":"https:\/\/schema.org","@graph":[{"@type":"WebPage","@id":"https:\/\/obradeteatro.com\/ca\/obra-de-teatre-coses-de-nens\/","url":"https:\/\/obradeteatro.com\/ca\/obra-de-teatre-coses-de-nens\/","name":"Obra de Teatre - Coses de Nens - Obra de Teatro.com","isPartOf":{"@id":"https:\/\/obradeteatro.com\/ca\/#website"},"primaryImageOfPage":{"@id":"https:\/\/obradeteatro.com\/ca\/obra-de-teatre-coses-de-nens\/#primaryimage"},"image":{"@id":"https:\/\/obradeteatro.com\/ca\/obra-de-teatre-coses-de-nens\/#primaryimage"},"thumbnailUrl":"https:\/\/obradeteatro.com\/wp-content\/uploads\/2025\/08\/cosas-de-nins-imatge.jpg","datePublished":"2025-08-15T13:30:11+00:00","dateModified":"2025-08-20T09:42:29+00:00","description":"Coses de Nens \u00e9s una obra de teatre escrita per a nens majors de 8 anys i disponible per a grups educatius amb...","breadcrumb":{"@id":"https:\/\/obradeteatro.com\/ca\/obra-de-teatre-coses-de-nens\/#breadcrumb"},"inLanguage":"ca","potentialAction":[{"@type":"ReadAction","target":["https:\/\/obradeteatro.com\/ca\/obra-de-teatre-coses-de-nens\/"]}]},{"@type":"ImageObject","inLanguage":"ca","@id":"https:\/\/obradeteatro.com\/ca\/obra-de-teatre-coses-de-nens\/#primaryimage","url":"https:\/\/obradeteatro.com\/wp-content\/uploads\/2025\/08\/cosas-de-nins-imatge.jpg","contentUrl":"https:\/\/obradeteatro.com\/wp-content\/uploads\/2025\/08\/cosas-de-nins-imatge.jpg","width":1024,"height":1024,"caption":"Imagen representativa de la obra de teatro, Cosas de Ni\u00f1os"},{"@type":"BreadcrumbList","@id":"https:\/\/obradeteatro.com\/ca\/obra-de-teatre-coses-de-nens\/#breadcrumb","itemListElement":[{"@type":"ListItem","position":1,"name":"Home","item":"https:\/\/obradeteatro.com\/ca\/inici\/"},{"@type":"ListItem","position":2,"name":"Obra de Teatre &#8211; Coses de Nens"}]},{"@type":"WebSite","@id":"https:\/\/obradeteatro.com\/ca\/#website","url":"https:\/\/obradeteatro.com\/ca\/","name":"Obra de Teatro.com","description":"","publisher":{"@id":"https:\/\/obradeteatro.com\/ca\/#organization"},"potentialAction":[{"@type":"SearchAction","target":{"@type":"EntryPoint","urlTemplate":"https:\/\/obradeteatro.com\/ca\/?s={search_term_string}"},"query-input":{"@type":"PropertyValueSpecification","valueRequired":true,"valueName":"search_term_string"}}],"inLanguage":"ca"},{"@type":"Organization","@id":"https:\/\/obradeteatro.com\/ca\/#organization","name":"Obra de Teatro.com","url":"https:\/\/obradeteatro.com\/ca\/","logo":{"@type":"ImageObject","inLanguage":"ca","@id":"https:\/\/obradeteatro.com\/ca\/#\/schema\/logo\/image\/","url":"https:\/\/obradeteatro.com\/wp-content\/uploads\/2025\/05\/logo_obradeteatro_1.png","contentUrl":"https:\/\/obradeteatro.com\/wp-content\/uploads\/2025\/05\/logo_obradeteatro_1.png","width":1200,"height":668,"caption":"Obra de Teatro.com"},"image":{"@id":"https:\/\/obradeteatro.com\/ca\/#\/schema\/logo\/image\/"},"sameAs":["https:\/\/www.facebook.com\/profile.php?id=61574978804537","https:\/\/www.instagram.com\/obradeteatroivanmartin"]}]}},"jetpack_sharing_enabled":true,"_links":{"self":[{"href":"https:\/\/obradeteatro.com\/ca\/wp-json\/wp\/v2\/pages\/7262","targetHints":{"allow":["GET"]}}],"collection":[{"href":"https:\/\/obradeteatro.com\/ca\/wp-json\/wp\/v2\/pages"}],"about":[{"href":"https:\/\/obradeteatro.com\/ca\/wp-json\/wp\/v2\/types\/page"}],"author":[{"embeddable":true,"href":"https:\/\/obradeteatro.com\/ca\/wp-json\/wp\/v2\/users\/1"}],"replies":[{"embeddable":true,"href":"https:\/\/obradeteatro.com\/ca\/wp-json\/wp\/v2\/comments?post=7262"}],"version-history":[{"count":17,"href":"https:\/\/obradeteatro.com\/ca\/wp-json\/wp\/v2\/pages\/7262\/revisions"}],"predecessor-version":[{"id":7506,"href":"https:\/\/obradeteatro.com\/ca\/wp-json\/wp\/v2\/pages\/7262\/revisions\/7506"}],"wp:featuredmedia":[{"embeddable":true,"href":"https:\/\/obradeteatro.com\/ca\/wp-json\/wp\/v2\/media\/7247"}],"wp:attachment":[{"href":"https:\/\/obradeteatro.com\/ca\/wp-json\/wp\/v2\/media?parent=7262"}],"curies":[{"name":"wp","href":"https:\/\/api.w.org\/{rel}","templated":true}]}}