{"id":7273,"date":"2025-08-15T13:44:51","date_gmt":"2025-08-15T13:44:51","guid":{"rendered":"https:\/\/obradeteatro.com\/preguntes-frequents-faq\/"},"modified":"2025-08-19T15:05:54","modified_gmt":"2025-08-19T15:05:54","slug":"preguntes-frequents-faq","status":"publish","type":"page","link":"https:\/\/obradeteatro.com\/ca\/preguntes-frequents-faq\/","title":{"rendered":"Preguntes freq\u00fcents (FAQ)"},"content":{"rendered":"\r\n<h1>Preguntes freq\u00fcents (FAQ)<\/h1>\r\n<p class=\"p1\">Aqu\u00ed podr\u00e0s trobar la resposta a les preguntes m\u00e9s freq\u00fcents que rebem sobre les nostres obres i sobre el proc\u00e9s de compra. Si tens m\u00e9s dubtes, <a href=\"https:\/\/obradeteatro.com\/ca\/contacte-i-encarrecs\/\">Contacta&#8217;ns<\/a>.<\/p>\r\n<p class=\"p1\"><div  class=\"ewd-ufaq-faq-list ewd-ufaq-page-type-distinct ewd-ufaq-category-tabs-\" id='ewd-ufaq-faq-list'>\n\n\t<input type='hidden' name='show_on_load' value='' id='ewd-ufaq-show-on-load' \/>\n<input type='hidden' name='include_category' value='' id='ewd-ufaq-include-category' \/>\n<input type='hidden' name='exclude_category' value='' id='ewd-ufaq-exclude-category' \/>\n<input type='hidden' name='orderby' value='title' id='ewd-ufaq-orderby' \/>\n<input type='hidden' name='order' value='asc' id='ewd-ufaq-order' \/>\n<input type='hidden' name='post_count' value='-1' id='ewd-ufaq-post-count' \/>\n<input type='hidden' name='current_url' value='\/ca\/wp-json\/wp\/v2\/pages\/7273' id='ewd-ufaq-current-url' \/>\n\t\n\t\n\t<div class='ewd-ufaq-faqs'>\n\n\t\t<div  class=\"ewd-ufaq-faq-div ewd-ufaq-faq-column-count-one ewd-ufaq-faq-responsive-columns- ewd-ufaq-faq-display-style-default ewd-ufaq-can-be-toggled\" id='ewd-ufaq-post-7305-Ja3Y1klbtJ' data-post_id='7305'>\n\n\t\t\n\t<div class='ewd-ufaq-faq-title ewd-ufaq-faq-toggle'>\n\t\n\t<a class='ewd-ufaq-post-margin'  href='#' role=\"button\">\n\n\t\t<div class='ewd-ufaq-post-margin-symbol ewd-ufaq-'>\n\t\t\t<span >a<\/span>\n\t\t<\/div>\n\n\t\t<div class='ewd-ufaq-faq-title-text'>\n\n\t\t\t<h4>\n\t\t\t\tCom comprar?\t\t\t<\/h4>\n\n\t\t<\/div>\n\n\t\t<div class='ewd-ufaq-clear'><\/div>\n\n\t<\/a>\n\t\n<\/div>\n\t\n\t<div class='ewd-ufaq-faq-body ewd-ufaq-hidden' >\n\n\t\t\n\t\t\t\n\t\t\n\t\t\t<div class='ewd-ufaq-post-margin ewd-ufaq-faq-post'>\n\tUtilitzem el servei de botiga en l\u00ednia de Gumroad per processar el pagament i poder descarregar l&#8217;obra un cop completada la compra. Amb un simple clic, podr\u00e0s tenir l&#8217;obra que desitges i estar-la muntant amb els teus alumnes en un tres i no res. <\/div>\n\t\t\n\t\t\t\n\t\t\n\t\t\t\n\t\t\n\t\t\t\n\t\t\n\t\t\t\n\t\t\n\t\t\t\n\t\t\n\t\t\t\n\t\t\n\t\t\t\n\t\t\n\t\t\t\n\t\t\n\t<\/div>\n\n<\/div><div  class=\"ewd-ufaq-faq-div ewd-ufaq-faq-column-count-one ewd-ufaq-faq-responsive-columns- ewd-ufaq-faq-display-style-default ewd-ufaq-can-be-toggled\" id='ewd-ufaq-post-7300-CjVV18PCND' data-post_id='7300'>\n\n\t\t\n\t<div class='ewd-ufaq-faq-title ewd-ufaq-faq-toggle'>\n\t\n\t<a class='ewd-ufaq-post-margin'  href='#' role=\"button\">\n\n\t\t<div class='ewd-ufaq-post-margin-symbol ewd-ufaq-'>\n\t\t\t<span >a<\/span>\n\t\t<\/div>\n\n\t\t<div class='ewd-ufaq-faq-title-text'>\n\n\t\t\t<h4>\n\t\t\t\tEn quins idiomes estan disponibles les obres de teatre?\t\t\t<\/h4>\n\n\t\t<\/div>\n\n\t\t<div class='ewd-ufaq-clear'><\/div>\n\n\t<\/a>\n\t\n<\/div>\n\t\n\t<div class='ewd-ufaq-faq-body ewd-ufaq-hidden' >\n\n\t\t\n\t\t\t\n\t\t\n\t\t\t<div class='ewd-ufaq-post-margin ewd-ufaq-faq-post'>\n\t<p>Les obres de teatre estan disponibles en castell\u00e0 i en catal\u00e0. En un futur esperem tenir m\u00e9s idiomes com l&#8217;angl\u00e8s i potser l&#8217;alemany. Si t&#8217;interessa algun d&#8217;aquests idiomes, fes-nos-ho saber: <a href=\"https:\/\/obradeteatro.com\/ca\/contacte-i-encarrecs\/\">Contacta&#8217;ns<\/a>.  <\/p>\n<\/div>\n\t\t\n\t\t\t\n\t\t\n\t\t\t\n\t\t\n\t\t\t\n\t\t\n\t\t\t\n\t\t\n\t\t\t\n\t\t\n\t\t\t\n\t\t\n\t\t\t\n\t\t\n\t\t\t\n\t\t\n\t<\/div>\n\n<\/div><div  class=\"ewd-ufaq-faq-div ewd-ufaq-faq-column-count-one ewd-ufaq-faq-responsive-columns- ewd-ufaq-faq-display-style-default ewd-ufaq-can-be-toggled\" id='ewd-ufaq-post-7302-41cLUpurW5' data-post_id='7302'>\n\n\t\t\n\t<div class='ewd-ufaq-faq-title ewd-ufaq-faq-toggle'>\n\t\n\t<a class='ewd-ufaq-post-margin'  href='#' role=\"button\">\n\n\t\t<div class='ewd-ufaq-post-margin-symbol ewd-ufaq-'>\n\t\t\t<span >a<\/span>\n\t\t<\/div>\n\n\t\t<div class='ewd-ufaq-faq-title-text'>\n\n\t\t\t<h4>\n\t\t\t\tHi ha obres gratu\u00eftes?\t\t\t<\/h4>\n\n\t\t<\/div>\n\n\t\t<div class='ewd-ufaq-clear'><\/div>\n\n\t<\/a>\n\t\n<\/div>\n\t\n\t<div class='ewd-ufaq-faq-body ewd-ufaq-hidden' >\n\n\t\t\n\t\t\t\n\t\t\n\t\t\t<div class='ewd-ufaq-post-margin ewd-ufaq-faq-post'>\n\t<p>S\u00ed. <a href=\"https:\/\/obradeteatro.com\/ca\/obra-de-teatre-el-princep-lladrador\/\">El Pr\u00edncep Lladrador<\/a> est\u00e0 disponible per comprar a 0 euros. En procedir amb el proc\u00e9s de compra a Gumroad, podr\u00e0s posar 0 euros com a preu de compra, o, si vols donar-nos suport amb alguna cosa o trobes que t\u00e9 un valor que pots pagar, sempre pots posar un preu superior a 0. Estarem m\u00e9s que agra\u00efts.  <\/p>\n<p>Les obres a 0 euros estan subjectes a les mateixes condicions d&#8217;\u00fas i drets inclosos a la nostra p\u00e0gina de <a href=\"https:\/\/obradeteatro.com\/ca\/condicions-dus-de-les-obres-de-teatre\/\">Condicions d&#8217;\u00das<\/a> i\/o als documents descarregats un cop completada la compra.<\/p>\n<\/div>\n\t\t\n\t\t\t\n\t\t\n\t\t\t\n\t\t\n\t\t\t\n\t\t\n\t\t\t\n\t\t\n\t\t\t\n\t\t\n\t\t\t\n\t\t\n\t\t\t\n\t\t\n\t\t\t\n\t\t\n\t<\/div>\n\n<\/div><div  class=\"ewd-ufaq-faq-div ewd-ufaq-faq-column-count-one ewd-ufaq-faq-responsive-columns- ewd-ufaq-faq-display-style-default ewd-ufaq-can-be-toggled\" id='ewd-ufaq-post-7303-6vEZdZchT9' data-post_id='7303'>\n\n\t\t\n\t<div class='ewd-ufaq-faq-title ewd-ufaq-faq-toggle'>\n\t\n\t<a class='ewd-ufaq-post-margin'  href='#' role=\"button\">\n\n\t\t<div class='ewd-ufaq-post-margin-symbol ewd-ufaq-'>\n\t\t\t<span >a<\/span>\n\t\t<\/div>\n\n\t\t<div class='ewd-ufaq-faq-title-text'>\n\n\t\t\t<h4>\n\t\t\t\tPer qu\u00e8 comprar a obradeteatro.com?\t\t\t<\/h4>\n\n\t\t<\/div>\n\n\t\t<div class='ewd-ufaq-clear'><\/div>\n\n\t<\/a>\n\t\n<\/div>\n\t\n\t<div class='ewd-ufaq-faq-body ewd-ufaq-hidden' >\n\n\t\t\n\t\t\t\n\t\t\n\t\t\t<div class='ewd-ufaq-post-margin ewd-ufaq-faq-post'>\n\t<ol>\n<li>Perqu\u00e8 les nostres obres s\u00f3n escrites per Ivan Mart\u00edn, conegut escriptor, productor, actor i professor de teatre, les obres del qual han estat un \u00e8xit als teatres municipals i escoles de Mallorca, a m\u00e9s de ser el fundador d&#8217;Aula Teatral, qui lidera l&#8217;educaci\u00f3 a trav\u00e9s del teatre a l&#8217;illa.<\/li>\n<li>Perqu\u00e8 les nostres obres estan llestes per muntar, amb instruccions de vestuari i escenari basades en com es van muntar amb \u00e8xit a les escoles de Mallorca.<\/li>\n<li>Perqu\u00e8 el proc\u00e9s \u00e9s f\u00e0cil i eficient a trav\u00e9s del sistema de botiga en l\u00ednia de Gumroad, el sistema del qual \u00e9s utilitzat per milions de creadors arreu del m\u00f3n per oferir les seves obres i productes digitals.<\/li>\n<\/ol>\n<\/div>\n\t\t\n\t\t\t\n\t\t\n\t\t\t\n\t\t\n\t\t\t\n\t\t\n\t\t\t\n\t\t\n\t\t\t\n\t\t\n\t\t\t\n\t\t\n\t\t\t\n\t\t\n\t\t\t\n\t\t\n\t<\/div>\n\n<\/div><div  class=\"ewd-ufaq-faq-div ewd-ufaq-faq-column-count-one ewd-ufaq-faq-responsive-columns- ewd-ufaq-faq-display-style-default ewd-ufaq-can-be-toggled\" id='ewd-ufaq-post-7307-IPJ2ahUy4y' data-post_id='7307'>\n\n\t\t\n\t<div class='ewd-ufaq-faq-title ewd-ufaq-faq-toggle'>\n\t\n\t<a class='ewd-ufaq-post-margin'  href='#' role=\"button\">\n\n\t\t<div class='ewd-ufaq-post-margin-symbol ewd-ufaq-'>\n\t\t\t<span >a<\/span>\n\t\t<\/div>\n\n\t\t<div class='ewd-ufaq-faq-title-text'>\n\n\t\t\t<h4>\n\t\t\t\tPuc modificar una obra?\t\t\t<\/h4>\n\n\t\t<\/div>\n\n\t\t<div class='ewd-ufaq-clear'><\/div>\n\n\t<\/a>\n\t\n<\/div>\n\t\n\t<div class='ewd-ufaq-faq-body ewd-ufaq-hidden' >\n\n\t\t\n\t\t\t\n\t\t\n\t\t\t<div class='ewd-ufaq-post-margin ewd-ufaq-faq-post'>\n\t<p>Un cop adquirida l&#8217;obra de teatre, pots modificar-la segons les teves necessitats per muntar-la. Recorda que modificar l&#8217;obra no canvia el dret d&#8217;autor original de l&#8217;obra ni permet comercialitzar-la m\u00e9s enll\u00e0 del muntatge d&#8217;aquesta al teu centre. L&#8217;obra sempre ha d&#8217;especificar Ivan Mart\u00edn com a autor i, si es modifica, l&#8217;autor de la modificaci\u00f3 ha d&#8217;apar\u00e8ixer sota l&#8217;autor (per exemple: Autor: Ivan Mart\u00edn. Adaptaci\u00f3 \/ Modificaci\u00f3: la persona responsable). Si necessites ajuda addicional o coses espec\u00edfiques m\u00e9s enll\u00e0 del que inclou l&#8217;obra, <a href=\"https:\/\/obradeteatro.com\/ca\/contacte-i-encarrecs\/\">contacta&#8217;ns<\/a>.   <\/p>\n<\/div>\n\t\t\n\t\t\t\n\t\t\n\t\t\t\n\t\t\n\t\t\t\n\t\t\n\t\t\t\n\t\t\n\t\t\t\n\t\t\n\t\t\t\n\t\t\n\t\t\t\n\t\t\n\t\t\t\n\t\t\n\t<\/div>\n\n<\/div><div  class=\"ewd-ufaq-faq-div ewd-ufaq-faq-column-count-one ewd-ufaq-faq-responsive-columns- ewd-ufaq-faq-display-style-default ewd-ufaq-can-be-toggled\" id='ewd-ufaq-post-7301-r8PTfrnqnh' data-post_id='7301'>\n\n\t\t\n\t<div class='ewd-ufaq-faq-title ewd-ufaq-faq-toggle'>\n\t\n\t<a class='ewd-ufaq-post-margin'  href='#' role=\"button\">\n\n\t\t<div class='ewd-ufaq-post-margin-symbol ewd-ufaq-'>\n\t\t\t<span >a<\/span>\n\t\t<\/div>\n\n\t\t<div class='ewd-ufaq-faq-title-text'>\n\n\t\t\t<h4>\n\t\t\t\tQuant costa comprar una obra?\t\t\t<\/h4>\n\n\t\t<\/div>\n\n\t\t<div class='ewd-ufaq-clear'><\/div>\n\n\t<\/a>\n\t\n<\/div>\n\t\n\t<div class='ewd-ufaq-faq-body ewd-ufaq-hidden' >\n\n\t\t\n\t\t\t\n\t\t\n\t\t\t<div class='ewd-ufaq-post-margin ewd-ufaq-faq-post'>\n\t<p>El preu per una obra en un sol idioma comen\u00e7a en 10\u20ac euros. Podr\u00e0s veure el preu a la p\u00e0gina d&#8217;informaci\u00f3 corresponent a cada obra. En comprar l&#8217;obra, Gumroad et permet posar un preu m\u00e9s alt en cas que vulguis donar suport a la creaci\u00f3 dels nostres llibrets oferint un preu per sobre del nostre preu m\u00ednim.  <\/p>\n<\/div>\n\t\t\n\t\t\t\n\t\t\n\t\t\t\n\t\t\n\t\t\t\n\t\t\n\t\t\t\n\t\t\n\t\t\t\n\t\t\n\t\t\t\n\t\t\n\t\t\t\n\t\t\n\t\t\t\n\t\t\n\t<\/div>\n\n<\/div><div  class=\"ewd-ufaq-faq-div ewd-ufaq-faq-column-count-one ewd-ufaq-faq-responsive-columns- ewd-ufaq-faq-display-style-default ewd-ufaq-can-be-toggled\" id='ewd-ufaq-post-7306-9UPJKTzlqV' data-post_id='7306'>\n\n\t\t\n\t<div class='ewd-ufaq-faq-title ewd-ufaq-faq-toggle'>\n\t\n\t<a class='ewd-ufaq-post-margin'  href='#' role=\"button\">\n\n\t\t<div class='ewd-ufaq-post-margin-symbol ewd-ufaq-'>\n\t\t\t<span >a<\/span>\n\t\t<\/div>\n\n\t\t<div class='ewd-ufaq-faq-title-text'>\n\n\t\t\t<h4>\n\t\t\t\tQuins drets adquireixo en comprar una obra?\t\t\t<\/h4>\n\n\t\t<\/div>\n\n\t\t<div class='ewd-ufaq-clear'><\/div>\n\n\t<\/a>\n\t\n<\/div>\n\t\n\t<div class='ewd-ufaq-faq-body ewd-ufaq-hidden' >\n\n\t\t\n\t\t\t\n\t\t\n\t\t\t<div class='ewd-ufaq-post-margin ewd-ufaq-faq-post'>\n\t<p>En adquirir una obra, adquireixes els drets especificats dins de les condicions d&#8217;\u00fas. Per a m\u00e9s informaci\u00f3, fes clic <a href=\"https:\/\/obradeteatro.com\/ca\/condicions-dus-de-les-obres-de-teatre\/\">aqu\u00ed<\/a>. <\/p>\n<\/div>\n\t\t\n\t\t\t\n\t\t\n\t\t\t\n\t\t\n\t\t\t\n\t\t\n\t\t\t\n\t\t\n\t\t\t\n\t\t\n\t\t\t\n\t\t\n\t\t\t\n\t\t\n\t\t\t\n\t\t\n\t<\/div>\n\n<\/div><div  class=\"ewd-ufaq-faq-div ewd-ufaq-faq-column-count-one ewd-ufaq-faq-responsive-columns- ewd-ufaq-faq-display-style-default ewd-ufaq-can-be-toggled\" id='ewd-ufaq-post-7304-wK1baiyun8' data-post_id='7304'>\n\n\t\t\n\t<div class='ewd-ufaq-faq-title ewd-ufaq-faq-toggle'>\n\t\n\t<a class='ewd-ufaq-post-margin'  href='#' role=\"button\">\n\n\t\t<div class='ewd-ufaq-post-margin-symbol ewd-ufaq-'>\n\t\t\t<span >a<\/span>\n\t\t<\/div>\n\n\t\t<div class='ewd-ufaq-faq-title-text'>\n\n\t\t\t<h4>\n\t\t\t\tVull demanar una obra de teatre particular?\t\t\t<\/h4>\n\n\t\t<\/div>\n\n\t\t<div class='ewd-ufaq-clear'><\/div>\n\n\t<\/a>\n\t\n<\/div>\n\t\n\t<div class='ewd-ufaq-faq-body ewd-ufaq-hidden' >\n\n\t\t\n\t\t\t\n\t\t\n\t\t\t<div class='ewd-ufaq-post-margin ewd-ufaq-faq-post'>\n\t<p>Per a qualsevol petici\u00f3 particular que no estigui dins de les obres disponibles, pots posar-te en contacte amb Ivan Mart\u00edn <a href=\"https:\/\/obradeteatro.com\/ca\/contacte-i-encarrecs\/\">aqu\u00ed<\/a>.<\/p>\n<\/div>\n\t\t\n\t\t\t\n\t\t\n\t\t\t\n\t\t\n\t\t\t\n\t\t\n\t\t\t\n\t\t\n\t\t\t\n\t\t\n\t\t\t\n\t\t\n\t\t\t\n\t\t\n\t\t\t\n\t\t\n\t<\/div>\n\n<\/div>\n\t<\/div>\n\n\t\n<\/div><\/p>\r\n","protected":false},"excerpt":{"rendered":"<p>A Vull demanar una obra de teatre particular? Per a qualsevol petici\u00f3 particular que no estigui dins de les obres disponibles, pots posar-te en contacte amb Ivan Mart\u00edn aqu\u00ed.<\/p>\n","protected":false},"author":1,"featured_media":0,"parent":0,"menu_order":0,"comment_status":"closed","ping_status":"closed","template":"","meta":{"_themeisle_gutenberg_block_has_review":false,"footnotes":""},"class_list":["post-7273","page","type-page","status-publish","hentry"],"yoast_head":"<!-- This site is optimized with the Yoast SEO plugin v26.0 - https:\/\/yoast.com\/wordpress\/plugins\/seo\/ -->\n<title>Preguntes freq\u00fcents (FAQ) - Obra de Teatro.com<\/title>\n<meta name=\"description\" content=\"FAQ Preguntes Freq\u00fcents, on responem les teves preguntes m\u00e9s comunes sobre com comprar una obra de teatre, les condicions, processos,...\" \/>\n<meta name=\"robots\" content=\"index, follow, max-snippet:-1, max-image-preview:large, max-video-preview:-1\" \/>\n<link rel=\"canonical\" href=\"https:\/\/obradeteatro.com\/ca\/preguntes-frequents-faq\/\" \/>\n<meta property=\"og:locale\" content=\"ca_ES\" \/>\n<meta property=\"og:type\" content=\"article\" \/>\n<meta property=\"og:title\" content=\"Preguntes freq\u00fcents (FAQ) - Obra de Teatro.com\" \/>\n<meta property=\"og:description\" content=\"FAQ Preguntes Freq\u00fcents, on responem les teves preguntes m\u00e9s comunes sobre com comprar una obra de teatre, les condicions, processos,...\" \/>\n<meta property=\"og:url\" content=\"https:\/\/obradeteatro.com\/ca\/preguntes-frequents-faq\/\" \/>\n<meta property=\"og:site_name\" content=\"Obra de Teatro.com\" \/>\n<meta property=\"article:publisher\" content=\"https:\/\/www.facebook.com\/profile.php?id=61574978804537\" \/>\n<meta property=\"article:modified_time\" content=\"2025-08-19T15:05:54+00:00\" \/>\n<meta name=\"twitter:card\" content=\"summary_large_image\" \/>\n<meta name=\"twitter:label1\" content=\"Temps estimat de lectura\" \/>\n\t<meta name=\"twitter:data1\" content=\"1 minut\" \/>\n<script type=\"application\/ld+json\" class=\"yoast-schema-graph\">{\"@context\":\"https:\/\/schema.org\",\"@graph\":[{\"@type\":\"WebPage\",\"@id\":\"https:\/\/obradeteatro.com\/ca\/preguntes-frequents-faq\/\",\"url\":\"https:\/\/obradeteatro.com\/ca\/preguntes-frequents-faq\/\",\"name\":\"Preguntes freq\u00fcents (FAQ) - Obra de Teatro.com\",\"isPartOf\":{\"@id\":\"https:\/\/obradeteatro.com\/ca\/#website\"},\"datePublished\":\"2025-08-15T13:44:51+00:00\",\"dateModified\":\"2025-08-19T15:05:54+00:00\",\"description\":\"FAQ Preguntes Freq\u00fcents, on responem les teves preguntes m\u00e9s comunes sobre com comprar una obra de teatre, les condicions, processos,...\",\"breadcrumb\":{\"@id\":\"https:\/\/obradeteatro.com\/ca\/preguntes-frequents-faq\/#breadcrumb\"},\"inLanguage\":\"ca\",\"potentialAction\":[{\"@type\":\"ReadAction\",\"target\":[\"https:\/\/obradeteatro.com\/ca\/preguntes-frequents-faq\/\"]}]},{\"@type\":\"BreadcrumbList\",\"@id\":\"https:\/\/obradeteatro.com\/ca\/preguntes-frequents-faq\/#breadcrumb\",\"itemListElement\":[{\"@type\":\"ListItem\",\"position\":1,\"name\":\"Home\",\"item\":\"https:\/\/obradeteatro.com\/ca\/inici\/\"},{\"@type\":\"ListItem\",\"position\":2,\"name\":\"Preguntes freq\u00fcents (FAQ)\"}]},{\"@type\":\"WebSite\",\"@id\":\"https:\/\/obradeteatro.com\/ca\/#website\",\"url\":\"https:\/\/obradeteatro.com\/ca\/\",\"name\":\"Obra de Teatro.com\",\"description\":\"\",\"publisher\":{\"@id\":\"https:\/\/obradeteatro.com\/ca\/#organization\"},\"potentialAction\":[{\"@type\":\"SearchAction\",\"target\":{\"@type\":\"EntryPoint\",\"urlTemplate\":\"https:\/\/obradeteatro.com\/ca\/?s={search_term_string}\"},\"query-input\":{\"@type\":\"PropertyValueSpecification\",\"valueRequired\":true,\"valueName\":\"search_term_string\"}}],\"inLanguage\":\"ca\"},{\"@type\":\"Organization\",\"@id\":\"https:\/\/obradeteatro.com\/ca\/#organization\",\"name\":\"Obra de Teatro.com\",\"url\":\"https:\/\/obradeteatro.com\/ca\/\",\"logo\":{\"@type\":\"ImageObject\",\"inLanguage\":\"ca\",\"@id\":\"https:\/\/obradeteatro.com\/ca\/#\/schema\/logo\/image\/\",\"url\":\"https:\/\/obradeteatro.com\/wp-content\/uploads\/2025\/05\/logo_obradeteatro_1.png\",\"contentUrl\":\"https:\/\/obradeteatro.com\/wp-content\/uploads\/2025\/05\/logo_obradeteatro_1.png\",\"width\":1200,\"height\":668,\"caption\":\"Obra de Teatro.com\"},\"image\":{\"@id\":\"https:\/\/obradeteatro.com\/ca\/#\/schema\/logo\/image\/\"},\"sameAs\":[\"https:\/\/www.facebook.com\/profile.php?id=61574978804537\",\"https:\/\/www.instagram.com\/obradeteatroivanmartin\"]}]}<\/script>\n<!-- \/ Yoast SEO plugin. -->","yoast_head_json":{"title":"Preguntes freq\u00fcents (FAQ) - Obra de Teatro.com","description":"FAQ Preguntes Freq\u00fcents, on responem les teves preguntes m\u00e9s comunes sobre com comprar una obra de teatre, les condicions, processos,...","robots":{"index":"index","follow":"follow","max-snippet":"max-snippet:-1","max-image-preview":"max-image-preview:large","max-video-preview":"max-video-preview:-1"},"canonical":"https:\/\/obradeteatro.com\/ca\/preguntes-frequents-faq\/","og_locale":"ca_ES","og_type":"article","og_title":"Preguntes freq\u00fcents (FAQ) - Obra de Teatro.com","og_description":"FAQ Preguntes Freq\u00fcents, on responem les teves preguntes m\u00e9s comunes sobre com comprar una obra de teatre, les condicions, processos,...","og_url":"https:\/\/obradeteatro.com\/ca\/preguntes-frequents-faq\/","og_site_name":"Obra de Teatro.com","article_publisher":"https:\/\/www.facebook.com\/profile.php?id=61574978804537","article_modified_time":"2025-08-19T15:05:54+00:00","twitter_card":"summary_large_image","twitter_misc":{"Temps estimat de lectura":"1 minut"},"schema":{"@context":"https:\/\/schema.org","@graph":[{"@type":"WebPage","@id":"https:\/\/obradeteatro.com\/ca\/preguntes-frequents-faq\/","url":"https:\/\/obradeteatro.com\/ca\/preguntes-frequents-faq\/","name":"Preguntes freq\u00fcents (FAQ) - Obra de Teatro.com","isPartOf":{"@id":"https:\/\/obradeteatro.com\/ca\/#website"},"datePublished":"2025-08-15T13:44:51+00:00","dateModified":"2025-08-19T15:05:54+00:00","description":"FAQ Preguntes Freq\u00fcents, on responem les teves preguntes m\u00e9s comunes sobre com comprar una obra de teatre, les condicions, processos,...","breadcrumb":{"@id":"https:\/\/obradeteatro.com\/ca\/preguntes-frequents-faq\/#breadcrumb"},"inLanguage":"ca","potentialAction":[{"@type":"ReadAction","target":["https:\/\/obradeteatro.com\/ca\/preguntes-frequents-faq\/"]}]},{"@type":"BreadcrumbList","@id":"https:\/\/obradeteatro.com\/ca\/preguntes-frequents-faq\/#breadcrumb","itemListElement":[{"@type":"ListItem","position":1,"name":"Home","item":"https:\/\/obradeteatro.com\/ca\/inici\/"},{"@type":"ListItem","position":2,"name":"Preguntes freq\u00fcents (FAQ)"}]},{"@type":"WebSite","@id":"https:\/\/obradeteatro.com\/ca\/#website","url":"https:\/\/obradeteatro.com\/ca\/","name":"Obra de Teatro.com","description":"","publisher":{"@id":"https:\/\/obradeteatro.com\/ca\/#organization"},"potentialAction":[{"@type":"SearchAction","target":{"@type":"EntryPoint","urlTemplate":"https:\/\/obradeteatro.com\/ca\/?s={search_term_string}"},"query-input":{"@type":"PropertyValueSpecification","valueRequired":true,"valueName":"search_term_string"}}],"inLanguage":"ca"},{"@type":"Organization","@id":"https:\/\/obradeteatro.com\/ca\/#organization","name":"Obra de Teatro.com","url":"https:\/\/obradeteatro.com\/ca\/","logo":{"@type":"ImageObject","inLanguage":"ca","@id":"https:\/\/obradeteatro.com\/ca\/#\/schema\/logo\/image\/","url":"https:\/\/obradeteatro.com\/wp-content\/uploads\/2025\/05\/logo_obradeteatro_1.png","contentUrl":"https:\/\/obradeteatro.com\/wp-content\/uploads\/2025\/05\/logo_obradeteatro_1.png","width":1200,"height":668,"caption":"Obra de Teatro.com"},"image":{"@id":"https:\/\/obradeteatro.com\/ca\/#\/schema\/logo\/image\/"},"sameAs":["https:\/\/www.facebook.com\/profile.php?id=61574978804537","https:\/\/www.instagram.com\/obradeteatroivanmartin"]}]}},"jetpack_sharing_enabled":true,"_links":{"self":[{"href":"https:\/\/obradeteatro.com\/ca\/wp-json\/wp\/v2\/pages\/7273","targetHints":{"allow":["GET"]}}],"collection":[{"href":"https:\/\/obradeteatro.com\/ca\/wp-json\/wp\/v2\/pages"}],"about":[{"href":"https:\/\/obradeteatro.com\/ca\/wp-json\/wp\/v2\/types\/page"}],"author":[{"embeddable":true,"href":"https:\/\/obradeteatro.com\/ca\/wp-json\/wp\/v2\/users\/1"}],"replies":[{"embeddable":true,"href":"https:\/\/obradeteatro.com\/ca\/wp-json\/wp\/v2\/comments?post=7273"}],"version-history":[{"count":7,"href":"https:\/\/obradeteatro.com\/ca\/wp-json\/wp\/v2\/pages\/7273\/revisions"}],"predecessor-version":[{"id":7351,"href":"https:\/\/obradeteatro.com\/ca\/wp-json\/wp\/v2\/pages\/7273\/revisions\/7351"}],"wp:attachment":[{"href":"https:\/\/obradeteatro.com\/ca\/wp-json\/wp\/v2\/media?parent=7273"}],"curies":[{"name":"wp","href":"https:\/\/api.w.org\/{rel}","templated":true}]}}