{"id":7278,"date":"2025-08-15T12:38:42","date_gmt":"2025-08-15T12:38:42","guid":{"rendered":"https:\/\/obradeteatro.com\/obra-de-teatre-mama-vull-ser-artista\/"},"modified":"2025-08-20T09:45:52","modified_gmt":"2025-08-20T09:45:52","slug":"obra-de-teatre-mama-vull-ser-artista","status":"publish","type":"page","link":"https:\/\/obradeteatro.com\/ca\/obra-de-teatre-mama-vull-ser-artista\/","title":{"rendered":"Obra de Teatre &#8211; Mama, vull ser artista!"},"content":{"rendered":"\t\t<div data-elementor-type=\"wp-page\" data-elementor-id=\"7278\" class=\"elementor elementor-7278 elementor-5853\">\n\t\t\t\t<div class=\"elementor-element elementor-element-7d0a7f57 e-flex e-con-boxed e-con e-parent\" data-id=\"7d0a7f57\" data-element_type=\"container\">\n\t\t\t\t\t<div class=\"e-con-inner\">\n\t\t\t\t<div class=\"elementor-element elementor-element-6ae5f56 elementor-widget elementor-widget-qi_addons_for_elementor_section_title\" data-id=\"6ae5f56\" data-element_type=\"widget\" data-widget_type=\"qi_addons_for_elementor_section_title.default\">\n\t\t\t\t<div class=\"elementor-widget-container\">\n\t\t\t\t\t<div class=\"qodef-shortcode qodef-m qodef-qi-section-title qodef-decoration--italic qodef-link--underline-draw qodef-subtitle-icon--left\">\n\t\t\t\t<h5 class=\"qodef-m-subtitle\">\n\t\tObra de Teatre\t\t\t<\/h5>\n\t\t\t<h2 class=\"qodef-m-title\">\n\t\tMama, vull ser artista!\t<\/h2>\n\t\t\t<\/div>\n\t\t\t\t<\/div>\n\t\t\t\t<\/div>\n\t\t\t\t<div class=\"elementor-element elementor-element-498ae0c elementor-widget elementor-widget-html\" data-id=\"498ae0c\" data-element_type=\"widget\" data-widget_type=\"html.default\">\n\t\t\t\t<div class=\"elementor-widget-container\">\n\t\t\t\t\t<script src=\"https:\/\/gumroad.com\/js\/gumroad.js\"><\/script>\t\t\t\t<\/div>\n\t\t\t\t<\/div>\n\t\t\t\t<div class=\"elementor-element elementor-element-1e3b7df elementor-widget elementor-widget-image\" data-id=\"1e3b7df\" data-element_type=\"widget\" data-widget_type=\"image.default\">\n\t\t\t\t<div class=\"elementor-widget-container\">\n\t\t\t\t\t\t\t\t\t\t\t\t\t\t\t<img fetchpriority=\"high\" decoding=\"async\" width=\"1024\" height=\"1024\" src=\"https:\/\/obradeteatro.com\/wp-content\/uploads\/2025\/07\/MAMA-JO-VULL.jpg\" class=\"attachment-large size-large wp-image-7242\" alt=\"Imagen Obra de Teatro Mam\u00e1, \u00a1Quiero ser artista!\" srcset=\"https:\/\/obradeteatro.com\/wp-content\/uploads\/2025\/07\/MAMA-JO-VULL.jpg 1024w, https:\/\/obradeteatro.com\/wp-content\/uploads\/2025\/07\/MAMA-JO-VULL-300x300.jpg 300w, https:\/\/obradeteatro.com\/wp-content\/uploads\/2025\/07\/MAMA-JO-VULL-150x150.jpg 150w, https:\/\/obradeteatro.com\/wp-content\/uploads\/2025\/07\/MAMA-JO-VULL-768x768.jpg 768w, https:\/\/obradeteatro.com\/wp-content\/uploads\/2025\/07\/MAMA-JO-VULL-650x650.jpg 650w, https:\/\/obradeteatro.com\/wp-content\/uploads\/2025\/07\/MAMA-JO-VULL-600x600.jpg 600w, https:\/\/obradeteatro.com\/wp-content\/uploads\/2025\/07\/MAMA-JO-VULL-100x100.jpg 100w\" sizes=\"(max-width: 1024px) 100vw, 1024px\" \/>\t\t\t\t\t\t\t\t\t\t\t\t\t\t\t<\/div>\n\t\t\t\t<\/div>\n\t\t<div class=\"elementor-element elementor-element-509d96c e-grid e-con-full e-con e-child\" data-id=\"509d96c\" data-element_type=\"container\">\n\t\t\t\t<div class=\"elementor-element elementor-element-0ffd641 elementor-widget elementor-widget-belletrist_core_button\" data-id=\"0ffd641\" data-element_type=\"widget\" data-widget_type=\"belletrist_core_button.default\">\n\t\t\t\t<div class=\"elementor-widget-container\">\n\t\t\t\t\t<a class=\"qodef-shortcode qodef-m  qodef-button qodef-layout--outlined  qodef-html--link\" href=\"https:\/\/obradeteatro.gumroad.com\/l\/nbhmq\" target=\"_self\"  >\n\t<span class=\"qodef-m-text\">Comprar (Catal\u00e0)<\/span>\n<\/a>\t\t\t\t<\/div>\n\t\t\t\t<\/div>\n\t\t\t\t<div class=\"elementor-element elementor-element-cb26e6f elementor-widget elementor-widget-belletrist_core_button\" data-id=\"cb26e6f\" data-element_type=\"widget\" data-widget_type=\"belletrist_core_button.default\">\n\t\t\t\t<div class=\"elementor-widget-container\">\n\t\t\t\t\t<a class=\"qodef-shortcode qodef-m  qodef-button qodef-layout--outlined  qodef-html--link\" href=\"https:\/\/obradeteatro.gumroad.com\/l\/dmzus\" target=\"_self\"  >\n\t<span class=\"qodef-m-text\">Comprar (Castell\u00e0)<\/span>\n<\/a>\t\t\t\t<\/div>\n\t\t\t\t<\/div>\n\t\t\t\t<div class=\"elementor-element elementor-element-c28b1c4 elementor-widget elementor-widget-belletrist_core_button\" data-id=\"c28b1c4\" data-element_type=\"widget\" data-widget_type=\"belletrist_core_button.default\">\n\t\t\t\t<div class=\"elementor-widget-container\">\n\t\t\t\t\t<a class=\"qodef-shortcode qodef-m  qodef-button qodef-layout--outlined  qodef-html--link\" href=\"https:\/\/obradeteatro.gumroad.com\/l\/oeaea\" target=\"_self\"  >\n\t<span class=\"qodef-m-text\">Comprar (Ambas)<\/span>\n<\/a>\t\t\t\t<\/div>\n\t\t\t\t<\/div>\n\t\t\t\t<\/div>\n\t\t\t\t<div class=\"elementor-element elementor-element-a63fed8 elementor-widget-divider--view-line elementor-widget elementor-widget-divider\" data-id=\"a63fed8\" data-element_type=\"widget\" data-widget_type=\"divider.default\">\n\t\t\t\t<div class=\"elementor-widget-container\">\n\t\t\t\t\t\t\t<div class=\"elementor-divider\">\n\t\t\t<span class=\"elementor-divider-separator\">\n\t\t\t\t\t\t<\/span>\n\t\t<\/div>\n\t\t\t\t\t\t<\/div>\n\t\t\t\t<\/div>\n\t\t\t\t<div class=\"elementor-element elementor-element-e20e6c7 elementor-widget elementor-widget-belletrist_core_section_title\" data-id=\"e20e6c7\" data-element_type=\"widget\" data-widget_type=\"belletrist_core_section_title.default\">\n\t\t\t\t<div class=\"elementor-widget-container\">\n\t\t\t\t\t<div class=\"qodef-shortcode qodef-m  qodef-section-title qodef-alignment--left \">\n\t\t\t<h2 class=\"qodef-m-title\" >\n\t\t\t\t\tVer una muestra de la obra:\t\t\t<\/h2>\n\t\t<span class=\"qodef-m-separator\" ><\/span>\n\t<\/div>\t\t\t\t<\/div>\n\t\t\t\t<\/div>\n\t\t\t\t<div class=\"elementor-element elementor-element-720bf7e elementor-widget elementor-widget-belletrist_core_accordion\" data-id=\"720bf7e\" data-element_type=\"widget\" data-widget_type=\"belletrist_core_accordion.default\">\n\t\t\t\t<div class=\"elementor-widget-container\">\n\t\t\t\t\t<div class=\"qodef-shortcode qodef-m  qodef-accordion clear qodef-behavior--toggle qodef-layout--simple\">\n\t<p class=\"qodef-accordion-title\">\n\t<span class=\"qodef-tab-title\">\n\t\tMostra amb 10 personatges en Catal\u00e0\t<\/span>\n\t<span class=\"qodef-accordion-mark\">\n\t\t<span class=\"qodef-icon--plus\">+<\/span>\n\t\t<span class=\"qodef-icon--minus\">-<\/span>\n\t<\/span>\n<\/p>\n<div class=\"qodef-accordion-content\">\n\t<div class=\"qodef-accordion-content-inner\">\n\t\t<p>Descarregar o veure mostra en PDF aqu\u00ed: <button style=\"border: none; color: white; padding: 15px 32px; text-align: center; text-decoration: none; display: inline-block; font-size: 16px; margin: 4px 2px; cursor: pointer; background-color: #000000;\" type=\"button\"><a style=\"color: white;\" href=\"https:\/\/obradeteatro.com\/muestras\/mama-quiero-ser-artista\/CAT-10p-Mostra-Mama-Jo-Vull-Ser-Artista-Ivan-Martin.pdf\" target=\"_blank\" rel=\"noopener\">Descarregar<\/a><\/button><\/p>\t<\/div>\n<\/div><p class=\"qodef-accordion-title\">\n\t<span class=\"qodef-tab-title\">\n\t\tMostra amb 9 personatges en Catal\u00e0\t<\/span>\n\t<span class=\"qodef-accordion-mark\">\n\t\t<span class=\"qodef-icon--plus\">+<\/span>\n\t\t<span class=\"qodef-icon--minus\">-<\/span>\n\t<\/span>\n<\/p>\n<div class=\"qodef-accordion-content\">\n\t<div class=\"qodef-accordion-content-inner\">\n\t\t<p>Descarregar o veure mostra en PDF aqu\u00ed: <button style=\"border: none; color: white; padding: 15px 32px; text-align: center; text-decoration: none; display: inline-block; font-size: 16px; margin: 4px 2px; cursor: pointer; background-color: #000000;\" type=\"button\"><a style=\"color: white;\" href=\"https:\/\/obradeteatro.com\/muestras\/mama-quiero-ser-artista\/CAT-9p-Mostra-Mama-Jo-Vull-Ser-Artista-Ivan-Martin.pdf\" target=\"_blank\" rel=\"noopener\">Descarregar<\/a><\/button><\/p>\t<\/div>\n<\/div><p class=\"qodef-accordion-title\">\n\t<span class=\"qodef-tab-title\">\n\t\tMostra amb 10 personatges en Castell\u00e0\t<\/span>\n\t<span class=\"qodef-accordion-mark\">\n\t\t<span class=\"qodef-icon--plus\">+<\/span>\n\t\t<span class=\"qodef-icon--minus\">-<\/span>\n\t<\/span>\n<\/p>\n<div class=\"qodef-accordion-content\">\n\t<div class=\"qodef-accordion-content-inner\">\n\t\t<p>Descarregar o veure mostra en PDF aqu\u00ed: <button style=\"border: none; color: white; padding: 15px 32px; text-align: center; text-decoration: none; display: inline-block; font-size: 16px; margin: 4px 2px; cursor: pointer; background-color: #000000;\" type=\"button\"><a style=\"color: white;\" href=\"https:\/\/obradeteatro.com\/muestras\/mama-quiero-ser-artista\/ES-10p-Muestra-Mama-Quiero-Ser-Artista-Ivan-Martin.pdf\" target=\"_blank\" rel=\"noopener\">Descarregar<\/a><\/button><\/p>\t<\/div>\n<\/div><p class=\"qodef-accordion-title\">\n\t<span class=\"qodef-tab-title\">\n\t\tMostra amb 9 personatges en Castell\u00e0\t<\/span>\n\t<span class=\"qodef-accordion-mark\">\n\t\t<span class=\"qodef-icon--plus\">+<\/span>\n\t\t<span class=\"qodef-icon--minus\">-<\/span>\n\t<\/span>\n<\/p>\n<div class=\"qodef-accordion-content\">\n\t<div class=\"qodef-accordion-content-inner\">\n\t\t<p>Descarregar o veure mostra en PDF aqu\u00ed: <button style=\"border: none; color: white; padding: 15px 32px; text-align: center; text-decoration: none; display: inline-block; font-size: 16px; margin: 4px 2px; cursor: pointer; background-color: #000000;\" type=\"button\"><a style=\"color: white;\" href=\"https:\/\/obradeteatro.com\/muestras\/mama-quiero-ser-artista\/ES-9p-Muestra-Mama-Quiero-Ser-Artista-Ivan-Martin.pdf\" target=\"_blank\" rel=\"noopener\">Descarregar<\/a><\/button><\/p>\t<\/div>\n<\/div><\/div>\t\t\t\t<\/div>\n\t\t\t\t<\/div>\n\t\t\t\t<div class=\"elementor-element elementor-element-736fb6d elementor-widget-divider--view-line elementor-widget elementor-widget-divider\" data-id=\"736fb6d\" data-element_type=\"widget\" data-widget_type=\"divider.default\">\n\t\t\t\t<div class=\"elementor-widget-container\">\n\t\t\t\t\t\t\t<div class=\"elementor-divider\">\n\t\t\t<span class=\"elementor-divider-separator\">\n\t\t\t\t\t\t<\/span>\n\t\t<\/div>\n\t\t\t\t\t\t<\/div>\n\t\t\t\t<\/div>\n\t\t\t\t<div class=\"elementor-element elementor-element-7c13b98 elementor-widget elementor-widget-spacer\" data-id=\"7c13b98\" data-element_type=\"widget\" data-widget_type=\"spacer.default\">\n\t\t\t\t<div class=\"elementor-widget-container\">\n\t\t\t\t\t\t\t<div class=\"elementor-spacer\">\n\t\t\t<div class=\"elementor-spacer-inner\"><\/div>\n\t\t<\/div>\n\t\t\t\t\t\t<\/div>\n\t\t\t\t<\/div>\n\t\t\t\t<div class=\"elementor-element elementor-element-4efcf29 elementor-widget elementor-widget-belletrist_core_section_title\" data-id=\"4efcf29\" data-element_type=\"widget\" data-widget_type=\"belletrist_core_section_title.default\">\n\t\t\t\t<div class=\"elementor-widget-container\">\n\t\t\t\t\t<div class=\"qodef-shortcode qodef-m  qodef-section-title qodef-alignment--left \">\n\t\t\t<h2 class=\"qodef-m-title\" >\n\t\t\t\t\tSobre la obra de teatro:\t\t\t<\/h2>\n\t\t<span class=\"qodef-m-separator\" ><\/span>\n\t<\/div>\t\t\t\t<\/div>\n\t\t\t\t<\/div>\n\t\t\t\t<div class=\"elementor-element elementor-element-3e6710fb elementor-widget elementor-widget-text-editor\" data-id=\"3e6710fb\" data-element_type=\"widget\" data-widget_type=\"text-editor.default\">\n\t\t\t\t<div class=\"elementor-widget-container\">\n\t\t\t\t\t\t\t\t\t<p><strong>T\u00cdTOL: <em>Mama, vull ser artista!<\/em><\/strong><\/p><p><strong>G\u00c8NERE<\/strong>: Com\u00e8dia.<\/p><p><strong>SINOPSI<\/strong>: <span lang=\"ES\">Un grup de nenes s&#8217;apunta a un c\u00e0sting per fer una pel\u00b7l\u00edcula, per\u00f2 no s&#8217;esperen que les seves mares s&#8217;ho prenguin m\u00e9s seriosament que elles.<\/span><\/p><p><strong>EDAT INT\u00c8RPRETS<\/strong>:  <span lang=\"ES\">7 anys en endavant. Un personatge apte per a int\u00e8rprets m\u00e9s joves. <\/span><\/p><p><strong>DURADA<\/strong>: 15-20 min<\/p><p><strong>LLENG\u00dcES DISPONIBLES<\/strong>: <a href=\"#\">Castell\u00e0<\/a> \/ <a href=\"#\">Catal\u00e0<\/a><\/p><p><strong>NOMBRE DE P\u00c0GINES<\/strong>: 14\/13 p\u00e0gines<\/p><p><strong>PERSONATGES. NOMBRE I G\u00c8NERE <\/strong>:<\/p><p>\u00b7 <strong>VERSI\u00d3 10 PERSONATGES<\/strong>: 10 FEM. (Es pot realitzar amb 9 int\u00e8rprets.) <\/p><p>\u00b7 <strong>VERSI\u00d3 9 PERSONATGES<\/strong>: 9 FEM. (Es pot realitzar amb 8 int\u00e8rprets.) <\/p><p><strong>G\u00c8NERE INT\u00c8RPRETS<\/strong>:<\/p><ul><li>l&#8217;obra va ser escrita per ser interpretada per un grup de nenes. Si nom\u00e9s tens un nen al grup, potser pot fer el paper d&#8217;ORGANITZADOR, i sortir una mica a la pantomima. <\/li><\/ul><p><strong>ESPAIS ESC\u00c8NICS<\/strong>:<\/p><ul><li>diferents habitacions de cases.<\/li><li>carrer amb banc i paperera.<\/li><li>Sala d&#8217;espera per a una audici\u00f3 (5 cadires m\u00e0xim.)<\/li><\/ul><p><strong>DECORAT<\/strong>: senzill. L&#8217;obra pot funcionar sense escenografia. Amb 1 taula petita i 4 cadires, es pot fer el muntatge.  <\/p><p><strong>DIFICULTAT<\/strong>: f\u00e0cil.<\/p><p><strong>MATERIAL GR\u00c0FIC<\/strong>: no disponible.<\/p><p data-pm-slice=\"1 1 []\"><strong>VERSI\u00d3 A LA VENDA INCLOU<\/strong>:<\/p><ul><li>Obra en format PDF i en format WORD editable.<\/li><li>Fulls i r\u00e8pliques numerades.<\/li><li>Consells d&#8217;escenografia.<\/li><li>Apunts m\u00ednims sobre vestuari.<\/li><li>Apunts m\u00ednims sobre espai sonor.<\/li><li>Apunts m\u00ednims sobre particularitats de l&#8217;obra.<\/li><li>Taula amb necessitats d&#8217;Atrezzo i Escenografia.<\/li><\/ul><p>Per con\u00e8ixer les condicions d&#8217;\u00fas de les nostres obres de teatre, fes clic <a href=\"https:\/\/obradeteatro.com\/ca\/condicions-dus-de-les-obres-de-teatre\/\">aqu\u00ed<\/a>. Si tens preguntes, visita la nostra p\u00e0gina de preguntes freq\u00fcents <a href=\"https:\/\/obradeteatro.com\/ca\/preguntes-frequents-faq\/\">aqu\u00ed<\/a>. <\/p>\t\t\t\t\t\t\t\t<\/div>\n\t\t\t\t<\/div>\n\t\t<div class=\"elementor-element elementor-element-90c4978 e-grid e-con-full e-con e-child\" data-id=\"90c4978\" data-element_type=\"container\">\n\t\t\t\t<div class=\"elementor-element elementor-element-d41343d elementor-widget elementor-widget-belletrist_core_button\" data-id=\"d41343d\" data-element_type=\"widget\" data-widget_type=\"belletrist_core_button.default\">\n\t\t\t\t<div class=\"elementor-widget-container\">\n\t\t\t\t\t<a class=\"qodef-shortcode qodef-m  qodef-button qodef-layout--outlined  qodef-html--link\" href=\"https:\/\/obradeteatro.gumroad.com\/l\/nbhmq\" target=\"_self\"  >\n\t<span class=\"qodef-m-text\">Comprar (Catal\u00e0)<\/span>\n<\/a>\t\t\t\t<\/div>\n\t\t\t\t<\/div>\n\t\t\t\t<div class=\"elementor-element elementor-element-2bc0782 elementor-widget elementor-widget-belletrist_core_button\" data-id=\"2bc0782\" data-element_type=\"widget\" data-widget_type=\"belletrist_core_button.default\">\n\t\t\t\t<div class=\"elementor-widget-container\">\n\t\t\t\t\t<a class=\"qodef-shortcode qodef-m  qodef-button qodef-layout--outlined  qodef-html--link\" href=\"https:\/\/obradeteatro.gumroad.com\/l\/dmzus\" target=\"_self\"  >\n\t<span class=\"qodef-m-text\">Comprar (Castell\u00e0)<\/span>\n<\/a>\t\t\t\t<\/div>\n\t\t\t\t<\/div>\n\t\t\t\t<div class=\"elementor-element elementor-element-b1266e7 elementor-widget elementor-widget-belletrist_core_button\" data-id=\"b1266e7\" data-element_type=\"widget\" data-widget_type=\"belletrist_core_button.default\">\n\t\t\t\t<div class=\"elementor-widget-container\">\n\t\t\t\t\t<a class=\"qodef-shortcode qodef-m  qodef-button qodef-layout--outlined  qodef-html--link\" href=\"https:\/\/obradeteatro.gumroad.com\/l\/oeaea\" target=\"_self\"  >\n\t<span class=\"qodef-m-text\">Comprar (Ambas)<\/span>\n<\/a>\t\t\t\t<\/div>\n\t\t\t\t<\/div>\n\t\t\t\t<\/div>\n\t\t\t\t\t<\/div>\n\t\t\t\t<\/div>\n\t\t\t\t<\/div>\n\t\t","protected":false},"excerpt":{"rendered":"<p>Obra de Teatre Mama, vull ser artista! Comprar (Catal\u00e0) Comprar (Castell\u00e0) Comprar (Ambas) Ver una muestra de la obra: Mostra amb 10 personatges en Catal\u00e0 + &#8211; Descarregar o veure mostra en PDF aqu\u00ed: Descarregar Mostra amb 9 personatges en Catal\u00e0 + &#8211; Descarregar o veure mostra en PDF aqu\u00ed: Descarregar Mostra amb 10 personatges [&hellip;]<\/p>\n","protected":false},"author":1,"featured_media":7242,"parent":0,"menu_order":0,"comment_status":"closed","ping_status":"closed","template":"","meta":{"_themeisle_gutenberg_block_has_review":false,"footnotes":""},"class_list":["post-7278","page","type-page","status-publish","has-post-thumbnail","hentry"],"yoast_head":"<!-- This site is optimized with the Yoast SEO plugin v26.0 - https:\/\/yoast.com\/wordpress\/plugins\/seo\/ -->\n<title>Obra de Teatre - Mama, vull ser artista! - Obra de Teatro.com<\/title>\n<meta name=\"description\" content=\"Mama, vull ser Artista! \u00e9s una obra de teatre escrita per realitzar amb nens majors de 7 anys i grups educatius amb...\" \/>\n<meta name=\"robots\" content=\"index, follow, max-snippet:-1, max-image-preview:large, max-video-preview:-1\" \/>\n<link rel=\"canonical\" href=\"https:\/\/obradeteatro.com\/ca\/obra-de-teatre-mama-vull-ser-artista\/\" \/>\n<meta property=\"og:locale\" content=\"ca_ES\" \/>\n<meta property=\"og:type\" content=\"article\" \/>\n<meta property=\"og:title\" content=\"Obra de Teatre - Mama, vull ser artista! - Obra de Teatro.com\" \/>\n<meta property=\"og:description\" content=\"Mama, vull ser Artista! \u00e9s una obra de teatre escrita per realitzar amb nens majors de 7 anys i grups educatius amb...\" \/>\n<meta property=\"og:url\" content=\"https:\/\/obradeteatro.com\/ca\/obra-de-teatre-mama-vull-ser-artista\/\" \/>\n<meta property=\"og:site_name\" content=\"Obra de Teatro.com\" \/>\n<meta property=\"article:publisher\" content=\"https:\/\/www.facebook.com\/profile.php?id=61574978804537\" \/>\n<meta property=\"article:modified_time\" content=\"2025-08-20T09:45:52+00:00\" \/>\n<meta property=\"og:image\" content=\"https:\/\/obradeteatro.com\/wp-content\/uploads\/2025\/07\/MAMA-JO-VULL.jpg\" \/>\n\t<meta property=\"og:image:width\" content=\"1024\" \/>\n\t<meta property=\"og:image:height\" content=\"1024\" \/>\n\t<meta property=\"og:image:type\" content=\"image\/jpeg\" \/>\n<meta name=\"twitter:card\" content=\"summary_large_image\" \/>\n<meta name=\"twitter:label1\" content=\"Temps estimat de lectura\" \/>\n\t<meta name=\"twitter:data1\" content=\"2 minuts\" \/>\n<script type=\"application\/ld+json\" class=\"yoast-schema-graph\">{\"@context\":\"https:\/\/schema.org\",\"@graph\":[{\"@type\":\"WebPage\",\"@id\":\"https:\/\/obradeteatro.com\/ca\/obra-de-teatre-mama-vull-ser-artista\/\",\"url\":\"https:\/\/obradeteatro.com\/ca\/obra-de-teatre-mama-vull-ser-artista\/\",\"name\":\"Obra de Teatre - Mama, vull ser artista! - Obra de Teatro.com\",\"isPartOf\":{\"@id\":\"https:\/\/obradeteatro.com\/ca\/#website\"},\"primaryImageOfPage\":{\"@id\":\"https:\/\/obradeteatro.com\/ca\/obra-de-teatre-mama-vull-ser-artista\/#primaryimage\"},\"image\":{\"@id\":\"https:\/\/obradeteatro.com\/ca\/obra-de-teatre-mama-vull-ser-artista\/#primaryimage\"},\"thumbnailUrl\":\"https:\/\/obradeteatro.com\/wp-content\/uploads\/2025\/07\/MAMA-JO-VULL.jpg\",\"datePublished\":\"2025-08-15T12:38:42+00:00\",\"dateModified\":\"2025-08-20T09:45:52+00:00\",\"description\":\"Mama, vull ser Artista! \u00e9s una obra de teatre escrita per realitzar amb nens majors de 7 anys i grups educatius amb...\",\"breadcrumb\":{\"@id\":\"https:\/\/obradeteatro.com\/ca\/obra-de-teatre-mama-vull-ser-artista\/#breadcrumb\"},\"inLanguage\":\"ca\",\"potentialAction\":[{\"@type\":\"ReadAction\",\"target\":[\"https:\/\/obradeteatro.com\/ca\/obra-de-teatre-mama-vull-ser-artista\/\"]}]},{\"@type\":\"ImageObject\",\"inLanguage\":\"ca\",\"@id\":\"https:\/\/obradeteatro.com\/ca\/obra-de-teatre-mama-vull-ser-artista\/#primaryimage\",\"url\":\"https:\/\/obradeteatro.com\/wp-content\/uploads\/2025\/07\/MAMA-JO-VULL.jpg\",\"contentUrl\":\"https:\/\/obradeteatro.com\/wp-content\/uploads\/2025\/07\/MAMA-JO-VULL.jpg\",\"width\":1024,\"height\":1024,\"caption\":\"Imagen Obra de Teatro Mam\u00e1, \u00a1Quiero ser artista!\"},{\"@type\":\"BreadcrumbList\",\"@id\":\"https:\/\/obradeteatro.com\/ca\/obra-de-teatre-mama-vull-ser-artista\/#breadcrumb\",\"itemListElement\":[{\"@type\":\"ListItem\",\"position\":1,\"name\":\"Home\",\"item\":\"https:\/\/obradeteatro.com\/ca\/inici\/\"},{\"@type\":\"ListItem\",\"position\":2,\"name\":\"Obra de Teatre &#8211; Mama, vull ser artista!\"}]},{\"@type\":\"WebSite\",\"@id\":\"https:\/\/obradeteatro.com\/ca\/#website\",\"url\":\"https:\/\/obradeteatro.com\/ca\/\",\"name\":\"Obra de Teatro.com\",\"description\":\"\",\"publisher\":{\"@id\":\"https:\/\/obradeteatro.com\/ca\/#organization\"},\"potentialAction\":[{\"@type\":\"SearchAction\",\"target\":{\"@type\":\"EntryPoint\",\"urlTemplate\":\"https:\/\/obradeteatro.com\/ca\/?s={search_term_string}\"},\"query-input\":{\"@type\":\"PropertyValueSpecification\",\"valueRequired\":true,\"valueName\":\"search_term_string\"}}],\"inLanguage\":\"ca\"},{\"@type\":\"Organization\",\"@id\":\"https:\/\/obradeteatro.com\/ca\/#organization\",\"name\":\"Obra de Teatro.com\",\"url\":\"https:\/\/obradeteatro.com\/ca\/\",\"logo\":{\"@type\":\"ImageObject\",\"inLanguage\":\"ca\",\"@id\":\"https:\/\/obradeteatro.com\/ca\/#\/schema\/logo\/image\/\",\"url\":\"https:\/\/obradeteatro.com\/wp-content\/uploads\/2025\/05\/logo_obradeteatro_1.png\",\"contentUrl\":\"https:\/\/obradeteatro.com\/wp-content\/uploads\/2025\/05\/logo_obradeteatro_1.png\",\"width\":1200,\"height\":668,\"caption\":\"Obra de Teatro.com\"},\"image\":{\"@id\":\"https:\/\/obradeteatro.com\/ca\/#\/schema\/logo\/image\/\"},\"sameAs\":[\"https:\/\/www.facebook.com\/profile.php?id=61574978804537\",\"https:\/\/www.instagram.com\/obradeteatroivanmartin\"]}]}<\/script>\n<!-- \/ Yoast SEO plugin. -->","yoast_head_json":{"title":"Obra de Teatre - Mama, vull ser artista! - Obra de Teatro.com","description":"Mama, vull ser Artista! \u00e9s una obra de teatre escrita per realitzar amb nens majors de 7 anys i grups educatius amb...","robots":{"index":"index","follow":"follow","max-snippet":"max-snippet:-1","max-image-preview":"max-image-preview:large","max-video-preview":"max-video-preview:-1"},"canonical":"https:\/\/obradeteatro.com\/ca\/obra-de-teatre-mama-vull-ser-artista\/","og_locale":"ca_ES","og_type":"article","og_title":"Obra de Teatre - Mama, vull ser artista! - Obra de Teatro.com","og_description":"Mama, vull ser Artista! \u00e9s una obra de teatre escrita per realitzar amb nens majors de 7 anys i grups educatius amb...","og_url":"https:\/\/obradeteatro.com\/ca\/obra-de-teatre-mama-vull-ser-artista\/","og_site_name":"Obra de Teatro.com","article_publisher":"https:\/\/www.facebook.com\/profile.php?id=61574978804537","article_modified_time":"2025-08-20T09:45:52+00:00","og_image":[{"width":1024,"height":1024,"url":"https:\/\/obradeteatro.com\/wp-content\/uploads\/2025\/07\/MAMA-JO-VULL.jpg","type":"image\/jpeg"}],"twitter_card":"summary_large_image","twitter_misc":{"Temps estimat de lectura":"2 minuts"},"schema":{"@context":"https:\/\/schema.org","@graph":[{"@type":"WebPage","@id":"https:\/\/obradeteatro.com\/ca\/obra-de-teatre-mama-vull-ser-artista\/","url":"https:\/\/obradeteatro.com\/ca\/obra-de-teatre-mama-vull-ser-artista\/","name":"Obra de Teatre - Mama, vull ser artista! - Obra de Teatro.com","isPartOf":{"@id":"https:\/\/obradeteatro.com\/ca\/#website"},"primaryImageOfPage":{"@id":"https:\/\/obradeteatro.com\/ca\/obra-de-teatre-mama-vull-ser-artista\/#primaryimage"},"image":{"@id":"https:\/\/obradeteatro.com\/ca\/obra-de-teatre-mama-vull-ser-artista\/#primaryimage"},"thumbnailUrl":"https:\/\/obradeteatro.com\/wp-content\/uploads\/2025\/07\/MAMA-JO-VULL.jpg","datePublished":"2025-08-15T12:38:42+00:00","dateModified":"2025-08-20T09:45:52+00:00","description":"Mama, vull ser Artista! \u00e9s una obra de teatre escrita per realitzar amb nens majors de 7 anys i grups educatius amb...","breadcrumb":{"@id":"https:\/\/obradeteatro.com\/ca\/obra-de-teatre-mama-vull-ser-artista\/#breadcrumb"},"inLanguage":"ca","potentialAction":[{"@type":"ReadAction","target":["https:\/\/obradeteatro.com\/ca\/obra-de-teatre-mama-vull-ser-artista\/"]}]},{"@type":"ImageObject","inLanguage":"ca","@id":"https:\/\/obradeteatro.com\/ca\/obra-de-teatre-mama-vull-ser-artista\/#primaryimage","url":"https:\/\/obradeteatro.com\/wp-content\/uploads\/2025\/07\/MAMA-JO-VULL.jpg","contentUrl":"https:\/\/obradeteatro.com\/wp-content\/uploads\/2025\/07\/MAMA-JO-VULL.jpg","width":1024,"height":1024,"caption":"Imagen Obra de Teatro Mam\u00e1, \u00a1Quiero ser artista!"},{"@type":"BreadcrumbList","@id":"https:\/\/obradeteatro.com\/ca\/obra-de-teatre-mama-vull-ser-artista\/#breadcrumb","itemListElement":[{"@type":"ListItem","position":1,"name":"Home","item":"https:\/\/obradeteatro.com\/ca\/inici\/"},{"@type":"ListItem","position":2,"name":"Obra de Teatre &#8211; Mama, vull ser artista!"}]},{"@type":"WebSite","@id":"https:\/\/obradeteatro.com\/ca\/#website","url":"https:\/\/obradeteatro.com\/ca\/","name":"Obra de Teatro.com","description":"","publisher":{"@id":"https:\/\/obradeteatro.com\/ca\/#organization"},"potentialAction":[{"@type":"SearchAction","target":{"@type":"EntryPoint","urlTemplate":"https:\/\/obradeteatro.com\/ca\/?s={search_term_string}"},"query-input":{"@type":"PropertyValueSpecification","valueRequired":true,"valueName":"search_term_string"}}],"inLanguage":"ca"},{"@type":"Organization","@id":"https:\/\/obradeteatro.com\/ca\/#organization","name":"Obra de Teatro.com","url":"https:\/\/obradeteatro.com\/ca\/","logo":{"@type":"ImageObject","inLanguage":"ca","@id":"https:\/\/obradeteatro.com\/ca\/#\/schema\/logo\/image\/","url":"https:\/\/obradeteatro.com\/wp-content\/uploads\/2025\/05\/logo_obradeteatro_1.png","contentUrl":"https:\/\/obradeteatro.com\/wp-content\/uploads\/2025\/05\/logo_obradeteatro_1.png","width":1200,"height":668,"caption":"Obra de Teatro.com"},"image":{"@id":"https:\/\/obradeteatro.com\/ca\/#\/schema\/logo\/image\/"},"sameAs":["https:\/\/www.facebook.com\/profile.php?id=61574978804537","https:\/\/www.instagram.com\/obradeteatroivanmartin"]}]}},"jetpack_sharing_enabled":true,"_links":{"self":[{"href":"https:\/\/obradeteatro.com\/ca\/wp-json\/wp\/v2\/pages\/7278","targetHints":{"allow":["GET"]}}],"collection":[{"href":"https:\/\/obradeteatro.com\/ca\/wp-json\/wp\/v2\/pages"}],"about":[{"href":"https:\/\/obradeteatro.com\/ca\/wp-json\/wp\/v2\/types\/page"}],"author":[{"embeddable":true,"href":"https:\/\/obradeteatro.com\/ca\/wp-json\/wp\/v2\/users\/1"}],"replies":[{"embeddable":true,"href":"https:\/\/obradeteatro.com\/ca\/wp-json\/wp\/v2\/comments?post=7278"}],"version-history":[{"count":17,"href":"https:\/\/obradeteatro.com\/ca\/wp-json\/wp\/v2\/pages\/7278\/revisions"}],"predecessor-version":[{"id":7515,"href":"https:\/\/obradeteatro.com\/ca\/wp-json\/wp\/v2\/pages\/7278\/revisions\/7515"}],"wp:featuredmedia":[{"embeddable":true,"href":"https:\/\/obradeteatro.com\/ca\/wp-json\/wp\/v2\/media\/7242"}],"wp:attachment":[{"href":"https:\/\/obradeteatro.com\/ca\/wp-json\/wp\/v2\/media?parent=7278"}],"curies":[{"name":"wp","href":"https:\/\/api.w.org\/{rel}","templated":true}]}}